{"id":46936,"date":"2025-10-13T12:32:54","date_gmt":"2025-10-13T10:32:54","guid":{"rendered":"https:\/\/antart.com.pl\/?post_type=product&#038;p=46936"},"modified":"2026-04-01T20:37:21","modified_gmt":"2026-04-01T18:37:21","slug":"lustro-drewniane-biale-w-stylu-barokowym","status":"publish","type":"product","link":"https:\/\/antart.com.pl\/en\/produkt\/lustro-drewniane-biale-w-stylu-barokowym\/","title":{"rendered":"White wooden mirror in baroque style"},"content":{"rendered":"<h4 style=\"text-align: center;\"><em><strong>White wooden mirror in baroque style<\/strong><\/em><\/h4>\n<h4 style=\"text-align: center;\"><em><strong>Stylowe, drewniane lustro w stylu barokowym. Posiada pi\u0119knie rze\u017abion\u0105, szar\u0105 ram\u0119, kt\u00f3ra nadaje mu elegancki i klasyczny wygl\u0105d. Lustro mo\u017ce by\u0107 \u015bwietnym dodatkiem do salonu lub sypialni, dope\u0142niaj\u0105c wystr\u00f3j w stylu vintage. Produkt u\u017cywany, ale w dobrym stanie.<\/strong><\/em><\/h4>\n<h4><em><strong>Dimensions<\/strong><\/em><\/h4>\n<ul>\n<li>\n<h4><em><strong>width: 82cm<\/strong><\/em><\/h4>\n<\/li>\n<li>\n<h4><em><strong>wysoko\u015b\u0107: 153 cm<\/strong><\/em><\/h4>\n<\/li>\n<\/ul>\n<h4><em><strong>Mirror panel<\/strong><\/em><\/h4>\n<ul>\n<li>\n<h4><em><strong>width: 67cm<\/strong><\/em><\/h4>\n<\/li>\n<li>\n<h4><em><strong>wysoko\u015b\u0107: 138cm<\/strong><\/em><\/h4>\n<\/li>\n<\/ul>\n<h4 style=\"text-align: center;\"><em><strong>NOTE!!!<\/strong><\/em><\/h4>\n<h4 style=\"text-align: center;\"><em><strong>For the sake of safe delivery, in some cases we organise bulk or individual shipping.<\/strong><\/em><\/h4>\n<h4 style=\"text-align: center;\"><em><strong>********************************************************************************<\/strong><\/em><\/h4>\n<h4 style=\"text-align: center;\"><em><strong>The photos show the actual state of the object<\/strong><\/em><\/h4>\n<h4 style=\"text-align: center;\"><em><strong>Additional photos upon request<\/strong><\/em><\/h4>\n<h4 style=\"text-align: center;\"><em><strong>All our items on display are available in our warehouse.<\/strong><\/em><\/h4>\n<h4 style=\"text-align: center;\"><em><strong>Can be viewed by appointment.<\/strong><\/em><\/h4>\n<h4><em><strong>NR. ART 10074<\/strong><\/em><\/h4>","protected":false},"excerpt":{"rendered":"<p>Lustro drewniane bia\u0142e w stylu barokowym Stylowe, drewniane lustro w stylu barokowym. Posiada pi\u0119knie rze\u017abion\u0105, szar\u0105 ram\u0119, kt\u00f3ra nadaje mu elegancki i klasyczny wygl\u0105d. Lustro mo\u017ce by\u0107 \u015bwietnym dodatkiem do salonu lub sypialni, dope\u0142niaj\u0105c wystr\u00f3j w stylu vintage. Produkt u\u017cywany, ale w dobrym stanie. Wymiary szeroko\u015b\u0107: 82cm wysoko\u015b\u0107: 153 cm Tafla lustra szeroko\u015b\u0107: 67cm wysoko\u015b\u0107: [&hellip;]<\/p>\n","protected":false},"featured_media":46937,"template":"","meta":{"_seopress_robots_primary_cat":"","_seopress_titles_title":"","_seopress_titles_desc":"","_seopress_robots_index":"","site-sidebar-layout":"default","site-content-layout":"","ast-site-content-layout":"default","site-content-style":"default","site-sidebar-style":"default","ast-global-header-display":"","ast-banner-title-visibility":"","ast-main-header-display":"","ast-hfb-above-header-display":"","ast-hfb-below-header-display":"","ast-hfb-mobile-header-display":"","site-post-title":"","ast-breadcrumbs-content":"","ast-featured-img":"","footer-sml-layout":"","ast-disable-related-posts":"","theme-transparent-header-meta":"default","adv-header-id-meta":"","stick-header-meta":"default","header-above-stick-meta":"","header-main-stick-meta":"","header-below-stick-meta":"","astra-migrate-meta-layouts":"set","ast-page-background-enabled":"default","ast-page-background-meta":{"desktop":{"background-color":"var(--ast-global-color-4)","background-image":"","background-repeat":"repeat","background-position":"center center","background-size":"auto","background-attachment":"scroll","background-type":"","background-media":"","overlay-type":"","overlay-color":"","overlay-opacity":"","overlay-gradient":""},"tablet":{"background-color":"","background-image":"","background-repeat":"repeat","background-position":"center center","background-size":"auto","background-attachment":"scroll","background-type":"","background-media":"","overlay-type":"","overlay-color":"","overlay-opacity":"","overlay-gradient":""},"mobile":{"background-color":"","background-image":"","background-repeat":"repeat","background-position":"center center","background-size":"auto","background-attachment":"scroll","background-type":"","background-media":"","overlay-type":"","overlay-color":"","overlay-opacity":"","overlay-gradient":""}},"ast-content-background-meta":{"desktop":{"background-color":"var(--ast-global-color-5)","background-image":"","background-repeat":"repeat","background-position":"center center","background-size":"auto","background-attachment":"scroll","background-type":"","background-media":"","overlay-type":"","overlay-color":"","overlay-opacity":"","overlay-gradient":""},"tablet":{"background-color":"var(--ast-global-color-5)","background-image":"","background-repeat":"repeat","background-position":"center center","background-size":"auto","background-attachment":"scroll","background-type":"","background-media":"","overlay-type":"","overlay-color":"","overlay-opacity":"","overlay-gradient":""},"mobile":{"background-color":"var(--ast-global-color-5)","background-image":"","background-repeat":"repeat","background-position":"center center","background-size":"auto","background-attachment":"scroll","background-type":"","background-media":"","overlay-type":"","overlay-color":"","overlay-opacity":"","overlay-gradient":""}}},"product_brand":[],"product_cat":[27,84],"product_tag":[],"class_list":{"0":"post-46936","1":"product","2":"type-product","3":"status-publish","4":"has-post-thumbnail","6":"product_cat-dekoracyjne","7":"product_cat-lustra","8":"product_shipping_class-wysylka-120zl","9":"desktop-align-left","10":"tablet-align-left","11":"mobile-align-left","12":"ast-product-gallery-layout-vertical-slider","13":"ast-product-tabs-layout-horizontal","14":"ast-qv-on-image","16":"first","17":"instock","18":"sale","19":"sold-individually","20":"shipping-taxable","21":"purchasable","22":"product-type-simple"},"_links":{"self":[{"href":"https:\/\/antart.com.pl\/en\/wp-json\/wp\/v2\/product\/46936","targetHints":{"allow":["GET"]}}],"collection":[{"href":"https:\/\/antart.com.pl\/en\/wp-json\/wp\/v2\/product"}],"about":[{"href":"https:\/\/antart.com.pl\/en\/wp-json\/wp\/v2\/types\/product"}],"wp:featuredmedia":[{"embeddable":true,"href":"https:\/\/antart.com.pl\/en\/wp-json\/wp\/v2\/media\/46937"}],"wp:attachment":[{"href":"https:\/\/antart.com.pl\/en\/wp-json\/wp\/v2\/media?parent=46936"}],"wp:term":[{"taxonomy":"product_brand","embeddable":true,"href":"https:\/\/antart.com.pl\/en\/wp-json\/wp\/v2\/product_brand?post=46936"},{"taxonomy":"product_cat","embeddable":true,"href":"https:\/\/antart.com.pl\/en\/wp-json\/wp\/v2\/product_cat?post=46936"},{"taxonomy":"product_tag","embeddable":true,"href":"https:\/\/antart.com.pl\/en\/wp-json\/wp\/v2\/product_tag?post=46936"}],"curies":[{"name":"wp","href":"https:\/\/api.w.org\/{rel}","templated":true}]}}