{"id":47055,"date":"2025-10-13T18:43:29","date_gmt":"2025-10-13T16:43:29","guid":{"rendered":"https:\/\/antart.com.pl\/?post_type=product&#038;p=47055"},"modified":"2026-04-01T20:11:23","modified_gmt":"2026-04-01T18:11:23","slug":"vintage-brass-floor-lamp-with-agate-and-dragon-motif","status":"publish","type":"product","link":"https:\/\/antart.com.pl\/en\/produkt\/lampa-podlogowa-mosiezna-vintage-z-agatem-i-motywem-smoka\/","title":{"rendered":"Vintage brass floor lamp with agate and dragon motif"},"content":{"rendered":"<h4 style=\"text-align: center;\"><em><strong>Vintage brass floor lamp with agate and dragon motif<\/strong><\/em><\/h4>\n<h4 style=\"text-align: center;\"><em><strong>A stylish brass floor lamp with an agate and dragon motif. A unique vintage furnishing piece that will add elegance and character to any room.<\/strong><\/em><\/h4>\n<h4><em><strong>Dimensions:<\/strong><\/em><\/h4>\n<ul>\n<li>\n<h4><em><strong>total height: 100cm<\/strong><\/em><\/h4>\n<\/li>\n<li>\n<h4><em><strong>upper diameter of lampshade: 35cm<\/strong><\/em><\/h4>\n<\/li>\n<li>\n<h4><em><strong>lower diameter of lampshade: 57cm<\/strong><\/em><\/h4>\n<\/li>\n<li>\n<h4><em><strong>height of lampshade: 48cm<\/strong><\/em><\/h4>\n<\/li>\n<li>\n<h4><em><strong>base diameter: 21cm<\/strong><\/em><\/h4>\n<\/li>\n<\/ul>\n<h4 style=\"text-align: center;\"><em><strong>NOTE!!!<\/strong><\/em><\/h4>\n<h4 style=\"text-align: center;\"><em><strong>For the sake of safe delivery, in some cases we organise bulk or individual shipping.<\/strong><\/em><\/h4>\n<h4 style=\"text-align: center;\"><em><strong>**********************************************<\/strong><\/em><\/h4>\n<h4 style=\"text-align: center;\"><em><strong>The photos show the actual state of the object<\/strong><\/em><\/h4>\n<h4 style=\"text-align: center;\"><em><strong>Additional photos upon request<\/strong><\/em><\/h4>\n<h4 style=\"text-align: center;\"><em><strong>All our items on display are available in our warehouse.<\/strong><\/em><\/h4>\n<h4 style=\"text-align: center;\"><em><strong>Can be viewed by appointment.<\/strong><\/em><\/h4>\n<h4><em><strong>NO. ART 10156<\/strong><\/em><\/h4>","protected":false},"excerpt":{"rendered":"<p>Lampa pod\u0142ogowa mosi\u0119\u017cna \u00a0vintage z agatem i motywem smoka Stylowy, mosi\u0119\u017cny lampa pod\u0142ogowa z motywem agat\u00f3w i smoka. Unikatowy, zabytkowy element wyposa\u017cenia wn\u0119trza, kt\u00f3ry doda elegancji i charakteru ka\u017cdemu pomieszczeniu. Wymiary: wysoko\u015b\u0107 ca\u0142kowita:\u00a0 100cm \u015brednica g\u00f3rna klosza: 35cm \u015brednica dolna klosza: 57cm wysoko\u015b\u0107 klosza: 48cm \u015brednica podstawy: 21cm UWAGA!! Ze wzgl\u0119du na bezpieczne dostarczenie towaru, [&hellip;]<\/p>\n","protected":false},"featured_media":47005,"template":"","meta":{"_seopress_robots_primary_cat":"","_seopress_titles_title":"","_seopress_titles_desc":"","_seopress_robots_index":"","site-sidebar-layout":"default","site-content-layout":"","ast-site-content-layout":"default","site-content-style":"default","site-sidebar-style":"default","ast-global-header-display":"","ast-banner-title-visibility":"","ast-main-header-display":"","ast-hfb-above-header-display":"","ast-hfb-below-header-display":"","ast-hfb-mobile-header-display":"","site-post-title":"","ast-breadcrumbs-content":"","ast-featured-img":"","footer-sml-layout":"","ast-disable-related-posts":"","theme-transparent-header-meta":"default","adv-header-id-meta":"","stick-header-meta":"default","header-above-stick-meta":"","header-main-stick-meta":"","header-below-stick-meta":"","astra-migrate-meta-layouts":"set","ast-page-background-enabled":"default","ast-page-background-meta":{"desktop":{"background-color":"var(--ast-global-color-4)","background-image":"","background-repeat":"repeat","background-position":"center center","background-size":"auto","background-attachment":"scroll","background-type":"","background-media":"","overlay-type":"","overlay-color":"","overlay-opacity":"","overlay-gradient":""},"tablet":{"background-color":"","background-image":"","background-repeat":"repeat","background-position":"center center","background-size":"auto","background-attachment":"scroll","background-type":"","background-media":"","overlay-type":"","overlay-color":"","overlay-opacity":"","overlay-gradient":""},"mobile":{"background-color":"","background-image":"","background-repeat":"repeat","background-position":"center center","background-size":"auto","background-attachment":"scroll","background-type":"","background-media":"","overlay-type":"","overlay-color":"","overlay-opacity":"","overlay-gradient":""}},"ast-content-background-meta":{"desktop":{"background-color":"var(--ast-global-color-5)","background-image":"","background-repeat":"repeat","background-position":"center center","background-size":"auto","background-attachment":"scroll","background-type":"","background-media":"","overlay-type":"","overlay-color":"","overlay-opacity":"","overlay-gradient":""},"tablet":{"background-color":"var(--ast-global-color-5)","background-image":"","background-repeat":"repeat","background-position":"center center","background-size":"auto","background-attachment":"scroll","background-type":"","background-media":"","overlay-type":"","overlay-color":"","overlay-opacity":"","overlay-gradient":""},"mobile":{"background-color":"var(--ast-global-color-5)","background-image":"","background-repeat":"repeat","background-position":"center center","background-size":"auto","background-attachment":"scroll","background-type":"","background-media":"","overlay-type":"","overlay-color":"","overlay-opacity":"","overlay-gradient":""}}},"product_brand":[],"product_cat":[52,30],"product_tag":[],"class_list":{"0":"post-47055","1":"product","2":"type-product","3":"status-publish","4":"has-post-thumbnail","6":"product_cat-lampy-stojace","7":"product_cat-oswietlenie","8":"product_shipping_class-wysylka-120zl","9":"desktop-align-left","10":"tablet-align-left","11":"mobile-align-left","12":"ast-product-gallery-layout-vertical-slider","13":"ast-product-tabs-layout-horizontal","14":"ast-qv-on-image","16":"first","17":"instock","18":"sale","19":"sold-individually","20":"shipping-taxable","21":"purchasable","22":"product-type-simple"},"_links":{"self":[{"href":"https:\/\/antart.com.pl\/en\/wp-json\/wp\/v2\/product\/47055","targetHints":{"allow":["GET"]}}],"collection":[{"href":"https:\/\/antart.com.pl\/en\/wp-json\/wp\/v2\/product"}],"about":[{"href":"https:\/\/antart.com.pl\/en\/wp-json\/wp\/v2\/types\/product"}],"wp:featuredmedia":[{"embeddable":true,"href":"https:\/\/antart.com.pl\/en\/wp-json\/wp\/v2\/media\/47005"}],"wp:attachment":[{"href":"https:\/\/antart.com.pl\/en\/wp-json\/wp\/v2\/media?parent=47055"}],"wp:term":[{"taxonomy":"product_brand","embeddable":true,"href":"https:\/\/antart.com.pl\/en\/wp-json\/wp\/v2\/product_brand?post=47055"},{"taxonomy":"product_cat","embeddable":true,"href":"https:\/\/antart.com.pl\/en\/wp-json\/wp\/v2\/product_cat?post=47055"},{"taxonomy":"product_tag","embeddable":true,"href":"https:\/\/antart.com.pl\/en\/wp-json\/wp\/v2\/product_tag?post=47055"}],"curies":[{"name":"wp","href":"https:\/\/api.w.org\/{rel}","templated":true}]}}