{"id":47056,"date":"2025-10-13T19:02:05","date_gmt":"2025-10-13T17:02:05","guid":{"rendered":"https:\/\/antart.com.pl\/?post_type=product&#038;p=47056"},"modified":"2026-04-01T20:11:22","modified_gmt":"2026-04-01T18:11:22","slug":"ceramic-lamp-with-floral-motif-from-the-1960s","status":"publish","type":"product","link":"https:\/\/antart.com.pl\/en\/produkt\/lampa-ceramiczna-z-motywem-kwiatowym-z-lat-60-tych\/","title":{"rendered":"Ceramic lamp with floral motif from the 1960s"},"content":{"rendered":"<h4 style=\"text-align: center;\"><em><strong>Ceramic lamp with floral motif from the 1960s<\/strong><\/em><\/h4>\n<h4 style=\"text-align: center;\"><em><strong>Stylish table lamp with ceramic base in a floral pattern from the 1960s. A classic period design that adds charm to any interior. The lamp is in good condition and ready to use.<\/strong><\/em><\/h4>\n<h4><em><strong>Dimensions:<\/strong><\/em><\/h4>\n<ul>\n<li>\n<h4><em><strong>total height: 63cm<\/strong><\/em><\/h4>\n<\/li>\n<li>\n<h4><em><strong>bottom diameter of lampshade: 38 cm<\/strong><\/em><\/h4>\n<\/li>\n<li>\n<h4><em><strong>upper diameter of lampshade: 16cm<\/strong><\/em><\/h4>\n<\/li>\n<li>\n<h4><em><strong>base diameter: 16 cm<\/strong><\/em><\/h4>\n<\/li>\n<\/ul>\n<h4 style=\"text-align: center;\"><em><strong>The photos show the actual state of the object<\/strong><\/em><\/h4>\n<h4 style=\"text-align: center;\"><em><strong>Additional photos upon request<\/strong><\/em><\/h4>\n<h4 style=\"text-align: center;\"><em><strong>All our items on display are available in our warehouse.<\/strong><\/em><\/h4>\n<h4 style=\"text-align: center;\"><em><strong>Can be viewed by appointment.<\/strong><\/em><\/h4>\n<h4><em><strong>NO. ART 10157<\/strong><\/em><\/h4>","protected":false},"excerpt":{"rendered":"<p>Lampa ceramiczna z motywem kwiatowym z lat 60-tych Stylowa lampa sto\u0142owa z ceramiczn\u0105 podstaw\u0105 w kwiatowy wz\u00f3r z lat 60. Klasyczny design z epoki, kt\u00f3ry dodaje uroku ka\u017cdemu wn\u0119trzu. Lampa jest w dobrym stanie i gotowa do u\u017cytku. Wymiary: wysoko\u015b\u0107 ca\u0142kowita: 63cm \u015brednica dolna klosza: 38 cm \u015brednica g\u00f3rna klosza: 16cm \u015brednica podstawy: 16 cm [&hellip;]<\/p>\n","protected":false},"featured_media":47026,"template":"","meta":{"_seopress_robots_primary_cat":"","_seopress_titles_title":"","_seopress_titles_desc":"","_seopress_robots_index":"","site-sidebar-layout":"default","site-content-layout":"","ast-site-content-layout":"default","site-content-style":"default","site-sidebar-style":"default","ast-global-header-display":"","ast-banner-title-visibility":"","ast-main-header-display":"","ast-hfb-above-header-display":"","ast-hfb-below-header-display":"","ast-hfb-mobile-header-display":"","site-post-title":"","ast-breadcrumbs-content":"","ast-featured-img":"","footer-sml-layout":"","ast-disable-related-posts":"","theme-transparent-header-meta":"default","adv-header-id-meta":"","stick-header-meta":"default","header-above-stick-meta":"","header-main-stick-meta":"","header-below-stick-meta":"","astra-migrate-meta-layouts":"set","ast-page-background-enabled":"default","ast-page-background-meta":{"desktop":{"background-color":"var(--ast-global-color-4)","background-image":"","background-repeat":"repeat","background-position":"center center","background-size":"auto","background-attachment":"scroll","background-type":"","background-media":"","overlay-type":"","overlay-color":"","overlay-opacity":"","overlay-gradient":""},"tablet":{"background-color":"","background-image":"","background-repeat":"repeat","background-position":"center center","background-size":"auto","background-attachment":"scroll","background-type":"","background-media":"","overlay-type":"","overlay-color":"","overlay-opacity":"","overlay-gradient":""},"mobile":{"background-color":"","background-image":"","background-repeat":"repeat","background-position":"center center","background-size":"auto","background-attachment":"scroll","background-type":"","background-media":"","overlay-type":"","overlay-color":"","overlay-opacity":"","overlay-gradient":""}},"ast-content-background-meta":{"desktop":{"background-color":"var(--ast-global-color-5)","background-image":"","background-repeat":"repeat","background-position":"center center","background-size":"auto","background-attachment":"scroll","background-type":"","background-media":"","overlay-type":"","overlay-color":"","overlay-opacity":"","overlay-gradient":""},"tablet":{"background-color":"var(--ast-global-color-5)","background-image":"","background-repeat":"repeat","background-position":"center center","background-size":"auto","background-attachment":"scroll","background-type":"","background-media":"","overlay-type":"","overlay-color":"","overlay-opacity":"","overlay-gradient":""},"mobile":{"background-color":"var(--ast-global-color-5)","background-image":"","background-repeat":"repeat","background-position":"center center","background-size":"auto","background-attachment":"scroll","background-type":"","background-media":"","overlay-type":"","overlay-color":"","overlay-opacity":"","overlay-gradient":""}}},"product_brand":[],"product_cat":[40,30],"product_tag":[],"class_list":{"0":"post-47056","1":"product","2":"type-product","3":"status-publish","4":"has-post-thumbnail","6":"product_cat-lampy-stolowe","7":"product_cat-oswietlenie","8":"product_shipping_class-wysylka-40zl","9":"desktop-align-left","10":"tablet-align-left","11":"mobile-align-left","12":"ast-product-gallery-layout-vertical-slider","13":"ast-product-tabs-layout-horizontal","14":"ast-qv-on-image","16":"first","17":"instock","18":"sale","19":"sold-individually","20":"shipping-taxable","21":"purchasable","22":"product-type-simple"},"_links":{"self":[{"href":"https:\/\/antart.com.pl\/en\/wp-json\/wp\/v2\/product\/47056","targetHints":{"allow":["GET"]}}],"collection":[{"href":"https:\/\/antart.com.pl\/en\/wp-json\/wp\/v2\/product"}],"about":[{"href":"https:\/\/antart.com.pl\/en\/wp-json\/wp\/v2\/types\/product"}],"wp:featuredmedia":[{"embeddable":true,"href":"https:\/\/antart.com.pl\/en\/wp-json\/wp\/v2\/media\/47026"}],"wp:attachment":[{"href":"https:\/\/antart.com.pl\/en\/wp-json\/wp\/v2\/media?parent=47056"}],"wp:term":[{"taxonomy":"product_brand","embeddable":true,"href":"https:\/\/antart.com.pl\/en\/wp-json\/wp\/v2\/product_brand?post=47056"},{"taxonomy":"product_cat","embeddable":true,"href":"https:\/\/antart.com.pl\/en\/wp-json\/wp\/v2\/product_cat?post=47056"},{"taxonomy":"product_tag","embeddable":true,"href":"https:\/\/antart.com.pl\/en\/wp-json\/wp\/v2\/product_tag?post=47056"}],"curies":[{"name":"wp","href":"https:\/\/api.w.org\/{rel}","templated":true}]}}