{"id":47057,"date":"2025-10-13T19:43:20","date_gmt":"2025-10-13T17:43:20","guid":{"rendered":"https:\/\/antart.com.pl\/?post_type=product&#038;p=47057"},"modified":"2025-10-13T19:43:21","modified_gmt":"2025-10-13T17:43:21","slug":"set-of-4-wooden-folding-tables-on-a-stand","status":"publish","type":"product","link":"https:\/\/antart.com.pl\/en\/produkt\/komplet-4-stolikow-drewnianych-skladanych-na-stojaku\/","title":{"rendered":"Set of 4 wooden folding tables on a stand"},"content":{"rendered":"<h4 style=\"text-align: center;\"><em><strong>Set of 4 wooden folding tables on a stand<\/strong><\/em><\/h4>\n<h4 style=\"text-align: center;\"><em><strong>Set of 4 wooden folding tables on a stand. Practical and mobile furniture that can be used in various locations. Solid wood construction ensures stability. Ideal for the home, garden or outdoor events.<\/strong><\/em><\/h4>\n<h4 style=\"text-align: center;\"><em><strong>The tables have slight scratches and signs of wear.<\/strong><\/em><\/h4>\n<h4><\/h4>\n<h4 style=\"text-align: left;\"><em><strong>Dimensions:<\/strong><\/em><\/h4>\n<p>&nbsp;<\/p>\n<ul>\n<li><em><strong>length: 48cm<\/strong><\/em><\/li>\n<li><em><strong>width:37 cm<\/strong><\/em><\/li>\n<li><em><strong>height: 64 cm<\/strong><\/em><\/li>\n<\/ul>\n<h4 style=\"text-align: center;\"><em><strong>NOTE!!!<\/strong><\/em><\/h4>\n<h4 style=\"text-align: center;\"><em><strong>For the sake of safe delivery, in some cases we organise bulk or individual shipping.<\/strong><\/em><\/h4>\n<h4 style=\"text-align: center;\"><em><strong>****************************************<\/strong><\/em><\/h4>\n<h4 style=\"text-align: center;\"><em><strong>The photos show the actual state of the object<\/strong><\/em><\/h4>\n<h4 style=\"text-align: center;\"><em><strong>Additional photos upon request<\/strong><\/em><\/h4>\n<h4 style=\"text-align: center;\"><em><strong>All our items on display are available in our warehouse.<\/strong><\/em><\/h4>\n<h4 style=\"text-align: center;\"><em><strong>Can be viewed by appointment.<\/strong><\/em><\/h4>\n<h4><em><strong>No. 10158<\/strong><\/em><\/h4>","protected":false},"excerpt":{"rendered":"<p>Komplet 4 stolik\u00f3w drewnianych sk\u0142adanych na stojaku Zestaw 4 drewnianych, sk\u0142adanych stolik\u00f3w na stojaku. Praktyczne i mobilne meble, kt\u00f3re mo\u017cna wykorzysta\u0107 w r\u00f3\u017cnych miejscach. Solidna konstrukcja z drewna zapewnia stabilno\u015b\u0107. Idealne rozwi\u0105zanie do domu, ogrodu lub na imprezy plenerowe. Stoliki posiadaj\u0105 delikatne zarysowania i \u015blady u\u017cytkowania. Wymiary: &nbsp; d\u0142ugo\u015b\u0107: 48cm szeroko\u015b\u0107:37 cm wysoko\u015b\u0107: 64 cm [&hellip;]<\/p>\n","protected":false},"featured_media":47059,"template":"","meta":{"_seopress_robots_primary_cat":"","_seopress_titles_title":"","_seopress_titles_desc":"","_seopress_robots_index":"","site-sidebar-layout":"default","site-content-layout":"","ast-site-content-layout":"default","site-content-style":"default","site-sidebar-style":"default","ast-global-header-display":"","ast-banner-title-visibility":"","ast-main-header-display":"","ast-hfb-above-header-display":"","ast-hfb-below-header-display":"","ast-hfb-mobile-header-display":"","site-post-title":"","ast-breadcrumbs-content":"","ast-featured-img":"","footer-sml-layout":"","ast-disable-related-posts":"","theme-transparent-header-meta":"default","adv-header-id-meta":"","stick-header-meta":"default","header-above-stick-meta":"","header-main-stick-meta":"","header-below-stick-meta":"","astra-migrate-meta-layouts":"set","ast-page-background-enabled":"default","ast-page-background-meta":{"desktop":{"background-color":"var(--ast-global-color-4)","background-image":"","background-repeat":"repeat","background-position":"center center","background-size":"auto","background-attachment":"scroll","background-type":"","background-media":"","overlay-type":"","overlay-color":"","overlay-opacity":"","overlay-gradient":""},"tablet":{"background-color":"","background-image":"","background-repeat":"repeat","background-position":"center center","background-size":"auto","background-attachment":"scroll","background-type":"","background-media":"","overlay-type":"","overlay-color":"","overlay-opacity":"","overlay-gradient":""},"mobile":{"background-color":"","background-image":"","background-repeat":"repeat","background-position":"center center","background-size":"auto","background-attachment":"scroll","background-type":"","background-media":"","overlay-type":"","overlay-color":"","overlay-opacity":"","overlay-gradient":""}},"ast-content-background-meta":{"desktop":{"background-color":"var(--ast-global-color-5)","background-image":"","background-repeat":"repeat","background-position":"center center","background-size":"auto","background-attachment":"scroll","background-type":"","background-media":"","overlay-type":"","overlay-color":"","overlay-opacity":"","overlay-gradient":""},"tablet":{"background-color":"var(--ast-global-color-5)","background-image":"","background-repeat":"repeat","background-position":"center center","background-size":"auto","background-attachment":"scroll","background-type":"","background-media":"","overlay-type":"","overlay-color":"","overlay-opacity":"","overlay-gradient":""},"mobile":{"background-color":"var(--ast-global-color-5)","background-image":"","background-repeat":"repeat","background-position":"center center","background-size":"auto","background-attachment":"scroll","background-type":"","background-media":"","overlay-type":"","overlay-color":"","overlay-opacity":"","overlay-gradient":""}}},"product_brand":[],"product_cat":[32,33],"product_tag":[],"class_list":{"0":"post-47057","1":"product","2":"type-product","3":"status-publish","4":"has-post-thumbnail","6":"product_cat-meble","7":"product_cat-stoly-stoliki","8":"product_shipping_class-wysylka-50zl","9":"desktop-align-left","10":"tablet-align-left","11":"mobile-align-left","12":"ast-product-gallery-layout-vertical-slider","13":"ast-product-tabs-layout-horizontal","14":"ast-qv-on-image","16":"first","17":"instock","18":"sold-individually","19":"shipping-taxable","20":"purchasable","21":"product-type-simple"},"_links":{"self":[{"href":"https:\/\/antart.com.pl\/en\/wp-json\/wp\/v2\/product\/47057","targetHints":{"allow":["GET"]}}],"collection":[{"href":"https:\/\/antart.com.pl\/en\/wp-json\/wp\/v2\/product"}],"about":[{"href":"https:\/\/antart.com.pl\/en\/wp-json\/wp\/v2\/types\/product"}],"wp:featuredmedia":[{"embeddable":true,"href":"https:\/\/antart.com.pl\/en\/wp-json\/wp\/v2\/media\/47059"}],"wp:attachment":[{"href":"https:\/\/antart.com.pl\/en\/wp-json\/wp\/v2\/media?parent=47057"}],"wp:term":[{"taxonomy":"product_brand","embeddable":true,"href":"https:\/\/antart.com.pl\/en\/wp-json\/wp\/v2\/product_brand?post=47057"},{"taxonomy":"product_cat","embeddable":true,"href":"https:\/\/antart.com.pl\/en\/wp-json\/wp\/v2\/product_cat?post=47057"},{"taxonomy":"product_tag","embeddable":true,"href":"https:\/\/antart.com.pl\/en\/wp-json\/wp\/v2\/product_tag?post=47057"}],"curies":[{"name":"wp","href":"https:\/\/api.w.org\/{rel}","templated":true}]}}