{"id":47694,"date":"2025-10-16T09:28:15","date_gmt":"2025-10-16T07:28:15","guid":{"rendered":"https:\/\/antart.com.pl\/?post_type=product&#038;p=47694"},"modified":"2026-04-01T20:28:45","modified_gmt":"2026-04-01T18:28:45","slug":"collector-figurine-chinese-zodiac-rabbit","status":"publish","type":"product","link":"https:\/\/antart.com.pl\/en\/produkt\/figurka-kolekcjonerska-chinski-zodiakalny-krolik\/","title":{"rendered":"Collector's figurine Chinese Zodiac Rabbit"},"content":{"rendered":"<h4 style=\"text-align: center;\"><em><b>A collectible figurine of the zodiac sign of the Rabbit made of ceramic, set on a black wooden base. The figurine is pink in colour with intricate coloured designs.<\/b><\/em><\/h4>\n<h4><\/h4>\n<h4><em><b>In Chinese culture, the rabbit is one of the twelve animals of the zodiac. People born in the Year of the Rabbit are seen as:<\/b><\/em><\/h4>\n<ul>\n<li>\n<h4><em><b>mild,<\/b><\/em><\/h4>\n<\/li>\n<li>\n<h4><em><b>elegant,<\/b><\/em><\/h4>\n<\/li>\n<li>\n<h4><em><b>patient,<\/b><\/em><\/h4>\n<\/li>\n<li>\n<h4><em><b>responsible,<\/b><\/em><\/h4>\n<\/li>\n<li>\n<h4><em><b>sincere.<\/b><\/em><\/h4>\n<\/li>\n<\/ul>\n<h4><em><b>The Year of the Rabbit is considered to be a happy and peaceful year, and the rabbit itself symbolises longevity, peace and prosperity, among other things.<\/b><\/em><\/h4>\n<h4><\/h4>\n<h4><em><b>Dimensions<\/b><\/em><\/h4>\n<ul>\n<li>\n<h4><em><b>Height: 4.5cm.<\/b><\/em><\/h4>\n<\/li>\n<li>\n<h4><em><b>Base diameter: 6.5cm.<\/b><\/em><\/h4>\n<\/li>\n<\/ul>\n<h4 style=\"text-align: center;\"><em><b>The photos show the actual state of the object<\/b><\/em><\/h4>\n<h4 style=\"text-align: center;\"><em><b>Additional photos upon request<\/b><\/em><\/h4>\n<h4 style=\"text-align: center;\"><em><b>All our items on display are available in our warehouse.<\/b><\/em><\/h4>\n<h4 style=\"text-align: center;\"><em><b>Can be viewed by appointment.<\/b><\/em><\/h4>\n<h4><\/h4>\n<h4><em><b>No.5851<\/b><\/em><\/h4>","protected":false},"excerpt":{"rendered":"<p>Figurka kolekcjonerska zodiakalnego znaku Kr\u00f3lika wykonana z ceramiki, osadzona na drewnianej czarne podstawie. Figurka w r\u00f3\u017cowym kolorze z misternymi, kolorowymi wzorkami. W chi\u0144skiej kulturze kr\u00f3lik jest jednym z dwunastu zwierz\u0105t zodiaku. Osoby urodzone w Roku Kr\u00f3lika s\u0105 postrzegane jako: \u0142agodne, eleganckie, cierpliwe, odpowiedzialne, szczere. Rok Kr\u00f3lika jest uwa\u017cany za szcz\u0119\u015bliwy i spokojny rok, a sam [&hellip;]<\/p>\n","protected":false},"featured_media":47695,"template":"","meta":{"_seopress_robots_primary_cat":"","_seopress_titles_title":"","_seopress_titles_desc":"","_seopress_robots_index":"","site-sidebar-layout":"default","site-content-layout":"","ast-site-content-layout":"default","site-content-style":"default","site-sidebar-style":"default","ast-global-header-display":"","ast-banner-title-visibility":"","ast-main-header-display":"","ast-hfb-above-header-display":"","ast-hfb-below-header-display":"","ast-hfb-mobile-header-display":"","site-post-title":"","ast-breadcrumbs-content":"","ast-featured-img":"","footer-sml-layout":"","ast-disable-related-posts":"","theme-transparent-header-meta":"default","adv-header-id-meta":"","stick-header-meta":"default","header-above-stick-meta":"","header-main-stick-meta":"","header-below-stick-meta":"","astra-migrate-meta-layouts":"set","ast-page-background-enabled":"default","ast-page-background-meta":{"desktop":{"background-color":"var(--ast-global-color-4)","background-image":"","background-repeat":"repeat","background-position":"center center","background-size":"auto","background-attachment":"scroll","background-type":"","background-media":"","overlay-type":"","overlay-color":"","overlay-opacity":"","overlay-gradient":""},"tablet":{"background-color":"","background-image":"","background-repeat":"repeat","background-position":"center center","background-size":"auto","background-attachment":"scroll","background-type":"","background-media":"","overlay-type":"","overlay-color":"","overlay-opacity":"","overlay-gradient":""},"mobile":{"background-color":"","background-image":"","background-repeat":"repeat","background-position":"center center","background-size":"auto","background-attachment":"scroll","background-type":"","background-media":"","overlay-type":"","overlay-color":"","overlay-opacity":"","overlay-gradient":""}},"ast-content-background-meta":{"desktop":{"background-color":"var(--ast-global-color-5)","background-image":"","background-repeat":"repeat","background-position":"center center","background-size":"auto","background-attachment":"scroll","background-type":"","background-media":"","overlay-type":"","overlay-color":"","overlay-opacity":"","overlay-gradient":""},"tablet":{"background-color":"var(--ast-global-color-5)","background-image":"","background-repeat":"repeat","background-position":"center center","background-size":"auto","background-attachment":"scroll","background-type":"","background-media":"","overlay-type":"","overlay-color":"","overlay-opacity":"","overlay-gradient":""},"mobile":{"background-color":"var(--ast-global-color-5)","background-image":"","background-repeat":"repeat","background-position":"center center","background-size":"auto","background-attachment":"scroll","background-type":"","background-media":"","overlay-type":"","overlay-color":"","overlay-opacity":"","overlay-gradient":""}}},"product_brand":[],"product_cat":[27,29],"product_tag":[],"class_list":{"0":"post-47694","1":"product","2":"type-product","3":"status-publish","4":"has-post-thumbnail","6":"product_cat-dekoracyjne","7":"product_cat-figurki","8":"product_shipping_class-wysylka-19zl","9":"desktop-align-left","10":"tablet-align-left","11":"mobile-align-left","12":"ast-product-gallery-layout-vertical-slider","13":"ast-product-tabs-layout-horizontal","14":"ast-qv-on-image","16":"first","17":"instock","18":"sale","19":"sold-individually","20":"shipping-taxable","21":"purchasable","22":"product-type-simple"},"_links":{"self":[{"href":"https:\/\/antart.com.pl\/en\/wp-json\/wp\/v2\/product\/47694","targetHints":{"allow":["GET"]}}],"collection":[{"href":"https:\/\/antart.com.pl\/en\/wp-json\/wp\/v2\/product"}],"about":[{"href":"https:\/\/antart.com.pl\/en\/wp-json\/wp\/v2\/types\/product"}],"wp:featuredmedia":[{"embeddable":true,"href":"https:\/\/antart.com.pl\/en\/wp-json\/wp\/v2\/media\/47695"}],"wp:attachment":[{"href":"https:\/\/antart.com.pl\/en\/wp-json\/wp\/v2\/media?parent=47694"}],"wp:term":[{"taxonomy":"product_brand","embeddable":true,"href":"https:\/\/antart.com.pl\/en\/wp-json\/wp\/v2\/product_brand?post=47694"},{"taxonomy":"product_cat","embeddable":true,"href":"https:\/\/antart.com.pl\/en\/wp-json\/wp\/v2\/product_cat?post=47694"},{"taxonomy":"product_tag","embeddable":true,"href":"https:\/\/antart.com.pl\/en\/wp-json\/wp\/v2\/product_tag?post=47694"}],"curies":[{"name":"wp","href":"https:\/\/api.w.org\/{rel}","templated":true}]}}