{"id":48042,"date":"2025-10-18T12:13:22","date_gmt":"2025-10-18T10:13:22","guid":{"rendered":"https:\/\/antart.com.pl\/?post_type=product&#038;p=48042"},"modified":"2025-10-18T12:13:24","modified_gmt":"2025-10-18T10:13:24","slug":"buffet-chest-carved-in-mahogany-in-the-chippendale-style","status":"publish","type":"product","link":"https:\/\/antart.com.pl\/en\/produkt\/komoda-typu-bufet-rzezbiona-w-mahoniu-w-stylu-chippendale\/","title":{"rendered":"Buffet chest of drawers carved in mahogany in the Chippendale style"},"content":{"rendered":"<h4 style=\"text-align: center;\"><strong><em>Buffet chest of drawers carved in mahogany in the Chippendale style<\/em><\/strong><\/h4>\n<h4 style=\"text-align: center;\"><strong><em>A stylish chippendale style chest of drawers, made of mahogany wood. It has two drawers and two cupboards, decorated with carved details. The furniture is in good condition, suitable for use in the home or office.<\/em><\/strong><\/h4>\n<h4 style=\"text-align: center;\"><strong><em>One handle is missing from the drawer.<\/em><\/strong><\/h4>\n<h4 style=\"text-align: center;\"><strong><em>The chest of drawers has 2 keys.<\/em><\/strong><\/h4>\n<h4><strong><em>Dimensions:<\/em><\/strong><\/h4>\n<ul>\n<li>\n<h4><strong><em>length: 96.5cm<\/em><\/strong><\/h4>\n<\/li>\n<li>\n<h4><strong><em>depth: 50.5cm<\/em><\/strong><\/h4>\n<\/li>\n<li>\n<h4><strong><em>height: 90 cm<\/em><\/strong><\/h4>\n<\/li>\n<\/ul>\n<h4 style=\"text-align: center;\"><strong><em>NOTE!!!<\/em><\/strong><\/h4>\n<h4 style=\"text-align: center;\"><strong><em>For the sake of safe delivery, in some cases we organise bulk or individual shipping.<\/em><\/strong><\/h4>\n<h4 style=\"text-align: center;\"><strong><em>**********************************<\/em><\/strong><\/h4>\n<h4 style=\"text-align: center;\"><strong><em>The photos show the actual state of the object<\/em><\/strong><\/h4>\n<h4 style=\"text-align: center;\"><strong><em>Additional photos upon request<\/em><\/strong><\/h4>\n<h4 style=\"text-align: center;\"><strong><em>All our items on display are available in our warehouse.<\/em><\/strong><\/h4>\n<h4 style=\"text-align: center;\"><strong><em>Can be viewed by appointment.<\/em><\/strong><\/h4>\n<h4><strong><em>NR. ART 10160<\/em><\/strong><\/h4>","protected":false},"excerpt":{"rendered":"<p>Komoda typu bufet rze\u017abiona w mahoniu w stylu Chippendale Stylowy komoda w stylu chippendale, wykonana z drewna mahoniowego. Posiada dwie szuflady oraz dwie szafki, ozdobione rze\u017abionymi detalami. Mebel jest w dobrym stanie, nadaje si\u0119 do u\u017cytku w domu lub biurze. Brakuje jednego uchwytu przy szufladzie. Komoda posiada 2 klucze. Wymiary: d\u0142ugo\u015b\u0107: 96,5cm g\u0142\u0119boko\u015b\u0107: 50,5cm wysoko\u015b\u0107: [&hellip;]<\/p>\n","protected":false},"featured_media":48025,"template":"","meta":{"_seopress_robots_primary_cat":"","_seopress_titles_title":"","_seopress_titles_desc":"","_seopress_robots_index":"","site-sidebar-layout":"default","site-content-layout":"","ast-site-content-layout":"default","site-content-style":"default","site-sidebar-style":"default","ast-global-header-display":"","ast-banner-title-visibility":"","ast-main-header-display":"","ast-hfb-above-header-display":"","ast-hfb-below-header-display":"","ast-hfb-mobile-header-display":"","site-post-title":"","ast-breadcrumbs-content":"","ast-featured-img":"","footer-sml-layout":"","ast-disable-related-posts":"","theme-transparent-header-meta":"default","adv-header-id-meta":"","stick-header-meta":"default","header-above-stick-meta":"","header-main-stick-meta":"","header-below-stick-meta":"","astra-migrate-meta-layouts":"set","ast-page-background-enabled":"default","ast-page-background-meta":{"desktop":{"background-color":"var(--ast-global-color-4)","background-image":"","background-repeat":"repeat","background-position":"center center","background-size":"auto","background-attachment":"scroll","background-type":"","background-media":"","overlay-type":"","overlay-color":"","overlay-opacity":"","overlay-gradient":""},"tablet":{"background-color":"","background-image":"","background-repeat":"repeat","background-position":"center center","background-size":"auto","background-attachment":"scroll","background-type":"","background-media":"","overlay-type":"","overlay-color":"","overlay-opacity":"","overlay-gradient":""},"mobile":{"background-color":"","background-image":"","background-repeat":"repeat","background-position":"center center","background-size":"auto","background-attachment":"scroll","background-type":"","background-media":"","overlay-type":"","overlay-color":"","overlay-opacity":"","overlay-gradient":""}},"ast-content-background-meta":{"desktop":{"background-color":"var(--ast-global-color-5)","background-image":"","background-repeat":"repeat","background-position":"center center","background-size":"auto","background-attachment":"scroll","background-type":"","background-media":"","overlay-type":"","overlay-color":"","overlay-opacity":"","overlay-gradient":""},"tablet":{"background-color":"var(--ast-global-color-5)","background-image":"","background-repeat":"repeat","background-position":"center center","background-size":"auto","background-attachment":"scroll","background-type":"","background-media":"","overlay-type":"","overlay-color":"","overlay-opacity":"","overlay-gradient":""},"mobile":{"background-color":"var(--ast-global-color-5)","background-image":"","background-repeat":"repeat","background-position":"center center","background-size":"auto","background-attachment":"scroll","background-type":"","background-media":"","overlay-type":"","overlay-color":"","overlay-opacity":"","overlay-gradient":""}}},"product_brand":[],"product_cat":[37,32],"product_tag":[],"class_list":{"0":"post-48042","1":"product","2":"type-product","3":"status-publish","4":"has-post-thumbnail","6":"product_cat-komody","7":"product_cat-meble","8":"product_shipping_class-wysylka-120zl","9":"desktop-align-left","10":"tablet-align-left","11":"mobile-align-left","12":"ast-product-gallery-layout-vertical-slider","13":"ast-product-tabs-layout-horizontal","14":"ast-qv-on-image","16":"first","17":"instock","18":"sold-individually","19":"shipping-taxable","20":"purchasable","21":"product-type-simple"},"_links":{"self":[{"href":"https:\/\/antart.com.pl\/en\/wp-json\/wp\/v2\/product\/48042","targetHints":{"allow":["GET"]}}],"collection":[{"href":"https:\/\/antart.com.pl\/en\/wp-json\/wp\/v2\/product"}],"about":[{"href":"https:\/\/antart.com.pl\/en\/wp-json\/wp\/v2\/types\/product"}],"wp:featuredmedia":[{"embeddable":true,"href":"https:\/\/antart.com.pl\/en\/wp-json\/wp\/v2\/media\/48025"}],"wp:attachment":[{"href":"https:\/\/antart.com.pl\/en\/wp-json\/wp\/v2\/media?parent=48042"}],"wp:term":[{"taxonomy":"product_brand","embeddable":true,"href":"https:\/\/antart.com.pl\/en\/wp-json\/wp\/v2\/product_brand?post=48042"},{"taxonomy":"product_cat","embeddable":true,"href":"https:\/\/antart.com.pl\/en\/wp-json\/wp\/v2\/product_cat?post=48042"},{"taxonomy":"product_tag","embeddable":true,"href":"https:\/\/antart.com.pl\/en\/wp-json\/wp\/v2\/product_tag?post=48042"}],"curies":[{"name":"wp","href":"https:\/\/api.w.org\/{rel}","templated":true}]}}