{"id":48216,"date":"2025-10-19T09:16:28","date_gmt":"2025-10-19T07:16:28","guid":{"rendered":"https:\/\/antart.com.pl\/?post_type=product&#038;p=48216"},"modified":"2025-10-19T09:16:29","modified_gmt":"2025-10-19T07:16:29","slug":"solid-oak-wood-chair-with-carving","status":"publish","type":"product","link":"https:\/\/antart.com.pl\/en\/produkt\/krzeslo-z-litego-drewna-debowego-z-rzezbieniami\/","title":{"rendered":"Solid oak chair with carvings"},"content":{"rendered":"<h4 style=\"text-align: center;\"><em><strong>Solid oak chair with carvings<\/strong><\/em><\/h4>\n<h4 style=\"text-align: center;\"><em><strong>A solid oak chair with carved elements. The furniture has a dark brown, aged colouring which gives it a rustic feel. The chair is used but in good condition. It could make an interesting addition to a vintage or Scandinavian style interior.<\/strong><\/em><\/h4>\n<p>&nbsp;<\/p>\n<h4><em><strong>Dimensions:<\/strong><\/em><\/h4>\n<ul>\n<li>\n<h4><em><strong>height: 87cm<\/strong><\/em><\/h4>\n<\/li>\n<li>\n<h4><em><strong>width: 44.5cm<\/strong><\/em><\/h4>\n<\/li>\n<li>\n<h4><em><strong>depth: 42cm<\/strong><\/em><\/h4>\n<\/li>\n<li>\n<h4><em><strong>height to seat: 45 cm<\/strong><\/em><\/h4>\n<\/li>\n<\/ul>\n<h4><em><strong>I own 2 chairs.<\/strong><\/em><\/h4>\n<h4><em><strong>The price is for 1 piece.<\/strong><\/em><\/h4>\n<h4 style=\"text-align: center;\"><em><strong>NOTE!!!<\/strong><\/em><\/h4>\n<h4 style=\"text-align: center;\"><em><strong>For the sake of safe delivery, in some cases we organise bulk or individual shipping.<\/strong><\/em><\/h4>\n<h4 style=\"text-align: center;\"><em><strong>************************************<\/strong><\/em><\/h4>\n<h4 style=\"text-align: center;\"><em><strong>The photos show the actual state of the object<\/strong><\/em><\/h4>\n<h4 style=\"text-align: center;\"><em><strong>Additional photos upon request<\/strong><\/em><\/h4>\n<h4 style=\"text-align: center;\"><em><strong>All our items on display are available in our warehouse.<\/strong><\/em><\/h4>\n<h4 style=\"text-align: center;\"><em><strong>Can be viewed by appointment.<\/strong><\/em><\/h4>\n<h4><em><strong>Order no. 10251<\/strong><\/em><\/h4>","protected":false},"excerpt":{"rendered":"<p>Krzes\u0142o z litego drewna d\u0119bowego z rze\u017abieniami Solidne krzes\u0142o z drewna d\u0119bowego z rze\u017abionymi elementami. Mebel ma ciemnobr\u0105zow\u0105, postarza\u0142\u0105 kolorystyk\u0119, kt\u00f3ra nadaje mu rustykalny charakter. Krzes\u0142o jest u\u017cywane, ale w dobrym stanie. Mo\u017ce stanowi\u0107 ciekawy dodatek do wn\u0119trza w stylu vintage lub skandynawskim. &nbsp; Wymiary: wysoko\u015b\u0107:87cm szeroko\u015b\u0107: 44,5cm g\u0142\u0119boko\u015b\u0107: 42cm wysoko\u015b\u0107 do siedziska: 45 cm [&hellip;]<\/p>\n","protected":false},"featured_media":48200,"template":"","meta":{"_seopress_robots_primary_cat":"","_seopress_titles_title":"","_seopress_titles_desc":"","_seopress_robots_index":"","site-sidebar-layout":"default","site-content-layout":"","ast-site-content-layout":"default","site-content-style":"default","site-sidebar-style":"default","ast-global-header-display":"","ast-banner-title-visibility":"","ast-main-header-display":"","ast-hfb-above-header-display":"","ast-hfb-below-header-display":"","ast-hfb-mobile-header-display":"","site-post-title":"","ast-breadcrumbs-content":"","ast-featured-img":"","footer-sml-layout":"","ast-disable-related-posts":"","theme-transparent-header-meta":"default","adv-header-id-meta":"","stick-header-meta":"default","header-above-stick-meta":"","header-main-stick-meta":"","header-below-stick-meta":"","astra-migrate-meta-layouts":"set","ast-page-background-enabled":"default","ast-page-background-meta":{"desktop":{"background-color":"var(--ast-global-color-4)","background-image":"","background-repeat":"repeat","background-position":"center center","background-size":"auto","background-attachment":"scroll","background-type":"","background-media":"","overlay-type":"","overlay-color":"","overlay-opacity":"","overlay-gradient":""},"tablet":{"background-color":"","background-image":"","background-repeat":"repeat","background-position":"center center","background-size":"auto","background-attachment":"scroll","background-type":"","background-media":"","overlay-type":"","overlay-color":"","overlay-opacity":"","overlay-gradient":""},"mobile":{"background-color":"","background-image":"","background-repeat":"repeat","background-position":"center center","background-size":"auto","background-attachment":"scroll","background-type":"","background-media":"","overlay-type":"","overlay-color":"","overlay-opacity":"","overlay-gradient":""}},"ast-content-background-meta":{"desktop":{"background-color":"var(--ast-global-color-5)","background-image":"","background-repeat":"repeat","background-position":"center center","background-size":"auto","background-attachment":"scroll","background-type":"","background-media":"","overlay-type":"","overlay-color":"","overlay-opacity":"","overlay-gradient":""},"tablet":{"background-color":"var(--ast-global-color-5)","background-image":"","background-repeat":"repeat","background-position":"center center","background-size":"auto","background-attachment":"scroll","background-type":"","background-media":"","overlay-type":"","overlay-color":"","overlay-opacity":"","overlay-gradient":""},"mobile":{"background-color":"var(--ast-global-color-5)","background-image":"","background-repeat":"repeat","background-position":"center center","background-size":"auto","background-attachment":"scroll","background-type":"","background-media":"","overlay-type":"","overlay-color":"","overlay-opacity":"","overlay-gradient":""}}},"product_brand":[],"product_cat":[36,32],"product_tag":[],"class_list":{"0":"post-48216","1":"product","2":"type-product","3":"status-publish","4":"has-post-thumbnail","6":"product_cat-krzesla-taborety","7":"product_cat-meble","8":"product_shipping_class-wysylka-70zl","9":"desktop-align-left","10":"tablet-align-left","11":"mobile-align-left","12":"ast-product-gallery-layout-vertical-slider","13":"ast-product-tabs-layout-horizontal","14":"ast-qv-on-image","16":"first","17":"instock","18":"shipping-taxable","19":"purchasable","20":"product-type-simple"},"_links":{"self":[{"href":"https:\/\/antart.com.pl\/en\/wp-json\/wp\/v2\/product\/48216","targetHints":{"allow":["GET"]}}],"collection":[{"href":"https:\/\/antart.com.pl\/en\/wp-json\/wp\/v2\/product"}],"about":[{"href":"https:\/\/antart.com.pl\/en\/wp-json\/wp\/v2\/types\/product"}],"wp:featuredmedia":[{"embeddable":true,"href":"https:\/\/antart.com.pl\/en\/wp-json\/wp\/v2\/media\/48200"}],"wp:attachment":[{"href":"https:\/\/antart.com.pl\/en\/wp-json\/wp\/v2\/media?parent=48216"}],"wp:term":[{"taxonomy":"product_brand","embeddable":true,"href":"https:\/\/antart.com.pl\/en\/wp-json\/wp\/v2\/product_brand?post=48216"},{"taxonomy":"product_cat","embeddable":true,"href":"https:\/\/antart.com.pl\/en\/wp-json\/wp\/v2\/product_cat?post=48216"},{"taxonomy":"product_tag","embeddable":true,"href":"https:\/\/antart.com.pl\/en\/wp-json\/wp\/v2\/product_tag?post=48216"}],"curies":[{"name":"wp","href":"https:\/\/api.w.org\/{rel}","templated":true}]}}