{"id":48282,"date":"2025-10-19T10:28:19","date_gmt":"2025-10-19T08:28:19","guid":{"rendered":"https:\/\/antart.com.pl\/?post_type=product&#038;p=48282"},"modified":"2025-10-19T10:31:22","modified_gmt":"2025-10-19T08:31:22","slug":"display-cabinet-antique-1950s-ludwik-oak-cupboard-from-raffia","status":"publish","type":"product","link":"https:\/\/antart.com.pl\/en\/produkt\/witryna-kredens-antyczny-ludwikowski-debowy-z-lat-50-tych-z-raffia\/","title":{"rendered":"Display cabinet, 1950s antique ludwik oak sideboard with raffia"},"content":{"rendered":"<h4 style=\"text-align: center;\"><em><strong>Display cabinet, 1950s antique ludwik oak sideboard with raffia<\/strong><\/em><\/h4>\n<h4 style=\"text-align: center;\"><em><strong>A stylish 1950s vintage oak sideboard, decorated with rattan infill. It has cupboards and drawers that provide practical storage space. This sideboard will be a beautiful decoration in any interior, giving it a unique character.<\/strong><\/em><\/h4>\n<h4 style=\"text-align: center;\"><em><strong>The site is two-part.<\/strong><\/em><\/h4>\n<h4 style=\"text-align: center;\"><em><strong>Brass fittings<\/strong><\/em><\/h4>\n<h4><em><strong>Dimensions:<\/strong><\/em><\/h4>\n<ul>\n<li>\n<h4><em><strong>height: 150cm<\/strong><\/em><\/h4>\n<\/li>\n<li>\n<h4><em><strong>width: 170cm<\/strong><\/em><\/h4>\n<\/li>\n<li>\n<h4><em><strong>depth: 50 cm<\/strong><\/em><\/h4>\n<\/li>\n<\/ul>\n<h4><em><strong>Extension<\/strong><\/em><\/h4>\n<ul>\n<li>\n<h4><em><strong>height: 74 cm<\/strong><\/em><\/h4>\n<\/li>\n<li>\n<h4><em><strong>width: 170cm<\/strong><\/em><\/h4>\n<\/li>\n<li>\n<h4><em><strong>depth: 33 cm<\/strong><\/em><\/h4>\n<\/li>\n<\/ul>\n<h4 style=\"text-align: center;\"><em><strong>NOTE!!!<\/strong><\/em><\/h4>\n<h4 style=\"text-align: center;\"><em><strong>For the sake of safe delivery, in some cases we organise bulk or individual shipping.<\/strong><\/em><\/h4>\n<h4 style=\"text-align: center;\"><em><strong>***********************************************<\/strong><\/em><\/h4>\n<h4 style=\"text-align: center;\"><em><strong>The photos show the actual state of the object<\/strong><\/em><\/h4>\n<h4 style=\"text-align: center;\"><em><strong>Additional photos upon request<\/strong><\/em><\/h4>\n<h4 style=\"text-align: center;\"><em><strong>All our items on display are available in our warehouse.<\/strong><\/em><\/h4>\n<h4 style=\"text-align: center;\"><em><strong>Can be viewed by appointment.<\/strong><\/em><\/h4>\n<h4><em><strong>Order no. 10247<\/strong><\/em><\/h4>","protected":false},"excerpt":{"rendered":"<p>Witryna, kredens antyczny ludwikowski d\u0119bowy z lat 50-tych z rafi\u0105 Stylowy, zabytkowy kredens d\u0119bowy z lat 50. XX wieku, ozdobiony rattanowym wype\u0142nieniem. Posiada szafki i szuflady, kt\u00f3re zapewniaj\u0105 praktyczn\u0105 przestrze\u0144 do przechowywania. Kredens ten b\u0119dzie pi\u0119kn\u0105 dekoracj\u0105 w ka\u017cdym wn\u0119trzu, nadaj\u0105c mu niepowtarzalny charakter. Witryna jest dwu cz\u0119\u015bciowa. Okucia mosi\u0119\u017cne Wymiary: wysoko\u015b\u0107: 150cm szeroko\u015b\u0107: 170cm [&hellip;]<\/p>\n","protected":false},"featured_media":48285,"template":"","meta":{"_seopress_robots_primary_cat":"","_seopress_titles_title":"","_seopress_titles_desc":"","_seopress_robots_index":"","site-sidebar-layout":"default","site-content-layout":"","ast-site-content-layout":"default","site-content-style":"default","site-sidebar-style":"default","ast-global-header-display":"","ast-banner-title-visibility":"","ast-main-header-display":"","ast-hfb-above-header-display":"","ast-hfb-below-header-display":"","ast-hfb-mobile-header-display":"","site-post-title":"","ast-breadcrumbs-content":"","ast-featured-img":"","footer-sml-layout":"","ast-disable-related-posts":"","theme-transparent-header-meta":"default","adv-header-id-meta":"","stick-header-meta":"default","header-above-stick-meta":"","header-main-stick-meta":"","header-below-stick-meta":"","astra-migrate-meta-layouts":"set","ast-page-background-enabled":"default","ast-page-background-meta":{"desktop":{"background-color":"var(--ast-global-color-4)","background-image":"","background-repeat":"repeat","background-position":"center center","background-size":"auto","background-attachment":"scroll","background-type":"","background-media":"","overlay-type":"","overlay-color":"","overlay-opacity":"","overlay-gradient":""},"tablet":{"background-color":"","background-image":"","background-repeat":"repeat","background-position":"center center","background-size":"auto","background-attachment":"scroll","background-type":"","background-media":"","overlay-type":"","overlay-color":"","overlay-opacity":"","overlay-gradient":""},"mobile":{"background-color":"","background-image":"","background-repeat":"repeat","background-position":"center center","background-size":"auto","background-attachment":"scroll","background-type":"","background-media":"","overlay-type":"","overlay-color":"","overlay-opacity":"","overlay-gradient":""}},"ast-content-background-meta":{"desktop":{"background-color":"var(--ast-global-color-5)","background-image":"","background-repeat":"repeat","background-position":"center center","background-size":"auto","background-attachment":"scroll","background-type":"","background-media":"","overlay-type":"","overlay-color":"","overlay-opacity":"","overlay-gradient":""},"tablet":{"background-color":"var(--ast-global-color-5)","background-image":"","background-repeat":"repeat","background-position":"center center","background-size":"auto","background-attachment":"scroll","background-type":"","background-media":"","overlay-type":"","overlay-color":"","overlay-opacity":"","overlay-gradient":""},"mobile":{"background-color":"var(--ast-global-color-5)","background-image":"","background-repeat":"repeat","background-position":"center center","background-size":"auto","background-attachment":"scroll","background-type":"","background-media":"","overlay-type":"","overlay-color":"","overlay-opacity":"","overlay-gradient":""}}},"product_brand":[],"product_cat":[37,32,79],"product_tag":[],"class_list":{"0":"post-48282","1":"product","2":"type-product","3":"status-publish","4":"has-post-thumbnail","6":"product_cat-komody","7":"product_cat-meble","8":"product_cat-serwantki-witryny","9":"product_shipping_class-wysylka-po-uzgodnieniu","10":"desktop-align-left","11":"tablet-align-left","12":"mobile-align-left","13":"ast-product-gallery-layout-vertical-slider","14":"ast-product-tabs-layout-horizontal","15":"ast-qv-on-image","17":"first","18":"instock","19":"sold-individually","20":"shipping-taxable","21":"purchasable","22":"product-type-simple"},"_links":{"self":[{"href":"https:\/\/antart.com.pl\/en\/wp-json\/wp\/v2\/product\/48282","targetHints":{"allow":["GET"]}}],"collection":[{"href":"https:\/\/antart.com.pl\/en\/wp-json\/wp\/v2\/product"}],"about":[{"href":"https:\/\/antart.com.pl\/en\/wp-json\/wp\/v2\/types\/product"}],"wp:featuredmedia":[{"embeddable":true,"href":"https:\/\/antart.com.pl\/en\/wp-json\/wp\/v2\/media\/48285"}],"wp:attachment":[{"href":"https:\/\/antart.com.pl\/en\/wp-json\/wp\/v2\/media?parent=48282"}],"wp:term":[{"taxonomy":"product_brand","embeddable":true,"href":"https:\/\/antart.com.pl\/en\/wp-json\/wp\/v2\/product_brand?post=48282"},{"taxonomy":"product_cat","embeddable":true,"href":"https:\/\/antart.com.pl\/en\/wp-json\/wp\/v2\/product_cat?post=48282"},{"taxonomy":"product_tag","embeddable":true,"href":"https:\/\/antart.com.pl\/en\/wp-json\/wp\/v2\/product_tag?post=48282"}],"curies":[{"name":"wp","href":"https:\/\/api.w.org\/{rel}","templated":true}]}}