{"id":48498,"date":"2025-10-19T13:13:37","date_gmt":"2025-10-19T11:13:37","guid":{"rendered":"https:\/\/antart.com.pl\/?post_type=product&#038;p=48498"},"modified":"2026-04-01T20:15:27","modified_gmt":"2026-04-01T18:15:27","slug":"early-20th-century-mahogany-chippendale-armchair-on-springs","status":"publish","type":"product","link":"https:\/\/antart.com.pl\/en\/produkt\/fotel-mahoniowy-w-stylu-chippendale-z-poczatku-xx-wieku-na-sprezynach\/","title":{"rendered":"Early 20th century Chippendale style mahogany armchair on springs"},"content":{"rendered":"<h4 style=\"text-align: center;\"><em><b>Early 20th century Chippendale style mahogany armchair on springs<\/b><\/em><\/h4>\n<h4 style=\"text-align: center;\"><em>A stylish early 20th century Chippendale style armchair. Made of mahogany wood, with a distinctive carved backrest. The green coloured upholstery is in good condition. The furniture is usable and would be a beautiful decoration for any interior.<\/em><\/h4>\n<h4><em><b>Dimensions:<\/b><\/em><\/h4>\n<ul>\n<li>\n<h4><em>height: 109.5cm<\/em><\/h4>\n<\/li>\n<li>\n<h4><em>width: 57cm<\/em><\/h4>\n<\/li>\n<li>\n<h4><em>depth: 52 cm<\/em><\/h4>\n<\/li>\n<li>\n<h4><em>height to seat: 45cm<\/em><\/h4>\n<\/li>\n<li>\n<h4><em>seat depth: 45cm<\/em><\/h4>\n<\/li>\n<li>\n<h4><em>seat width: 53 cm<\/em><\/h4>\n<\/li>\n<\/ul>\n<h4><\/h4>\n<h4 style=\"text-align: center;\"><em><b>NOTE!!!<\/b><\/em><\/h4>\n<h4 style=\"text-align: center;\"><em><b>For the sake of safe delivery, in some cases we organise bulk or individual shipping.<\/b><\/em><\/h4>\n<h4 style=\"text-align: center;\"><em><b>**************************************<\/b><\/em><\/h4>\n<h4 style=\"text-align: center;\"><em><b>The photos show the actual state of the object<\/b>\u00a0<b>Additional photos upon request<\/b>\u00a0<b>All our items on display are available in our warehouse.<\/b>\u00a0<b>Can be viewed by appointment.<\/b><\/em><\/h4>\n<h4><em><b>Order no. 10237<\/b><\/em><\/h4>","protected":false},"excerpt":{"rendered":"<p>Fotel mahoniowy w stylu Chippendale z pocz\u0105tku XX wieku na spr\u0119\u017cynach Stylowy fotel w stylu Chippendale&#8217;a z pocz\u0105tku XX wieku. Wykonany z mahoniowego drewna, z charakterystycznym rze\u017abionym oparciem. Tapicerka w zielonym kolorze jest w dobrym stanie. Mebel nadaje si\u0119 do u\u017cytku i b\u0119dzie pi\u0119kn\u0105 ozdob\u0105 ka\u017cdego wn\u0119trza. Wymiary: wysoko\u015b\u0107: 109,5cm szeroko\u015b\u0107:\u00a0 57cm g\u0142\u0119boko\u015b\u0107: 52 cm [&hellip;]<\/p>\n","protected":false},"featured_media":48441,"template":"","meta":{"_seopress_robots_primary_cat":"","_seopress_titles_title":"","_seopress_titles_desc":"","_seopress_robots_index":"","site-sidebar-layout":"default","site-content-layout":"","ast-site-content-layout":"default","site-content-style":"default","site-sidebar-style":"default","ast-global-header-display":"","ast-banner-title-visibility":"","ast-main-header-display":"","ast-hfb-above-header-display":"","ast-hfb-below-header-display":"","ast-hfb-mobile-header-display":"","site-post-title":"","ast-breadcrumbs-content":"","ast-featured-img":"","footer-sml-layout":"","ast-disable-related-posts":"","theme-transparent-header-meta":"default","adv-header-id-meta":"","stick-header-meta":"default","header-above-stick-meta":"","header-main-stick-meta":"","header-below-stick-meta":"","astra-migrate-meta-layouts":"set","ast-page-background-enabled":"default","ast-page-background-meta":{"desktop":{"background-color":"var(--ast-global-color-4)","background-image":"","background-repeat":"repeat","background-position":"center center","background-size":"auto","background-attachment":"scroll","background-type":"","background-media":"","overlay-type":"","overlay-color":"","overlay-opacity":"","overlay-gradient":""},"tablet":{"background-color":"","background-image":"","background-repeat":"repeat","background-position":"center center","background-size":"auto","background-attachment":"scroll","background-type":"","background-media":"","overlay-type":"","overlay-color":"","overlay-opacity":"","overlay-gradient":""},"mobile":{"background-color":"","background-image":"","background-repeat":"repeat","background-position":"center center","background-size":"auto","background-attachment":"scroll","background-type":"","background-media":"","overlay-type":"","overlay-color":"","overlay-opacity":"","overlay-gradient":""}},"ast-content-background-meta":{"desktop":{"background-color":"var(--ast-global-color-5)","background-image":"","background-repeat":"repeat","background-position":"center center","background-size":"auto","background-attachment":"scroll","background-type":"","background-media":"","overlay-type":"","overlay-color":"","overlay-opacity":"","overlay-gradient":""},"tablet":{"background-color":"var(--ast-global-color-5)","background-image":"","background-repeat":"repeat","background-position":"center center","background-size":"auto","background-attachment":"scroll","background-type":"","background-media":"","overlay-type":"","overlay-color":"","overlay-opacity":"","overlay-gradient":""},"mobile":{"background-color":"var(--ast-global-color-5)","background-image":"","background-repeat":"repeat","background-position":"center center","background-size":"auto","background-attachment":"scroll","background-type":"","background-media":"","overlay-type":"","overlay-color":"","overlay-opacity":"","overlay-gradient":""}}},"product_brand":[],"product_cat":[39,32],"product_tag":[],"class_list":{"0":"post-48498","1":"product","2":"type-product","3":"status-publish","4":"has-post-thumbnail","6":"product_cat-fotele-puf","7":"product_cat-meble","8":"product_shipping_class-wysylka-100zl","9":"desktop-align-left","10":"tablet-align-left","11":"mobile-align-left","12":"ast-product-gallery-layout-vertical-slider","13":"ast-product-tabs-layout-horizontal","14":"ast-qv-on-image","16":"first","17":"instock","18":"sale","19":"sold-individually","20":"shipping-taxable","21":"purchasable","22":"product-type-simple"},"_links":{"self":[{"href":"https:\/\/antart.com.pl\/en\/wp-json\/wp\/v2\/product\/48498","targetHints":{"allow":["GET"]}}],"collection":[{"href":"https:\/\/antart.com.pl\/en\/wp-json\/wp\/v2\/product"}],"about":[{"href":"https:\/\/antart.com.pl\/en\/wp-json\/wp\/v2\/types\/product"}],"wp:featuredmedia":[{"embeddable":true,"href":"https:\/\/antart.com.pl\/en\/wp-json\/wp\/v2\/media\/48441"}],"wp:attachment":[{"href":"https:\/\/antart.com.pl\/en\/wp-json\/wp\/v2\/media?parent=48498"}],"wp:term":[{"taxonomy":"product_brand","embeddable":true,"href":"https:\/\/antart.com.pl\/en\/wp-json\/wp\/v2\/product_brand?post=48498"},{"taxonomy":"product_cat","embeddable":true,"href":"https:\/\/antart.com.pl\/en\/wp-json\/wp\/v2\/product_cat?post=48498"},{"taxonomy":"product_tag","embeddable":true,"href":"https:\/\/antart.com.pl\/en\/wp-json\/wp\/v2\/product_tag?post=48498"}],"curies":[{"name":"wp","href":"https:\/\/api.w.org\/{rel}","templated":true}]}}