{"id":48499,"date":"2025-10-20T09:39:03","date_gmt":"2025-10-20T07:39:03","guid":{"rendered":"https:\/\/antart.com.pl\/?post_type=product&#038;p=48499"},"modified":"2026-04-01T20:15:25","modified_gmt":"2026-04-01T18:15:25","slug":"art-nouveau-oak-armchair-on-springs","status":"publish","type":"product","link":"https:\/\/antart.com.pl\/en\/produkt\/fotel-secesyjny-debowy-na-sprezynach\/","title":{"rendered":"Art Nouveau oak armchair on springs"},"content":{"rendered":"<h4 style=\"text-align: center;\"><em><strong>Art Nouveau oak armchair on springs<\/strong><\/em><\/h4>\n<h4 style=\"text-align: center;\"><em><strong>A stylish wooden armchair in the art nouveau style, with a decorative backrest and sprung seat. The piece of furniture is made of dark oak wood, which gives it an elegant and timeless look. The armchair is in good usable condition and would be ideal as an addition to a vintage or rustic style interior.<\/strong><\/em><\/h4>\n<h4><em><strong>Dimensions:<\/strong><\/em><\/h4>\n<ul>\n<li>\n<h4><em><strong>height: 101cm<\/strong><\/em><\/h4>\n<\/li>\n<li>\n<h4><em><strong>width: 62cm<\/strong><\/em><\/h4>\n<\/li>\n<li>\n<h4><em><strong>depth: 56 cm<\/strong><\/em><\/h4>\n<\/li>\n<li>\n<h4><em><strong>height to seat: 48cm<\/strong><\/em><\/h4>\n<\/li>\n<li>\n<h4><em><strong>seat depth: 47cm<\/strong><\/em><\/h4>\n<\/li>\n<li>\n<h4><em><strong>seat width: 50 cm<\/strong><\/em><\/h4>\n<\/li>\n<\/ul>\n<h4 style=\"text-align: center;\"><em><strong>NOTE!!!<\/strong><\/em><\/h4>\n<h4 style=\"text-align: center;\"><em><strong>For the sake of safe delivery, in some cases we organise bulk or individual shipping.<\/strong><\/em><\/h4>\n<h4 style=\"text-align: center;\"><em><strong>**************************************<\/strong><\/em><\/h4>\n<h4 style=\"text-align: center;\"><em><strong>The photos show the actual condition of the item Additional photos on request All our items on display are available in our warehouse. Can be viewed by appointment.<\/strong><\/em><\/h4>\n<h4><em><strong>Order no. 10236<\/strong><\/em><\/h4>","protected":false},"excerpt":{"rendered":"<p>Fotel secesyjny d\u0119bowy na spr\u0119\u017cynach Stylowy, drewniany fotel w stylu art nouveau, z ozdobnym oparciem i spr\u0119\u017cynuj\u0105cym siedziskiem. Mebel zosta\u0142 wykonany z ciemnego, d\u0119bowego drewna, kt\u00f3re nadaje mu elegancki i ponadczasowy wygl\u0105d. Fotel jest w dobrym stanie u\u017cytkowym, idealnie sprawdzi si\u0119 jako dodatek do wn\u0119trza w stylu vintage lub rustykalnym. Wymiary: wysoko\u015b\u0107: 101cm szeroko\u015b\u0107:\u00a0 62cm [&hellip;]<\/p>\n","protected":false},"featured_media":48456,"template":"","meta":{"_seopress_robots_primary_cat":"","_seopress_titles_title":"","_seopress_titles_desc":"","_seopress_robots_index":"","site-sidebar-layout":"default","site-content-layout":"","ast-site-content-layout":"default","site-content-style":"default","site-sidebar-style":"default","ast-global-header-display":"","ast-banner-title-visibility":"","ast-main-header-display":"","ast-hfb-above-header-display":"","ast-hfb-below-header-display":"","ast-hfb-mobile-header-display":"","site-post-title":"","ast-breadcrumbs-content":"","ast-featured-img":"","footer-sml-layout":"","ast-disable-related-posts":"","theme-transparent-header-meta":"default","adv-header-id-meta":"","stick-header-meta":"default","header-above-stick-meta":"","header-main-stick-meta":"","header-below-stick-meta":"","astra-migrate-meta-layouts":"set","ast-page-background-enabled":"default","ast-page-background-meta":{"desktop":{"background-color":"var(--ast-global-color-4)","background-image":"","background-repeat":"repeat","background-position":"center center","background-size":"auto","background-attachment":"scroll","background-type":"","background-media":"","overlay-type":"","overlay-color":"","overlay-opacity":"","overlay-gradient":""},"tablet":{"background-color":"","background-image":"","background-repeat":"repeat","background-position":"center center","background-size":"auto","background-attachment":"scroll","background-type":"","background-media":"","overlay-type":"","overlay-color":"","overlay-opacity":"","overlay-gradient":""},"mobile":{"background-color":"","background-image":"","background-repeat":"repeat","background-position":"center center","background-size":"auto","background-attachment":"scroll","background-type":"","background-media":"","overlay-type":"","overlay-color":"","overlay-opacity":"","overlay-gradient":""}},"ast-content-background-meta":{"desktop":{"background-color":"var(--ast-global-color-5)","background-image":"","background-repeat":"repeat","background-position":"center center","background-size":"auto","background-attachment":"scroll","background-type":"","background-media":"","overlay-type":"","overlay-color":"","overlay-opacity":"","overlay-gradient":""},"tablet":{"background-color":"var(--ast-global-color-5)","background-image":"","background-repeat":"repeat","background-position":"center center","background-size":"auto","background-attachment":"scroll","background-type":"","background-media":"","overlay-type":"","overlay-color":"","overlay-opacity":"","overlay-gradient":""},"mobile":{"background-color":"var(--ast-global-color-5)","background-image":"","background-repeat":"repeat","background-position":"center center","background-size":"auto","background-attachment":"scroll","background-type":"","background-media":"","overlay-type":"","overlay-color":"","overlay-opacity":"","overlay-gradient":""}}},"product_brand":[],"product_cat":[39,32],"product_tag":[],"class_list":{"0":"post-48499","1":"product","2":"type-product","3":"status-publish","4":"has-post-thumbnail","6":"product_cat-fotele-puf","7":"product_cat-meble","8":"product_shipping_class-wysylka-80zl","9":"desktop-align-left","10":"tablet-align-left","11":"mobile-align-left","12":"ast-product-gallery-layout-vertical-slider","13":"ast-product-tabs-layout-horizontal","14":"ast-qv-on-image","16":"first","17":"instock","18":"sale","19":"sold-individually","20":"shipping-taxable","21":"purchasable","22":"product-type-simple"},"_links":{"self":[{"href":"https:\/\/antart.com.pl\/en\/wp-json\/wp\/v2\/product\/48499","targetHints":{"allow":["GET"]}}],"collection":[{"href":"https:\/\/antart.com.pl\/en\/wp-json\/wp\/v2\/product"}],"about":[{"href":"https:\/\/antart.com.pl\/en\/wp-json\/wp\/v2\/types\/product"}],"wp:featuredmedia":[{"embeddable":true,"href":"https:\/\/antart.com.pl\/en\/wp-json\/wp\/v2\/media\/48456"}],"wp:attachment":[{"href":"https:\/\/antart.com.pl\/en\/wp-json\/wp\/v2\/media?parent=48499"}],"wp:term":[{"taxonomy":"product_brand","embeddable":true,"href":"https:\/\/antart.com.pl\/en\/wp-json\/wp\/v2\/product_brand?post=48499"},{"taxonomy":"product_cat","embeddable":true,"href":"https:\/\/antart.com.pl\/en\/wp-json\/wp\/v2\/product_cat?post=48499"},{"taxonomy":"product_tag","embeddable":true,"href":"https:\/\/antart.com.pl\/en\/wp-json\/wp\/v2\/product_tag?post=48499"}],"curies":[{"name":"wp","href":"https:\/\/api.w.org\/{rel}","templated":true}]}}