{"id":48504,"date":"2025-10-20T12:22:19","date_gmt":"2025-10-20T10:22:19","guid":{"rendered":"https:\/\/antart.com.pl\/?post_type=product&#038;p=48504"},"modified":"2026-04-01T20:16:35","modified_gmt":"2026-04-01T18:16:35","slug":"regency-style-chair-in-mahogany-viterior","status":"publish","type":"product","link":"https:\/\/antart.com.pl\/en\/produkt\/krzeslo-w-stylu-regencji-w-mahoniu-viterior\/","title":{"rendered":"Regency style chair in mahogany Viterior"},"content":{"rendered":"<h4 style=\"text-align: center;\"><em><b>Regency style chair in mahogany Viterior<\/b><\/em><\/h4>\n<h4 style=\"text-align: center;\"><em>A stylish Regency-style armchair made of dark mahogany wood. The seat is upholstered in a delicate geometric pattern. The furniture is in good condition, suitable for use in a living room or study.<\/em><\/h4>\n<h4><em><b>Dimensions:<\/b><\/em><\/h4>\n<ul>\n<li>\n<h4><em>height: 84.5 cm<\/em><\/h4>\n<\/li>\n<li>\n<h4><em>width: 47 cm<\/em><\/h4>\n<\/li>\n<li>\n<h4><em>depth: 48 cm<\/em><\/h4>\n<\/li>\n<li>\n<h4><em>height to seat: 46 cm<\/em><\/h4>\n<\/li>\n<li>\n<h4><em>seat depth 42 cm<\/em><\/h4>\n<\/li>\n<\/ul>\n<h4><em>I own 3 pieces.<\/em><\/h4>\n<h4><em>The price is for 1 piece.<\/em><\/h4>\n<h4 style=\"text-align: center;\"><em><b>NOTE!!!<\/b><\/em><\/h4>\n<h4 style=\"text-align: center;\"><em><b>For the sake of safe delivery, in some cases we organise bulk or individual shipping.<\/b><\/em><\/h4>\n<h4 style=\"text-align: center;\"><em><b>*****************************************<\/b><\/em><\/h4>\n<h4 style=\"text-align: center;\"><em><b>The photos show the actual state of the object<\/b> <b>Additional photos upon request<\/b> <b>All our items on display are available in our warehouse.<\/b> <b>Can be viewed by appointment.<\/b><\/em><\/h4>\n<h4><em><b>Order no. 10233<\/b><\/em><\/h4>","protected":false},"excerpt":{"rendered":"<p>Krzes\u0142o w stylu Regencji w mahoniu Viterior Stylowy fotel w stylu regencyjnym wykonany z ciemnego, mahoniowego drewna. Siedzisko tapicerowane w delikatny, geometryczny wz\u00f3r. Mebel jest w dobrym stanie, nadaje si\u0119 do u\u017cytku w salonie lub gabinecie. Wymiary: wysoko\u015b\u0107: 84,5 cm szeroko\u015b\u0107: 47 cm g\u0142\u0119boko\u015b\u0107: 48 cm wysoko\u015b\u0107 do siedziska: 46 cm g\u0142\u0119boko\u015b\u0107 siedziska: 42 cm [&hellip;]<\/p>\n","protected":false},"featured_media":48505,"template":"","meta":{"_seopress_robots_primary_cat":"","_seopress_titles_title":"","_seopress_titles_desc":"","_seopress_robots_index":"","site-sidebar-layout":"default","site-content-layout":"","ast-site-content-layout":"default","site-content-style":"default","site-sidebar-style":"default","ast-global-header-display":"","ast-banner-title-visibility":"","ast-main-header-display":"","ast-hfb-above-header-display":"","ast-hfb-below-header-display":"","ast-hfb-mobile-header-display":"","site-post-title":"","ast-breadcrumbs-content":"","ast-featured-img":"","footer-sml-layout":"","ast-disable-related-posts":"","theme-transparent-header-meta":"default","adv-header-id-meta":"","stick-header-meta":"default","header-above-stick-meta":"","header-main-stick-meta":"","header-below-stick-meta":"","astra-migrate-meta-layouts":"set","ast-page-background-enabled":"default","ast-page-background-meta":{"desktop":{"background-color":"var(--ast-global-color-4)","background-image":"","background-repeat":"repeat","background-position":"center center","background-size":"auto","background-attachment":"scroll","background-type":"","background-media":"","overlay-type":"","overlay-color":"","overlay-opacity":"","overlay-gradient":""},"tablet":{"background-color":"","background-image":"","background-repeat":"repeat","background-position":"center center","background-size":"auto","background-attachment":"scroll","background-type":"","background-media":"","overlay-type":"","overlay-color":"","overlay-opacity":"","overlay-gradient":""},"mobile":{"background-color":"","background-image":"","background-repeat":"repeat","background-position":"center center","background-size":"auto","background-attachment":"scroll","background-type":"","background-media":"","overlay-type":"","overlay-color":"","overlay-opacity":"","overlay-gradient":""}},"ast-content-background-meta":{"desktop":{"background-color":"var(--ast-global-color-5)","background-image":"","background-repeat":"repeat","background-position":"center center","background-size":"auto","background-attachment":"scroll","background-type":"","background-media":"","overlay-type":"","overlay-color":"","overlay-opacity":"","overlay-gradient":""},"tablet":{"background-color":"var(--ast-global-color-5)","background-image":"","background-repeat":"repeat","background-position":"center center","background-size":"auto","background-attachment":"scroll","background-type":"","background-media":"","overlay-type":"","overlay-color":"","overlay-opacity":"","overlay-gradient":""},"mobile":{"background-color":"var(--ast-global-color-5)","background-image":"","background-repeat":"repeat","background-position":"center center","background-size":"auto","background-attachment":"scroll","background-type":"","background-media":"","overlay-type":"","overlay-color":"","overlay-opacity":"","overlay-gradient":""}}},"product_brand":[],"product_cat":[36,32],"product_tag":[],"class_list":{"0":"post-48504","1":"product","2":"type-product","3":"status-publish","4":"has-post-thumbnail","6":"product_cat-krzesla-taborety","7":"product_cat-meble","8":"product_shipping_class-wysylka-70zl","9":"desktop-align-left","10":"tablet-align-left","11":"mobile-align-left","12":"ast-product-gallery-layout-vertical-slider","13":"ast-product-gallery-with-no-image","14":"ast-product-tabs-layout-horizontal","15":"ast-qv-on-image","17":"first","18":"instock","19":"sale","20":"sold-individually","21":"shipping-taxable","22":"purchasable","23":"product-type-simple"},"_links":{"self":[{"href":"https:\/\/antart.com.pl\/en\/wp-json\/wp\/v2\/product\/48504","targetHints":{"allow":["GET"]}}],"collection":[{"href":"https:\/\/antart.com.pl\/en\/wp-json\/wp\/v2\/product"}],"about":[{"href":"https:\/\/antart.com.pl\/en\/wp-json\/wp\/v2\/types\/product"}],"wp:featuredmedia":[{"embeddable":true,"href":"https:\/\/antart.com.pl\/en\/wp-json\/wp\/v2\/media\/48505"}],"wp:attachment":[{"href":"https:\/\/antart.com.pl\/en\/wp-json\/wp\/v2\/media?parent=48504"}],"wp:term":[{"taxonomy":"product_brand","embeddable":true,"href":"https:\/\/antart.com.pl\/en\/wp-json\/wp\/v2\/product_brand?post=48504"},{"taxonomy":"product_cat","embeddable":true,"href":"https:\/\/antart.com.pl\/en\/wp-json\/wp\/v2\/product_cat?post=48504"},{"taxonomy":"product_tag","embeddable":true,"href":"https:\/\/antart.com.pl\/en\/wp-json\/wp\/v2\/product_tag?post=48504"}],"curies":[{"name":"wp","href":"https:\/\/api.w.org\/{rel}","templated":true}]}}