{"id":48569,"date":"2025-10-21T09:57:24","date_gmt":"2025-10-21T07:57:24","guid":{"rendered":"https:\/\/antart.com.pl\/?post_type=product&#038;p=48569"},"modified":"2026-04-01T20:11:22","modified_gmt":"2026-04-01T18:11:22","slug":"lampa-stolowa-ceramiczna-stylu-mid-century-modern-z-lat-50-60-tych","status":"publish","type":"product","link":"https:\/\/antart.com.pl\/en\/produkt\/lampa-stolowa-ceramiczna-stylu-mid-century-modern-z-lat-50-60-tych\/","title":{"rendered":"Mid-century modern style ceramic table lamp from the 1950s\/60s"},"content":{"rendered":"<h4 style=\"text-align: center;\"><em><b>Lampa sto\u0142owa ceramiczna \u00a0stylu mid-century modern z lat 50\/60-tych<\/b><\/em><\/h4>\n<h4 style=\"text-align: center;\"><em>Stylowa, ceramiczna lampa sto\u0142owa w stylu mid-century modern z lat 50. lub 60. Wykonana z wysokiej jako\u015bci materia\u0142\u00f3w, posiada \u017c\u00f3\u0142ty, matowy klosz i podstaw\u0119. Doskonale wpisuje si\u0119 w klimat retro i wn\u0119trza w stylu vintage.<\/em><\/h4>\n<h4><em><b>Dimensions<\/b><\/em><\/h4>\n<ul>\n<li>\n<h4><em>wysoko\u015b\u0107 ca\u0142kowita: 53cm<\/em><\/h4>\n<\/li>\n<li>\n<h4><em>wysoko\u015b\u0107 klosza&#8221; 27cm<\/em><\/h4>\n<\/li>\n<li>\n<h4><em>upper diameter of lampshade: 21.5cm<\/em><\/h4>\n<\/li>\n<li>\n<h4><em>\u015brednica dolna klosza: 48 cm<\/em><\/h4>\n<\/li>\n<\/ul>\n<h4 style=\"text-align: center;\"><em><b>The photos show the actual state before<\/b><\/em><\/h4>\n<h4 style=\"text-align: center;\"><em><b>Additional photos upon request<\/b><\/em><\/h4>\n<h4 style=\"text-align: center;\"><em><b>All our items on display are available in our warehouse<\/b><\/em><\/h4>\n<h4 style=\"text-align: center;\"><em><b>Can be viewed by appointment.<\/b><\/em><\/h4>\n<h4><em>art. nr. 10276<\/em><\/h4>","protected":false},"excerpt":{"rendered":"<p>Lampa sto\u0142owa ceramiczna \u00a0stylu mid-century modern z lat 50\/60-tych Stylowa, ceramiczna lampa sto\u0142owa w stylu mid-century modern z lat 50. lub 60. Wykonana z wysokiej jako\u015bci materia\u0142\u00f3w, posiada \u017c\u00f3\u0142ty, matowy klosz i podstaw\u0119. Doskonale wpisuje si\u0119 w klimat retro i wn\u0119trza w stylu vintage. Wymiary wysoko\u015b\u0107 ca\u0142kowita: 53cm wysoko\u015b\u0107 klosza&#8221; 27cm \u015brednica g\u00f3rna klosza: 21,5cm [&hellip;]<\/p>\n","protected":false},"featured_media":48599,"template":"","meta":{"_seopress_robots_primary_cat":"","_seopress_titles_title":"","_seopress_titles_desc":"","_seopress_robots_index":"","site-sidebar-layout":"default","site-content-layout":"","ast-site-content-layout":"default","site-content-style":"default","site-sidebar-style":"default","ast-global-header-display":"","ast-banner-title-visibility":"","ast-main-header-display":"","ast-hfb-above-header-display":"","ast-hfb-below-header-display":"","ast-hfb-mobile-header-display":"","site-post-title":"","ast-breadcrumbs-content":"","ast-featured-img":"","footer-sml-layout":"","ast-disable-related-posts":"","theme-transparent-header-meta":"default","adv-header-id-meta":"","stick-header-meta":"default","header-above-stick-meta":"","header-main-stick-meta":"","header-below-stick-meta":"","astra-migrate-meta-layouts":"set","ast-page-background-enabled":"default","ast-page-background-meta":{"desktop":{"background-color":"var(--ast-global-color-4)","background-image":"","background-repeat":"repeat","background-position":"center center","background-size":"auto","background-attachment":"scroll","background-type":"","background-media":"","overlay-type":"","overlay-color":"","overlay-opacity":"","overlay-gradient":""},"tablet":{"background-color":"","background-image":"","background-repeat":"repeat","background-position":"center center","background-size":"auto","background-attachment":"scroll","background-type":"","background-media":"","overlay-type":"","overlay-color":"","overlay-opacity":"","overlay-gradient":""},"mobile":{"background-color":"","background-image":"","background-repeat":"repeat","background-position":"center center","background-size":"auto","background-attachment":"scroll","background-type":"","background-media":"","overlay-type":"","overlay-color":"","overlay-opacity":"","overlay-gradient":""}},"ast-content-background-meta":{"desktop":{"background-color":"var(--ast-global-color-5)","background-image":"","background-repeat":"repeat","background-position":"center center","background-size":"auto","background-attachment":"scroll","background-type":"","background-media":"","overlay-type":"","overlay-color":"","overlay-opacity":"","overlay-gradient":""},"tablet":{"background-color":"var(--ast-global-color-5)","background-image":"","background-repeat":"repeat","background-position":"center center","background-size":"auto","background-attachment":"scroll","background-type":"","background-media":"","overlay-type":"","overlay-color":"","overlay-opacity":"","overlay-gradient":""},"mobile":{"background-color":"var(--ast-global-color-5)","background-image":"","background-repeat":"repeat","background-position":"center center","background-size":"auto","background-attachment":"scroll","background-type":"","background-media":"","overlay-type":"","overlay-color":"","overlay-opacity":"","overlay-gradient":""}}},"product_brand":[],"product_cat":[40,30],"product_tag":[],"class_list":{"0":"post-48569","1":"product","2":"type-product","3":"status-publish","4":"has-post-thumbnail","6":"product_cat-lampy-stolowe","7":"product_cat-oswietlenie","8":"product_shipping_class-wysylka-50zl","9":"desktop-align-left","10":"tablet-align-left","11":"mobile-align-left","12":"ast-product-gallery-layout-vertical-slider","13":"ast-product-tabs-layout-horizontal","14":"ast-qv-on-image","16":"first","17":"instock","18":"sale","19":"sold-individually","20":"shipping-taxable","21":"purchasable","22":"product-type-simple"},"_links":{"self":[{"href":"https:\/\/antart.com.pl\/en\/wp-json\/wp\/v2\/product\/48569","targetHints":{"allow":["GET"]}}],"collection":[{"href":"https:\/\/antart.com.pl\/en\/wp-json\/wp\/v2\/product"}],"about":[{"href":"https:\/\/antart.com.pl\/en\/wp-json\/wp\/v2\/types\/product"}],"wp:featuredmedia":[{"embeddable":true,"href":"https:\/\/antart.com.pl\/en\/wp-json\/wp\/v2\/media\/48599"}],"wp:attachment":[{"href":"https:\/\/antart.com.pl\/en\/wp-json\/wp\/v2\/media?parent=48569"}],"wp:term":[{"taxonomy":"product_brand","embeddable":true,"href":"https:\/\/antart.com.pl\/en\/wp-json\/wp\/v2\/product_brand?post=48569"},{"taxonomy":"product_cat","embeddable":true,"href":"https:\/\/antart.com.pl\/en\/wp-json\/wp\/v2\/product_cat?post=48569"},{"taxonomy":"product_tag","embeddable":true,"href":"https:\/\/antart.com.pl\/en\/wp-json\/wp\/v2\/product_tag?post=48569"}],"curies":[{"name":"wp","href":"https:\/\/api.w.org\/{rel}","templated":true}]}}