{"id":48629,"date":"2025-10-21T10:30:39","date_gmt":"2025-10-21T08:30:39","guid":{"rendered":"https:\/\/antart.com.pl\/?post_type=product&#038;p=48629"},"modified":"2026-04-01T20:11:20","modified_gmt":"2026-04-01T18:11:20","slug":"ceramic-column-mounted-lamp-in-orange","status":"publish","type":"product","link":"https:\/\/antart.com.pl\/en\/produkt\/lampa-ceramiczna-stojaca-na-kolumnie-w-odcieniu-pomaranczowym\/","title":{"rendered":"Ceramic column standing lamp in orange shade"},"content":{"rendered":"<h4 style=\"text-align: center;\"><strong><em>Ceramic column standing lamp in orange shade<\/em><\/strong><\/h4>\n<h4 style=\"text-align: center;\"><strong><em>A stylish standing lamp in orange. The lamp base is decorated with decorative patterns, giving it an elegant look. The blue lampshade blends in perfectly with the whole, creating a coherent and aesthetically pleasing whole.<\/em><\/strong><\/h4>\n<h4><strong><em>Dimensions<\/em><\/strong><\/h4>\n<ul>\n<li>\n<h4><strong><em>total height: 136cm<\/em><\/strong><\/h4>\n<\/li>\n<li>\n<h4><strong><em>height of lampshade : 69cm<\/em><\/strong><\/h4>\n<\/li>\n<li>\n<h4><strong><em>upper diameter of lampshade: 22cm<\/em><\/strong><\/h4>\n<\/li>\n<li>\n<h4><strong><em>bottom diameter of lampshade: 48.5 cm<\/em><\/strong><\/h4>\n<\/li>\n<\/ul>\n<h4><strong><em>Pedestal<\/em><\/strong><\/h4>\n<ul>\n<li>\n<h4><strong><em>height: 67 cm<\/em><\/strong><\/h4>\n<\/li>\n<li>\n<h4><strong><em>bottom base: 23 cm \/ 23cm<\/em><\/strong><\/h4>\n<\/li>\n<li>\n<h4><strong><em>diameter : 23.5<\/em><\/strong><\/h4>\n<\/li>\n<\/ul>\n<h4 style=\"text-align: center;\"><strong><em>The photos show the actual state before<\/em><\/strong><\/h4>\n<h4 style=\"text-align: center;\"><strong><em>Additional photos upon request<\/em><\/strong><\/h4>\n<h4 style=\"text-align: center;\"><strong><em>All our items on display are available in our warehouse<\/em><\/strong><\/h4>\n<h4 style=\"text-align: center;\"><strong><em>Can be viewed by appointment.<\/em><\/strong><\/h4>\n<h4><strong><em>article no. 10274<\/em><\/strong><\/h4>","protected":false},"excerpt":{"rendered":"<p>Lampa ceramiczna stoj\u0105ca na kolumnie w odcieniu pomara\u0144czowym Stylowa lampa stoj\u0105ca w kolorze pomara\u0144czowym. Podstawa lampy zdobiona jest dekoracyjnymi wzorami, nadaj\u0105c jej elegancki wygl\u0105d. Aba\u017cur w kolorze niebieskim doskonale komponuje si\u0119 z ca\u0142o\u015bci\u0105, tworz\u0105c sp\u00f3jn\u0105 i estetyczn\u0105 ca\u0142o\u015b\u0107. Wymiary wysoko\u015b\u0107 ca\u0142kowita: 136cm wysoko\u015b\u0107 klosza : 69cm \u015brednica g\u00f3rna klosza: 22cm \u015brednica dolna klosza: 48,5 cm [&hellip;]<\/p>\n","protected":false},"featured_media":48644,"template":"","meta":{"_seopress_robots_primary_cat":"","_seopress_titles_title":"","_seopress_titles_desc":"","_seopress_robots_index":"","site-sidebar-layout":"default","site-content-layout":"","ast-site-content-layout":"default","site-content-style":"default","site-sidebar-style":"default","ast-global-header-display":"","ast-banner-title-visibility":"","ast-main-header-display":"","ast-hfb-above-header-display":"","ast-hfb-below-header-display":"","ast-hfb-mobile-header-display":"","site-post-title":"","ast-breadcrumbs-content":"","ast-featured-img":"","footer-sml-layout":"","ast-disable-related-posts":"","theme-transparent-header-meta":"default","adv-header-id-meta":"","stick-header-meta":"default","header-above-stick-meta":"","header-main-stick-meta":"","header-below-stick-meta":"","astra-migrate-meta-layouts":"set","ast-page-background-enabled":"default","ast-page-background-meta":{"desktop":{"background-color":"var(--ast-global-color-4)","background-image":"","background-repeat":"repeat","background-position":"center center","background-size":"auto","background-attachment":"scroll","background-type":"","background-media":"","overlay-type":"","overlay-color":"","overlay-opacity":"","overlay-gradient":""},"tablet":{"background-color":"","background-image":"","background-repeat":"repeat","background-position":"center center","background-size":"auto","background-attachment":"scroll","background-type":"","background-media":"","overlay-type":"","overlay-color":"","overlay-opacity":"","overlay-gradient":""},"mobile":{"background-color":"","background-image":"","background-repeat":"repeat","background-position":"center center","background-size":"auto","background-attachment":"scroll","background-type":"","background-media":"","overlay-type":"","overlay-color":"","overlay-opacity":"","overlay-gradient":""}},"ast-content-background-meta":{"desktop":{"background-color":"var(--ast-global-color-5)","background-image":"","background-repeat":"repeat","background-position":"center center","background-size":"auto","background-attachment":"scroll","background-type":"","background-media":"","overlay-type":"","overlay-color":"","overlay-opacity":"","overlay-gradient":""},"tablet":{"background-color":"var(--ast-global-color-5)","background-image":"","background-repeat":"repeat","background-position":"center center","background-size":"auto","background-attachment":"scroll","background-type":"","background-media":"","overlay-type":"","overlay-color":"","overlay-opacity":"","overlay-gradient":""},"mobile":{"background-color":"var(--ast-global-color-5)","background-image":"","background-repeat":"repeat","background-position":"center center","background-size":"auto","background-attachment":"scroll","background-type":"","background-media":"","overlay-type":"","overlay-color":"","overlay-opacity":"","overlay-gradient":""}}},"product_brand":[],"product_cat":[52,30],"product_tag":[],"class_list":{"0":"post-48629","1":"product","2":"type-product","3":"status-publish","4":"has-post-thumbnail","6":"product_cat-lampy-stojace","7":"product_cat-oswietlenie","8":"product_shipping_class-wysylka-50zl","9":"desktop-align-left","10":"tablet-align-left","11":"mobile-align-left","12":"ast-product-gallery-layout-vertical-slider","13":"ast-product-tabs-layout-horizontal","14":"ast-qv-on-image","16":"first","17":"instock","18":"sale","19":"sold-individually","20":"shipping-taxable","21":"purchasable","22":"product-type-simple"},"_links":{"self":[{"href":"https:\/\/antart.com.pl\/en\/wp-json\/wp\/v2\/product\/48629","targetHints":{"allow":["GET"]}}],"collection":[{"href":"https:\/\/antart.com.pl\/en\/wp-json\/wp\/v2\/product"}],"about":[{"href":"https:\/\/antart.com.pl\/en\/wp-json\/wp\/v2\/types\/product"}],"wp:featuredmedia":[{"embeddable":true,"href":"https:\/\/antart.com.pl\/en\/wp-json\/wp\/v2\/media\/48644"}],"wp:attachment":[{"href":"https:\/\/antart.com.pl\/en\/wp-json\/wp\/v2\/media?parent=48629"}],"wp:term":[{"taxonomy":"product_brand","embeddable":true,"href":"https:\/\/antart.com.pl\/en\/wp-json\/wp\/v2\/product_brand?post=48629"},{"taxonomy":"product_cat","embeddable":true,"href":"https:\/\/antart.com.pl\/en\/wp-json\/wp\/v2\/product_cat?post=48629"},{"taxonomy":"product_tag","embeddable":true,"href":"https:\/\/antart.com.pl\/en\/wp-json\/wp\/v2\/product_tag?post=48629"}],"curies":[{"name":"wp","href":"https:\/\/api.w.org\/{rel}","templated":true}]}}