{"id":48683,"date":"2025-10-22T11:18:37","date_gmt":"2025-10-22T09:18:37","guid":{"rendered":"https:\/\/antart.com.pl\/?post_type=product&#038;p=48683"},"modified":"2026-04-01T20:12:27","modified_gmt":"2026-04-01T18:12:27","slug":"lampa-stolowa-porcelanowa-z-motylem-pakow-kwiatow","status":"publish","type":"product","link":"https:\/\/antart.com.pl\/en\/produkt\/lampa-stolowa-porcelanowa-z-motylem-pakow-kwiatow\/","title":{"rendered":"Porcelain table lamp with flower bud butterfly"},"content":{"rendered":"<h4 style=\"text-align: center;\"><em><strong>Lampa sto\u0142owa porcelanowa \u00a0z motylem p\u0105k\u00f3w kwiat\u00f3w<\/strong><\/em><\/h4>\n<h4 style=\"text-align: center;\"><em><strong>U\u017cywana porcelanowa lampa sto\u0142owa w kszta\u0142cie kwiatu z li\u015b\u0107mi. Podstawa lampy jest w kolorze zielonym, a aba\u017cur ma neutralny kolor. Lampa ma klasyczny i delikatny design, kt\u00f3ry pasuje do r\u00f3\u017cnych wn\u0119trz.<\/strong><\/em><\/h4>\n<h4 style=\"text-align: center;\"><em><strong>Aba\u017cur posiada uszkodzenia i przebarwienia.<\/strong><\/em><\/h4>\n<h4><em><strong>Dimensions<\/strong><\/em><\/h4>\n<ul>\n<li>\n<h4><em><strong>wysoko\u015b\u0107 ca\u0142kowita: 69cm<\/strong><\/em><\/h4>\n<\/li>\n<li>\n<h4><em><strong>\u015brednica g\u00f3rna klosza: 32,5m<\/strong><\/em><\/h4>\n<\/li>\n<li>\n<h4><em><strong>\u015brednica dolna klosza: 59 cm<\/strong><\/em><\/h4>\n<\/li>\n<\/ul>\n<h4 style=\"text-align: center;\"><em><strong>The photos show the actual state before<\/strong><\/em><\/h4>\n<h4 style=\"text-align: center;\"><em><strong>Additional photos upon request<\/strong><\/em><\/h4>\n<h4 style=\"text-align: center;\"><em><strong>All our items on display are available in our warehouse<\/strong><\/em><\/h4>\n<h4 style=\"text-align: center;\"><em><strong>Can be viewed by appointment.<\/strong><\/em><\/h4>\n<h4><em><strong>art. nr. 10273<\/strong><\/em><\/h4>","protected":false},"excerpt":{"rendered":"<p>Lampa sto\u0142owa porcelanowa \u00a0z motylem p\u0105k\u00f3w kwiat\u00f3w U\u017cywana porcelanowa lampa sto\u0142owa w kszta\u0142cie kwiatu z li\u015b\u0107mi. Podstawa lampy jest w kolorze zielonym, a aba\u017cur ma neutralny kolor. Lampa ma klasyczny i delikatny design, kt\u00f3ry pasuje do r\u00f3\u017cnych wn\u0119trz. Aba\u017cur posiada uszkodzenia i przebarwienia. Wymiary wysoko\u015b\u0107 ca\u0142kowita: 69cm \u015brednica g\u00f3rna klosza: 32,5m \u015brednica dolna klosza: 59 [&hellip;]<\/p>\n","protected":false},"featured_media":48685,"template":"","meta":{"_seopress_robots_primary_cat":"","_seopress_titles_title":"","_seopress_titles_desc":"","_seopress_robots_index":"","site-sidebar-layout":"default","site-content-layout":"","ast-site-content-layout":"default","site-content-style":"default","site-sidebar-style":"default","ast-global-header-display":"","ast-banner-title-visibility":"","ast-main-header-display":"","ast-hfb-above-header-display":"","ast-hfb-below-header-display":"","ast-hfb-mobile-header-display":"","site-post-title":"","ast-breadcrumbs-content":"","ast-featured-img":"","footer-sml-layout":"","ast-disable-related-posts":"","theme-transparent-header-meta":"default","adv-header-id-meta":"","stick-header-meta":"default","header-above-stick-meta":"","header-main-stick-meta":"","header-below-stick-meta":"","astra-migrate-meta-layouts":"set","ast-page-background-enabled":"default","ast-page-background-meta":{"desktop":{"background-color":"var(--ast-global-color-4)","background-image":"","background-repeat":"repeat","background-position":"center center","background-size":"auto","background-attachment":"scroll","background-type":"","background-media":"","overlay-type":"","overlay-color":"","overlay-opacity":"","overlay-gradient":""},"tablet":{"background-color":"","background-image":"","background-repeat":"repeat","background-position":"center center","background-size":"auto","background-attachment":"scroll","background-type":"","background-media":"","overlay-type":"","overlay-color":"","overlay-opacity":"","overlay-gradient":""},"mobile":{"background-color":"","background-image":"","background-repeat":"repeat","background-position":"center center","background-size":"auto","background-attachment":"scroll","background-type":"","background-media":"","overlay-type":"","overlay-color":"","overlay-opacity":"","overlay-gradient":""}},"ast-content-background-meta":{"desktop":{"background-color":"var(--ast-global-color-5)","background-image":"","background-repeat":"repeat","background-position":"center center","background-size":"auto","background-attachment":"scroll","background-type":"","background-media":"","overlay-type":"","overlay-color":"","overlay-opacity":"","overlay-gradient":""},"tablet":{"background-color":"var(--ast-global-color-5)","background-image":"","background-repeat":"repeat","background-position":"center center","background-size":"auto","background-attachment":"scroll","background-type":"","background-media":"","overlay-type":"","overlay-color":"","overlay-opacity":"","overlay-gradient":""},"mobile":{"background-color":"var(--ast-global-color-5)","background-image":"","background-repeat":"repeat","background-position":"center center","background-size":"auto","background-attachment":"scroll","background-type":"","background-media":"","overlay-type":"","overlay-color":"","overlay-opacity":"","overlay-gradient":""}}},"product_brand":[],"product_cat":[40,30],"product_tag":[],"class_list":{"0":"post-48683","1":"product","2":"type-product","3":"status-publish","4":"has-post-thumbnail","6":"product_cat-lampy-stolowe","7":"product_cat-oswietlenie","8":"product_shipping_class-wysylka-50zl","9":"desktop-align-left","10":"tablet-align-left","11":"mobile-align-left","12":"ast-product-gallery-layout-vertical-slider","13":"ast-product-tabs-layout-horizontal","14":"ast-qv-on-image","16":"first","17":"instock","18":"sale","19":"sold-individually","20":"shipping-taxable","21":"purchasable","22":"product-type-simple"},"_links":{"self":[{"href":"https:\/\/antart.com.pl\/en\/wp-json\/wp\/v2\/product\/48683","targetHints":{"allow":["GET"]}}],"collection":[{"href":"https:\/\/antart.com.pl\/en\/wp-json\/wp\/v2\/product"}],"about":[{"href":"https:\/\/antart.com.pl\/en\/wp-json\/wp\/v2\/types\/product"}],"wp:featuredmedia":[{"embeddable":true,"href":"https:\/\/antart.com.pl\/en\/wp-json\/wp\/v2\/media\/48685"}],"wp:attachment":[{"href":"https:\/\/antart.com.pl\/en\/wp-json\/wp\/v2\/media?parent=48683"}],"wp:term":[{"taxonomy":"product_brand","embeddable":true,"href":"https:\/\/antart.com.pl\/en\/wp-json\/wp\/v2\/product_brand?post=48683"},{"taxonomy":"product_cat","embeddable":true,"href":"https:\/\/antart.com.pl\/en\/wp-json\/wp\/v2\/product_cat?post=48683"},{"taxonomy":"product_tag","embeddable":true,"href":"https:\/\/antart.com.pl\/en\/wp-json\/wp\/v2\/product_tag?post=48683"}],"curies":[{"name":"wp","href":"https:\/\/api.w.org\/{rel}","templated":true}]}}