{"id":48910,"date":"2025-10-23T14:18:40","date_gmt":"2025-10-23T12:18:40","guid":{"rendered":"https:\/\/antart.com.pl\/?post_type=product&#038;p=48910"},"modified":"2026-04-01T20:12:24","modified_gmt":"2026-04-01T18:12:24","slug":"brass-crystal-table-lamp-from-the-1950s-60s","status":"publish","type":"product","link":"https:\/\/antart.com.pl\/en\/produkt\/lampa-stolowa-krysztalowa-mosiadzowana-z-lat-50-60-tych\/","title":{"rendered":"1950s\/60s brass crystal table lamp"},"content":{"rendered":"<h4 style=\"text-align: center;\"><em><strong>1950s\/60s brass crystal table lamp<\/strong><\/em><\/h4>\n<h4 style=\"text-align: center;\"><em><strong>A stylish table lamp from the 1950s or 1960s.Brass and crystal. The lamp base has an elegant gilded shape and the shade is white. The lamp is in good condition and ready to use.<\/strong><\/em><\/h4>\n<h4><em><strong>Dimensions:<\/strong><\/em><\/h4>\n<ul>\n<li>\n<h4><em><strong>total height: 79cm<\/strong><\/em><\/h4>\n<\/li>\n<li>\n<h4><em><strong>height of lampshade: 35 cm<\/strong><\/em><\/h4>\n<\/li>\n<li>\n<h4><em><strong>upper diameter of lampshade: 23.5cm<\/strong><\/em><\/h4>\n<\/li>\n<li>\n<h4><em><strong>lower diameter of lampshade: 55 cm<\/strong><\/em><\/h4>\n<\/li>\n<\/ul>\n<h4 style=\"text-align: center;\"><em><strong>The photos show the actual state of the object<\/strong><\/em><\/h4>\n<h4 style=\"text-align: center;\"><em><strong>Additional photos upon request<\/strong><\/em><\/h4>\n<h4 style=\"text-align: center;\"><em><strong>All our items on display are available in our warehouse.<\/strong><\/em><\/h4>\n<h4 style=\"text-align: center;\"><em><strong>Can be viewed by appointment.<\/strong><\/em><\/h4>\n<h4><em><strong>NR. ART 10280<\/strong><\/em><\/h4>","protected":false},"excerpt":{"rendered":"<p>Lampa sto\u0142owa kryszta\u0142owa mosi\u0105dzowana z lat 50\/60-tych Stylowa lampa sto\u0142owa z lat 50. lub 60.mosi\u0105dzowana i kryszta\u0142owa. Podstawa lampy ma elegancki, z\u0142ocony kszta\u0142t, a klosz jest bia\u0142y. Lampa jest w dobrym stanie i gotowa do u\u017cytku. Wymiary: wysoko\u015b\u0107 ca\u0142kowita: 79cm wysoko\u015b\u0107 klosza: 35 cm \u015brednica g\u00f3rna klosza: 23,5cm \u015brednica dolna klosza: 55 cm Zdj\u0119cia przedstawiaj\u0105 [&hellip;]<\/p>\n","protected":false},"featured_media":48913,"template":"","meta":{"_seopress_robots_primary_cat":"","_seopress_titles_title":"","_seopress_titles_desc":"","_seopress_robots_index":"","site-sidebar-layout":"default","site-content-layout":"","ast-site-content-layout":"default","site-content-style":"default","site-sidebar-style":"default","ast-global-header-display":"","ast-banner-title-visibility":"","ast-main-header-display":"","ast-hfb-above-header-display":"","ast-hfb-below-header-display":"","ast-hfb-mobile-header-display":"","site-post-title":"","ast-breadcrumbs-content":"","ast-featured-img":"","footer-sml-layout":"","ast-disable-related-posts":"","theme-transparent-header-meta":"default","adv-header-id-meta":"","stick-header-meta":"default","header-above-stick-meta":"","header-main-stick-meta":"","header-below-stick-meta":"","astra-migrate-meta-layouts":"set","ast-page-background-enabled":"default","ast-page-background-meta":{"desktop":{"background-color":"var(--ast-global-color-4)","background-image":"","background-repeat":"repeat","background-position":"center center","background-size":"auto","background-attachment":"scroll","background-type":"","background-media":"","overlay-type":"","overlay-color":"","overlay-opacity":"","overlay-gradient":""},"tablet":{"background-color":"","background-image":"","background-repeat":"repeat","background-position":"center center","background-size":"auto","background-attachment":"scroll","background-type":"","background-media":"","overlay-type":"","overlay-color":"","overlay-opacity":"","overlay-gradient":""},"mobile":{"background-color":"","background-image":"","background-repeat":"repeat","background-position":"center center","background-size":"auto","background-attachment":"scroll","background-type":"","background-media":"","overlay-type":"","overlay-color":"","overlay-opacity":"","overlay-gradient":""}},"ast-content-background-meta":{"desktop":{"background-color":"var(--ast-global-color-5)","background-image":"","background-repeat":"repeat","background-position":"center center","background-size":"auto","background-attachment":"scroll","background-type":"","background-media":"","overlay-type":"","overlay-color":"","overlay-opacity":"","overlay-gradient":""},"tablet":{"background-color":"var(--ast-global-color-5)","background-image":"","background-repeat":"repeat","background-position":"center center","background-size":"auto","background-attachment":"scroll","background-type":"","background-media":"","overlay-type":"","overlay-color":"","overlay-opacity":"","overlay-gradient":""},"mobile":{"background-color":"var(--ast-global-color-5)","background-image":"","background-repeat":"repeat","background-position":"center center","background-size":"auto","background-attachment":"scroll","background-type":"","background-media":"","overlay-type":"","overlay-color":"","overlay-opacity":"","overlay-gradient":""}}},"product_brand":[],"product_cat":[40,30],"product_tag":[],"class_list":{"0":"post-48910","1":"product","2":"type-product","3":"status-publish","4":"has-post-thumbnail","6":"product_cat-lampy-stolowe","7":"product_cat-oswietlenie","8":"product_shipping_class-wysylka-70zl","9":"desktop-align-left","10":"tablet-align-left","11":"mobile-align-left","12":"ast-product-gallery-layout-vertical-slider","13":"ast-product-tabs-layout-horizontal","14":"ast-qv-on-image","16":"first","17":"instock","18":"sale","19":"sold-individually","20":"shipping-taxable","21":"purchasable","22":"product-type-simple"},"_links":{"self":[{"href":"https:\/\/antart.com.pl\/en\/wp-json\/wp\/v2\/product\/48910","targetHints":{"allow":["GET"]}}],"collection":[{"href":"https:\/\/antart.com.pl\/en\/wp-json\/wp\/v2\/product"}],"about":[{"href":"https:\/\/antart.com.pl\/en\/wp-json\/wp\/v2\/types\/product"}],"wp:featuredmedia":[{"embeddable":true,"href":"https:\/\/antart.com.pl\/en\/wp-json\/wp\/v2\/media\/48913"}],"wp:attachment":[{"href":"https:\/\/antart.com.pl\/en\/wp-json\/wp\/v2\/media?parent=48910"}],"wp:term":[{"taxonomy":"product_brand","embeddable":true,"href":"https:\/\/antart.com.pl\/en\/wp-json\/wp\/v2\/product_brand?post=48910"},{"taxonomy":"product_cat","embeddable":true,"href":"https:\/\/antart.com.pl\/en\/wp-json\/wp\/v2\/product_cat?post=48910"},{"taxonomy":"product_tag","embeddable":true,"href":"https:\/\/antart.com.pl\/en\/wp-json\/wp\/v2\/product_tag?post=48910"}],"curies":[{"name":"wp","href":"https:\/\/api.w.org\/{rel}","templated":true}]}}