{"id":48974,"date":"2025-10-23T14:51:31","date_gmt":"2025-10-23T12:51:31","guid":{"rendered":"https:\/\/antart.com.pl\/?post_type=product&#038;p=48974"},"modified":"2026-04-01T20:12:22","modified_gmt":"2026-04-01T18:12:22","slug":"stylowa-lampa-podlogowa-marmurowa-oryginalny-abazur","status":"publish","type":"product","link":"https:\/\/antart.com.pl\/en\/produkt\/stylowa-lampa-podlogowa-marmurowa-oryginalny-abazur\/","title":{"rendered":"Stylish marble floor lamp original lampshade"},"content":{"rendered":"<h4 style=\"text-align: center;\"><em><strong>Stylish marble floor lamp original lampshade<\/strong><\/em><\/h4>\n<h4 style=\"text-align: center;\"><em><strong>Stylowa lampa pod\u0142ogowa z marmurow\u0105 podstaw\u0105 i oryginalnym aba\u017curem. Lampa ma elegancki, klasyczny wygl\u0105d i b\u0119dzie pi\u0119knym dodatkiem do ka\u017cdego wn\u0119trza.<\/strong><\/em><\/h4>\n<h4 style=\"text-align: center;\"><em><strong>Aba\u017cur posiada \u015blady czasu i delikatne zabrudzenia.<\/strong><\/em><\/h4>\n<h4><em><strong>Dimensions:<\/strong><\/em><\/h4>\n<ul>\n<li>\n<h4><em><strong>wysoko\u015b\u0107 ca\u0142kowita: 155cm<\/strong><\/em><\/h4>\n<\/li>\n<li>\n<h4><em><strong>wysoko\u015b\u0107 klosza: 55<\/strong><\/em><\/h4>\n<\/li>\n<li>\n<h4><em><strong>upper diameter of lampshade: 35cm<\/strong><\/em><\/h4>\n<\/li>\n<li>\n<h4><em><strong>\u015brednica dolna klosza: 65 cm<\/strong><\/em><\/h4>\n<\/li>\n<\/ul>\n<h4 style=\"text-align: center;\"><em><strong>The photos show the actual state of the object<\/strong><\/em><\/h4>\n<h4 style=\"text-align: center;\"><em><strong>Additional photos upon request<\/strong><\/em><\/h4>\n<h4 style=\"text-align: center;\"><em><strong>All our items on display are available in our warehouse.<\/strong><\/em><\/h4>\n<h4 style=\"text-align: center;\"><em><strong>Can be viewed by appointment.<\/strong><\/em><\/h4>\n<h4><em><strong>NR. ART 10282<\/strong><\/em><\/h4>","protected":false},"excerpt":{"rendered":"<p>Stylowa lampa pod\u0142ogowa marmurowa oryginalny aba\u017cur Stylowa lampa pod\u0142ogowa z marmurow\u0105 podstaw\u0105 i oryginalnym aba\u017curem. Lampa ma elegancki, klasyczny wygl\u0105d i b\u0119dzie pi\u0119knym dodatkiem do ka\u017cdego wn\u0119trza. Aba\u017cur posiada \u015blady czasu i delikatne zabrudzenia. Wymiary: wysoko\u015b\u0107 ca\u0142kowita: 155cm wysoko\u015b\u0107 klosza: 55 \u015brednica g\u00f3rna klosza: 35cm \u015brednica dolna klosza: 65 cm Zdj\u0119cia przedstawiaj\u0105 stan faktyczny przedmiotu [&hellip;]<\/p>\n","protected":false},"featured_media":48945,"template":"","meta":{"_seopress_robots_primary_cat":"","_seopress_titles_title":"","_seopress_titles_desc":"","_seopress_robots_index":"","site-sidebar-layout":"default","site-content-layout":"","ast-site-content-layout":"default","site-content-style":"default","site-sidebar-style":"default","ast-global-header-display":"","ast-banner-title-visibility":"","ast-main-header-display":"","ast-hfb-above-header-display":"","ast-hfb-below-header-display":"","ast-hfb-mobile-header-display":"","site-post-title":"","ast-breadcrumbs-content":"","ast-featured-img":"","footer-sml-layout":"","ast-disable-related-posts":"","theme-transparent-header-meta":"default","adv-header-id-meta":"","stick-header-meta":"default","header-above-stick-meta":"","header-main-stick-meta":"","header-below-stick-meta":"","astra-migrate-meta-layouts":"set","ast-page-background-enabled":"default","ast-page-background-meta":{"desktop":{"background-color":"var(--ast-global-color-4)","background-image":"","background-repeat":"repeat","background-position":"center center","background-size":"auto","background-attachment":"scroll","background-type":"","background-media":"","overlay-type":"","overlay-color":"","overlay-opacity":"","overlay-gradient":""},"tablet":{"background-color":"","background-image":"","background-repeat":"repeat","background-position":"center center","background-size":"auto","background-attachment":"scroll","background-type":"","background-media":"","overlay-type":"","overlay-color":"","overlay-opacity":"","overlay-gradient":""},"mobile":{"background-color":"","background-image":"","background-repeat":"repeat","background-position":"center center","background-size":"auto","background-attachment":"scroll","background-type":"","background-media":"","overlay-type":"","overlay-color":"","overlay-opacity":"","overlay-gradient":""}},"ast-content-background-meta":{"desktop":{"background-color":"var(--ast-global-color-5)","background-image":"","background-repeat":"repeat","background-position":"center center","background-size":"auto","background-attachment":"scroll","background-type":"","background-media":"","overlay-type":"","overlay-color":"","overlay-opacity":"","overlay-gradient":""},"tablet":{"background-color":"var(--ast-global-color-5)","background-image":"","background-repeat":"repeat","background-position":"center center","background-size":"auto","background-attachment":"scroll","background-type":"","background-media":"","overlay-type":"","overlay-color":"","overlay-opacity":"","overlay-gradient":""},"mobile":{"background-color":"var(--ast-global-color-5)","background-image":"","background-repeat":"repeat","background-position":"center center","background-size":"auto","background-attachment":"scroll","background-type":"","background-media":"","overlay-type":"","overlay-color":"","overlay-opacity":"","overlay-gradient":""}}},"product_brand":[],"product_cat":[52,30],"product_tag":[],"class_list":{"0":"post-48974","1":"product","2":"type-product","3":"status-publish","4":"has-post-thumbnail","6":"product_cat-lampy-stojace","7":"product_cat-oswietlenie","8":"product_shipping_class-wysylka-120zl","9":"desktop-align-left","10":"tablet-align-left","11":"mobile-align-left","12":"ast-product-gallery-layout-vertical-slider","13":"ast-product-tabs-layout-horizontal","14":"ast-qv-on-image","16":"first","17":"instock","18":"sale","19":"sold-individually","20":"shipping-taxable","21":"purchasable","22":"product-type-simple"},"_links":{"self":[{"href":"https:\/\/antart.com.pl\/en\/wp-json\/wp\/v2\/product\/48974","targetHints":{"allow":["GET"]}}],"collection":[{"href":"https:\/\/antart.com.pl\/en\/wp-json\/wp\/v2\/product"}],"about":[{"href":"https:\/\/antart.com.pl\/en\/wp-json\/wp\/v2\/types\/product"}],"wp:featuredmedia":[{"embeddable":true,"href":"https:\/\/antart.com.pl\/en\/wp-json\/wp\/v2\/media\/48945"}],"wp:attachment":[{"href":"https:\/\/antart.com.pl\/en\/wp-json\/wp\/v2\/media?parent=48974"}],"wp:term":[{"taxonomy":"product_brand","embeddable":true,"href":"https:\/\/antart.com.pl\/en\/wp-json\/wp\/v2\/product_brand?post=48974"},{"taxonomy":"product_cat","embeddable":true,"href":"https:\/\/antart.com.pl\/en\/wp-json\/wp\/v2\/product_cat?post=48974"},{"taxonomy":"product_tag","embeddable":true,"href":"https:\/\/antart.com.pl\/en\/wp-json\/wp\/v2\/product_tag?post=48974"}],"curies":[{"name":"wp","href":"https:\/\/api.w.org\/{rel}","templated":true}]}}