{"id":49052,"date":"2025-10-25T09:30:41","date_gmt":"2025-10-25T07:30:41","guid":{"rendered":"https:\/\/antart.com.pl\/?post_type=product&#038;p=49052"},"modified":"2026-04-01T20:12:19","modified_gmt":"2026-04-01T18:12:19","slug":"stylowa-lampa-podlogowa-mosiezna-z-regulowanym-ramieniem","status":"publish","type":"product","link":"https:\/\/antart.com.pl\/en\/produkt\/stylowa-lampa-podlogowa-mosiezna-z-regulowanym-ramieniem\/","title":{"rendered":"Stylish brass floor lamp with adjustable arm"},"content":{"rendered":"<h4 style=\"text-align: center;\"><em><strong>Stylish brass floor lamp with adjustable arm<\/strong><\/em><\/h4>\n<h4 style=\"text-align: center;\"><em><strong>Stylowa lampa pod\u0142ogowa z mosi\u0119\u017cn\u0105 podstaw\u0105 i regulowanym ramieniem. Elegancki i funkcjonalny dodatek do ka\u017cdego wn\u0119trza.<\/strong><\/em><\/h4>\n<h4 style=\"text-align: center;\"><em><strong>Lampa posiada \u015blady utleniania oraz przebarwienia na aba\u017curze.<\/strong><\/em><\/h4>\n<p>&nbsp;<\/p>\n<h4><em><strong>Dimensions:<\/strong><\/em><\/h4>\n<ul>\n<li>\n<h4><em><strong>wysoko\u015b\u0107 ca\u0142kowita: 144cm<\/strong><\/em><\/h4>\n<\/li>\n<li>\n<h4><em><strong>wysoko\u015b\u0107 klosza: 27,5 cm<\/strong><\/em><\/h4>\n<\/li>\n<li>\n<h4><em><strong>\u015brednica g\u00f3rna klosza: 22 cm<\/strong><\/em><\/h4>\n<\/li>\n<li>\n<h4><em><strong>\u015brednica dolna klosza: 51cm<\/strong><\/em><\/h4>\n<\/li>\n<li>\n<h4><em><strong>rozstaw ramienia maksymalna: 64cm<\/strong><\/em><\/h4>\n<\/li>\n<li>\n<h4><em><strong>\u0142amanie ramienia na: 22cm<\/strong><\/em><\/h4>\n<\/li>\n<\/ul>\n<h4 style=\"text-align: center;\"><em><strong>The photos show the actual state of the object<\/strong><\/em><\/h4>\n<h4 style=\"text-align: center;\"><em><strong>Additional photos upon request<\/strong><\/em><\/h4>\n<h4 style=\"text-align: center;\"><em><strong>All our items on display are available in our warehouse.<\/strong><\/em><\/h4>\n<h4 style=\"text-align: center;\"><em><strong>Can be viewed by appointment.<\/strong><\/em><\/h4>\n<h4><em><strong>NR. ART 10293<\/strong><\/em><\/h4>","protected":false},"excerpt":{"rendered":"<p>Stylowa lampa pod\u0142ogowa mosi\u0119\u017cna z regulowanym ramieniem Stylowa lampa pod\u0142ogowa z mosi\u0119\u017cn\u0105 podstaw\u0105 i regulowanym ramieniem. Elegancki i funkcjonalny dodatek do ka\u017cdego wn\u0119trza. Lampa posiada \u015blady utleniania oraz przebarwienia na aba\u017curze. &nbsp; Wymiary: wysoko\u015b\u0107 ca\u0142kowita: 144cm wysoko\u015b\u0107 klosza: 27,5 cm \u015brednica g\u00f3rna klosza: 22 cm \u015brednica dolna klosza: 51cm rozstaw ramienia maksymalna: 64cm \u0142amanie ramienia [&hellip;]<\/p>\n","protected":false},"featured_media":49031,"template":"","meta":{"_seopress_robots_primary_cat":"","_seopress_titles_title":"","_seopress_titles_desc":"","_seopress_robots_index":"","site-sidebar-layout":"default","site-content-layout":"","ast-site-content-layout":"default","site-content-style":"default","site-sidebar-style":"default","ast-global-header-display":"","ast-banner-title-visibility":"","ast-main-header-display":"","ast-hfb-above-header-display":"","ast-hfb-below-header-display":"","ast-hfb-mobile-header-display":"","site-post-title":"","ast-breadcrumbs-content":"","ast-featured-img":"","footer-sml-layout":"","ast-disable-related-posts":"","theme-transparent-header-meta":"default","adv-header-id-meta":"","stick-header-meta":"default","header-above-stick-meta":"","header-main-stick-meta":"","header-below-stick-meta":"","astra-migrate-meta-layouts":"set","ast-page-background-enabled":"default","ast-page-background-meta":{"desktop":{"background-color":"var(--ast-global-color-4)","background-image":"","background-repeat":"repeat","background-position":"center center","background-size":"auto","background-attachment":"scroll","background-type":"","background-media":"","overlay-type":"","overlay-color":"","overlay-opacity":"","overlay-gradient":""},"tablet":{"background-color":"","background-image":"","background-repeat":"repeat","background-position":"center center","background-size":"auto","background-attachment":"scroll","background-type":"","background-media":"","overlay-type":"","overlay-color":"","overlay-opacity":"","overlay-gradient":""},"mobile":{"background-color":"","background-image":"","background-repeat":"repeat","background-position":"center center","background-size":"auto","background-attachment":"scroll","background-type":"","background-media":"","overlay-type":"","overlay-color":"","overlay-opacity":"","overlay-gradient":""}},"ast-content-background-meta":{"desktop":{"background-color":"var(--ast-global-color-5)","background-image":"","background-repeat":"repeat","background-position":"center center","background-size":"auto","background-attachment":"scroll","background-type":"","background-media":"","overlay-type":"","overlay-color":"","overlay-opacity":"","overlay-gradient":""},"tablet":{"background-color":"var(--ast-global-color-5)","background-image":"","background-repeat":"repeat","background-position":"center center","background-size":"auto","background-attachment":"scroll","background-type":"","background-media":"","overlay-type":"","overlay-color":"","overlay-opacity":"","overlay-gradient":""},"mobile":{"background-color":"var(--ast-global-color-5)","background-image":"","background-repeat":"repeat","background-position":"center center","background-size":"auto","background-attachment":"scroll","background-type":"","background-media":"","overlay-type":"","overlay-color":"","overlay-opacity":"","overlay-gradient":""}}},"product_brand":[],"product_cat":[52,30],"product_tag":[],"class_list":{"0":"post-49052","1":"product","2":"type-product","3":"status-publish","4":"has-post-thumbnail","6":"product_cat-lampy-stojace","7":"product_cat-oswietlenie","8":"product_shipping_class-wysylka-120zl","9":"desktop-align-left","10":"tablet-align-left","11":"mobile-align-left","12":"ast-product-gallery-layout-vertical-slider","13":"ast-product-tabs-layout-horizontal","14":"ast-qv-on-image","16":"first","17":"instock","18":"sale","19":"shipping-taxable","20":"purchasable","21":"product-type-simple"},"_links":{"self":[{"href":"https:\/\/antart.com.pl\/en\/wp-json\/wp\/v2\/product\/49052","targetHints":{"allow":["GET"]}}],"collection":[{"href":"https:\/\/antart.com.pl\/en\/wp-json\/wp\/v2\/product"}],"about":[{"href":"https:\/\/antart.com.pl\/en\/wp-json\/wp\/v2\/types\/product"}],"wp:featuredmedia":[{"embeddable":true,"href":"https:\/\/antart.com.pl\/en\/wp-json\/wp\/v2\/media\/49031"}],"wp:attachment":[{"href":"https:\/\/antart.com.pl\/en\/wp-json\/wp\/v2\/media?parent=49052"}],"wp:term":[{"taxonomy":"product_brand","embeddable":true,"href":"https:\/\/antart.com.pl\/en\/wp-json\/wp\/v2\/product_brand?post=49052"},{"taxonomy":"product_cat","embeddable":true,"href":"https:\/\/antart.com.pl\/en\/wp-json\/wp\/v2\/product_cat?post=49052"},{"taxonomy":"product_tag","embeddable":true,"href":"https:\/\/antart.com.pl\/en\/wp-json\/wp\/v2\/product_tag?post=49052"}],"curies":[{"name":"wp","href":"https:\/\/api.w.org\/{rel}","templated":true}]}}