{"id":49172,"date":"2025-10-25T11:58:50","date_gmt":"2025-10-25T09:58:50","guid":{"rendered":"https:\/\/antart.com.pl\/?post_type=product&#038;p=49172"},"modified":"2025-10-25T11:58:51","modified_gmt":"2025-10-25T09:58:51","slug":"stolik-kawowy-z-drewna-i-kamienia-lupka-haslov-z-lat-60-tych","status":"publish","type":"product","link":"https:\/\/antart.com.pl\/en\/produkt\/stolik-kawowy-z-drewna-i-kamienia-lupka-haslov-z-lat-60-tych\/","title":{"rendered":"Haslov wood and slate stone coffee table from the 1960s"},"content":{"rendered":"<h4 style=\"text-align: center;\"><em><strong>Haslov wood and slate stone coffee table from the 1960s<\/strong><\/em><\/h4>\n<h4 style=\"text-align: center;\"><em><strong>Zabytkowy stolik du\u0144ski z firmy Haslov. Proj. Tue Poulsena.<\/strong><\/em><\/h4>\n<h4 style=\"text-align: center;\"><em><strong>Wyprodukowany w latach 60-tych XX wieku.<\/strong><\/em><\/h4>\n<h4 style=\"text-align: center;\"><em><strong>Blat stolika pokryty jest kamieniem \u0142upkiem a ca\u0142y stoik jest wykonany z litego drewna.<\/strong><\/em><\/h4>\n<h4 style=\"text-align: center;\"><em><strong>Dolna p\u00f3\u0142ka regulowana na 4 poziomach.<\/strong><\/em><\/h4>\n<h4 style=\"text-align: center;\"><em><strong>Solidna konstrukcja i pi\u0119kny, oryginalny wygl\u0105d nadaj\u0105 temu meblowi niepowtarzalny charakter. Idealne uzupe\u0142nienie aran\u017cacji w stylu vintage lub industrialnym.<\/strong><\/em><\/h4>\n<h4><em><strong>Dimensions:<\/strong><\/em><\/h4>\n<ul>\n<li>\n<h4><em><strong>d\u0142ugo\u015b\u0107: 126cm<\/strong><\/em><\/h4>\n<\/li>\n<li>\n<h4><em><strong>width: 85cm<\/strong><\/em><\/h4>\n<\/li>\n<li>\n<h4><em><strong>height: 55cm<\/strong><\/em><\/h4>\n<\/li>\n<\/ul>\n<h4 style=\"text-align: center;\"><em><strong>The photos show the actual state of the object<\/strong><\/em><\/h4>\n<h4 style=\"text-align: center;\"><em><strong>Additional photos upon request<\/strong><\/em><\/h4>\n<h4 style=\"text-align: center;\"><em><strong>All our items on display are available in our warehouse.<\/strong><\/em><\/h4>\n<h4 style=\"text-align: center;\"><em><strong>Can be viewed by appointment.<\/strong><\/em><\/h4>\n<h4><em><strong>NR. ART 10133-1<\/strong><\/em><\/h4>","protected":false},"excerpt":{"rendered":"<p>Stolik kawowy z drewna i kamienia \u0142upka Haslov z lat 60-tych Zabytkowy stolik du\u0144ski z firmy Haslov. Proj. Tue Poulsena. Wyprodukowany w latach 60-tych XX wieku. Blat stolika pokryty jest kamieniem \u0142upkiem a ca\u0142y stoik jest wykonany z litego drewna. Dolna p\u00f3\u0142ka regulowana na 4 poziomach. Solidna konstrukcja i pi\u0119kny, oryginalny wygl\u0105d nadaj\u0105 temu meblowi [&hellip;]<\/p>\n","protected":false},"featured_media":49175,"template":"","meta":{"_seopress_robots_primary_cat":"","_seopress_titles_title":"","_seopress_titles_desc":"","_seopress_robots_index":"","site-sidebar-layout":"default","site-content-layout":"","ast-site-content-layout":"default","site-content-style":"default","site-sidebar-style":"default","ast-global-header-display":"","ast-banner-title-visibility":"","ast-main-header-display":"","ast-hfb-above-header-display":"","ast-hfb-below-header-display":"","ast-hfb-mobile-header-display":"","site-post-title":"","ast-breadcrumbs-content":"","ast-featured-img":"","footer-sml-layout":"","ast-disable-related-posts":"","theme-transparent-header-meta":"default","adv-header-id-meta":"","stick-header-meta":"default","header-above-stick-meta":"","header-main-stick-meta":"","header-below-stick-meta":"","astra-migrate-meta-layouts":"set","ast-page-background-enabled":"default","ast-page-background-meta":{"desktop":{"background-color":"var(--ast-global-color-4)","background-image":"","background-repeat":"repeat","background-position":"center center","background-size":"auto","background-attachment":"scroll","background-type":"","background-media":"","overlay-type":"","overlay-color":"","overlay-opacity":"","overlay-gradient":""},"tablet":{"background-color":"","background-image":"","background-repeat":"repeat","background-position":"center center","background-size":"auto","background-attachment":"scroll","background-type":"","background-media":"","overlay-type":"","overlay-color":"","overlay-opacity":"","overlay-gradient":""},"mobile":{"background-color":"","background-image":"","background-repeat":"repeat","background-position":"center center","background-size":"auto","background-attachment":"scroll","background-type":"","background-media":"","overlay-type":"","overlay-color":"","overlay-opacity":"","overlay-gradient":""}},"ast-content-background-meta":{"desktop":{"background-color":"var(--ast-global-color-5)","background-image":"","background-repeat":"repeat","background-position":"center center","background-size":"auto","background-attachment":"scroll","background-type":"","background-media":"","overlay-type":"","overlay-color":"","overlay-opacity":"","overlay-gradient":""},"tablet":{"background-color":"var(--ast-global-color-5)","background-image":"","background-repeat":"repeat","background-position":"center center","background-size":"auto","background-attachment":"scroll","background-type":"","background-media":"","overlay-type":"","overlay-color":"","overlay-opacity":"","overlay-gradient":""},"mobile":{"background-color":"var(--ast-global-color-5)","background-image":"","background-repeat":"repeat","background-position":"center center","background-size":"auto","background-attachment":"scroll","background-type":"","background-media":"","overlay-type":"","overlay-color":"","overlay-opacity":"","overlay-gradient":""}}},"product_brand":[],"product_cat":[32,33],"product_tag":[],"class_list":{"0":"post-49172","1":"product","2":"type-product","3":"status-publish","4":"has-post-thumbnail","6":"product_cat-meble","7":"product_cat-stoly-stoliki","8":"product_shipping_class-wysylka-180zl","9":"desktop-align-left","10":"tablet-align-left","11":"mobile-align-left","12":"ast-product-gallery-layout-vertical-slider","13":"ast-product-tabs-layout-horizontal","14":"ast-qv-on-image","16":"first","17":"instock","18":"sold-individually","19":"shipping-taxable","20":"purchasable","21":"product-type-simple"},"_links":{"self":[{"href":"https:\/\/antart.com.pl\/en\/wp-json\/wp\/v2\/product\/49172","targetHints":{"allow":["GET"]}}],"collection":[{"href":"https:\/\/antart.com.pl\/en\/wp-json\/wp\/v2\/product"}],"about":[{"href":"https:\/\/antart.com.pl\/en\/wp-json\/wp\/v2\/types\/product"}],"wp:featuredmedia":[{"embeddable":true,"href":"https:\/\/antart.com.pl\/en\/wp-json\/wp\/v2\/media\/49175"}],"wp:attachment":[{"href":"https:\/\/antart.com.pl\/en\/wp-json\/wp\/v2\/media?parent=49172"}],"wp:term":[{"taxonomy":"product_brand","embeddable":true,"href":"https:\/\/antart.com.pl\/en\/wp-json\/wp\/v2\/product_brand?post=49172"},{"taxonomy":"product_cat","embeddable":true,"href":"https:\/\/antart.com.pl\/en\/wp-json\/wp\/v2\/product_cat?post=49172"},{"taxonomy":"product_tag","embeddable":true,"href":"https:\/\/antart.com.pl\/en\/wp-json\/wp\/v2\/product_tag?post=49172"}],"curies":[{"name":"wp","href":"https:\/\/api.w.org\/{rel}","templated":true}]}}