{"id":49284,"date":"2025-10-25T13:52:29","date_gmt":"2025-10-25T11:52:29","guid":{"rendered":"https:\/\/antart.com.pl\/?post_type=product&#038;p=49284"},"modified":"2026-04-01T20:12:16","modified_gmt":"2026-04-01T18:12:16","slug":"fat-lava-ceramic-lamp-from-the-1960s-70s","status":"publish","type":"product","link":"https:\/\/antart.com.pl\/en\/produkt\/lampa-ceramiczna-fat-lava-z-lat-60-70-tych\/","title":{"rendered":"Fat Lava ceramic lamp from the 1960s\/70s"},"content":{"rendered":"<h4 style=\"text-align: center;\"><em><strong>Fat Lava ceramic lamp from the 1960s\/70s<\/strong><\/em><\/h4>\n<h4 style=\"text-align: center;\"><em><strong>A stylish vintage ceramic lantern from the 1960s\/70s. The lamp has a decorative base in brown and the lampshade is made of beige material. The overall design gives a cosy and elegant feel to the room.<\/strong><\/em><\/h4>\n<p>&nbsp;<\/p>\n<h4><em><strong>Dimensions:<\/strong><\/em><\/h4>\n<ul>\n<li>\n<h4><em><strong>total height: 134.5cm<\/strong><\/em><\/h4>\n<\/li>\n<li>\n<h4><em><strong>height of lampshade: 90 cm<\/strong><\/em><\/h4>\n<\/li>\n<li>\n<h4><em><strong>lampshade diameter: 30 cm<\/strong><\/em><\/h4>\n<\/li>\n<li>\n<h4><em><strong>base diameter: 19cm<\/strong><\/em><\/h4>\n<\/li>\n<\/ul>\n<h4 style=\"text-align: center;\"><em><strong>The photos show the actual state of the object<\/strong><\/em><\/h4>\n<h4 style=\"text-align: center;\"><em><strong>Additional photos upon request<\/strong><\/em><\/h4>\n<h4 style=\"text-align: center;\"><em><strong>All our items on display are available in our warehouse.<\/strong><\/em><\/h4>\n<h4 style=\"text-align: center;\"><em><strong>Can be viewed by appointment.<\/strong><\/em><\/h4>\n<h4><em><strong>NO. ART 10226<\/strong><\/em><\/h4>","protected":false},"excerpt":{"rendered":"<p>Lampa ceramiczna Fat Lava z lat 60\/70-tych Stylowy, zabytkowy lampion ceramiczny z lat 60.\/70. XX wieku. Lampa posiada ozdobn\u0105 podstaw\u0119 w kolorze br\u0105zowym, a aba\u017cur wykonany jest z be\u017cowego materia\u0142u. Ca\u0142o\u015b\u0107 nadaje przytulny i elegancki charakter pomieszczeniu. &nbsp; Wymiary: wysoko\u015b\u0107 ca\u0142kowita: 134,5cm wysoko\u015b\u0107 klosza: 90 cm \u015brednica aba\u017curu: 30 cm \u015brednica podstawy: 19cm Zdj\u0119cia przedstawiaj\u0105 [&hellip;]<\/p>\n","protected":false},"featured_media":49287,"template":"","meta":{"_seopress_robots_primary_cat":"","_seopress_titles_title":"","_seopress_titles_desc":"","_seopress_robots_index":"","site-sidebar-layout":"default","site-content-layout":"","ast-site-content-layout":"default","site-content-style":"default","site-sidebar-style":"default","ast-global-header-display":"","ast-banner-title-visibility":"","ast-main-header-display":"","ast-hfb-above-header-display":"","ast-hfb-below-header-display":"","ast-hfb-mobile-header-display":"","site-post-title":"","ast-breadcrumbs-content":"","ast-featured-img":"","footer-sml-layout":"","ast-disable-related-posts":"","theme-transparent-header-meta":"default","adv-header-id-meta":"","stick-header-meta":"default","header-above-stick-meta":"","header-main-stick-meta":"","header-below-stick-meta":"","astra-migrate-meta-layouts":"set","ast-page-background-enabled":"default","ast-page-background-meta":{"desktop":{"background-color":"var(--ast-global-color-4)","background-image":"","background-repeat":"repeat","background-position":"center center","background-size":"auto","background-attachment":"scroll","background-type":"","background-media":"","overlay-type":"","overlay-color":"","overlay-opacity":"","overlay-gradient":""},"tablet":{"background-color":"","background-image":"","background-repeat":"repeat","background-position":"center center","background-size":"auto","background-attachment":"scroll","background-type":"","background-media":"","overlay-type":"","overlay-color":"","overlay-opacity":"","overlay-gradient":""},"mobile":{"background-color":"","background-image":"","background-repeat":"repeat","background-position":"center center","background-size":"auto","background-attachment":"scroll","background-type":"","background-media":"","overlay-type":"","overlay-color":"","overlay-opacity":"","overlay-gradient":""}},"ast-content-background-meta":{"desktop":{"background-color":"var(--ast-global-color-5)","background-image":"","background-repeat":"repeat","background-position":"center center","background-size":"auto","background-attachment":"scroll","background-type":"","background-media":"","overlay-type":"","overlay-color":"","overlay-opacity":"","overlay-gradient":""},"tablet":{"background-color":"var(--ast-global-color-5)","background-image":"","background-repeat":"repeat","background-position":"center center","background-size":"auto","background-attachment":"scroll","background-type":"","background-media":"","overlay-type":"","overlay-color":"","overlay-opacity":"","overlay-gradient":""},"mobile":{"background-color":"var(--ast-global-color-5)","background-image":"","background-repeat":"repeat","background-position":"center center","background-size":"auto","background-attachment":"scroll","background-type":"","background-media":"","overlay-type":"","overlay-color":"","overlay-opacity":"","overlay-gradient":""}}},"product_brand":[],"product_cat":[52,30],"product_tag":[],"class_list":{"0":"post-49284","1":"product","2":"type-product","3":"status-publish","4":"has-post-thumbnail","6":"product_cat-lampy-stojace","7":"product_cat-oswietlenie","8":"product_shipping_class-wysylka-100zl","9":"desktop-align-left","10":"tablet-align-left","11":"mobile-align-left","12":"ast-product-gallery-layout-vertical-slider","13":"ast-product-tabs-layout-horizontal","14":"ast-qv-on-image","16":"first","17":"instock","18":"sale","19":"sold-individually","20":"shipping-taxable","21":"purchasable","22":"product-type-simple"},"_links":{"self":[{"href":"https:\/\/antart.com.pl\/en\/wp-json\/wp\/v2\/product\/49284","targetHints":{"allow":["GET"]}}],"collection":[{"href":"https:\/\/antart.com.pl\/en\/wp-json\/wp\/v2\/product"}],"about":[{"href":"https:\/\/antart.com.pl\/en\/wp-json\/wp\/v2\/types\/product"}],"wp:featuredmedia":[{"embeddable":true,"href":"https:\/\/antart.com.pl\/en\/wp-json\/wp\/v2\/media\/49287"}],"wp:attachment":[{"href":"https:\/\/antart.com.pl\/en\/wp-json\/wp\/v2\/media?parent=49284"}],"wp:term":[{"taxonomy":"product_brand","embeddable":true,"href":"https:\/\/antart.com.pl\/en\/wp-json\/wp\/v2\/product_brand?post=49284"},{"taxonomy":"product_cat","embeddable":true,"href":"https:\/\/antart.com.pl\/en\/wp-json\/wp\/v2\/product_cat?post=49284"},{"taxonomy":"product_tag","embeddable":true,"href":"https:\/\/antart.com.pl\/en\/wp-json\/wp\/v2\/product_tag?post=49284"}],"curies":[{"name":"wp","href":"https:\/\/api.w.org\/{rel}","templated":true}]}}