{"id":49308,"date":"2025-10-26T08:56:06","date_gmt":"2025-10-26T07:56:06","guid":{"rendered":"https:\/\/antart.com.pl\/?post_type=product&#038;p=49308"},"modified":"2026-04-01T20:28:42","modified_gmt":"2026-04-01T18:28:42","slug":"wooden-sculpture-in-african-style-made-of-solid-exotic-wood","status":"publish","type":"product","link":"https:\/\/antart.com.pl\/en\/produkt\/drewniana-rzezba-w-afrykanskim-stylu-z-litego-drewna-egzotycznego\/","title":{"rendered":"African-style wooden sculpture in solid exotic wood"},"content":{"rendered":"<h4 style=\"text-align: center;\"><em><strong>African-style wooden sculpture in solid exotic wood<\/strong><\/em><\/h4>\n<h4 style=\"text-align: center;\"><em><strong>African style sculpture made of solid exotic wood. A unique, handmade object that will be a beautiful decoration for any interior.<\/strong><\/em><\/h4>\n<h4 style=\"text-align: center;\"><em><strong>The sculpture depicts a man's face in a single piece of wood.<\/strong><\/em><\/h4>\n<h4 style=\"text-align: center;\"><em><strong>The figurine is very heavy and has the option of hanging on the wall with a solid handle and can also stand on a flat surface.<\/strong><\/em><\/h4>\n<p>&nbsp;<\/p>\n<h4><em><strong>Dimensions<\/strong><\/em><\/h4>\n<ul>\n<li>\n<h4><em><strong>Height: 71cm.<\/strong><\/em><\/h4>\n<\/li>\n<li>\n<h4><em><strong>width: 30 cm<\/strong><\/em><\/h4>\n<\/li>\n<li>\n<h4><em><strong>depth: 19cm<\/strong><\/em><\/h4>\n<\/li>\n<\/ul>\n<h4 style=\"text-align: center;\"><em><strong>The photos show the actual state of the object<\/strong><\/em><\/h4>\n<h4 style=\"text-align: center;\"><em><strong>Additional photos upon request<\/strong><\/em><\/h4>\n<h4 style=\"text-align: center;\"><em><strong>All our items on display are available in our warehouse.<\/strong><\/em><\/h4>\n<h4 style=\"text-align: center;\"><em><strong>Can be viewed by appointment.<\/strong><\/em><\/h4>\n<h4><em><strong>No.10225<\/strong><\/em><\/h4>","protected":false},"excerpt":{"rendered":"<p>Drewniana rze\u017aba w afryka\u0144skim stylu z litego drewna egzotycznego Rze\u017aba w afryka\u0144skim stylu wykonana z litego, egzotycznego drewna. Niepowtarzalny, r\u0119cznie wykonany przedmiot, kt\u00f3ry b\u0119dzie pi\u0119kn\u0105 ozdob\u0105 ka\u017cdego wn\u0119trza. Rze\u017aba przedstawia twarz m\u0119\u017cczyzny w jednym kawa\u0142ku drewna. Figurka bardzo ci\u0119\u017cka, posiada mo\u017cliwo\u015b\u0107 zawieszenia na \u015bcianie za pomoc\u0105 masywnego uchwytu oraz mo\u017ce sta\u0107 na p\u0142askiej powierzchni. &nbsp; [&hellip;]<\/p>\n","protected":false},"featured_media":49310,"template":"","meta":{"_seopress_robots_primary_cat":"","_seopress_titles_title":"","_seopress_titles_desc":"","_seopress_robots_index":"","site-sidebar-layout":"default","site-content-layout":"","ast-site-content-layout":"default","site-content-style":"default","site-sidebar-style":"default","ast-global-header-display":"","ast-banner-title-visibility":"","ast-main-header-display":"","ast-hfb-above-header-display":"","ast-hfb-below-header-display":"","ast-hfb-mobile-header-display":"","site-post-title":"","ast-breadcrumbs-content":"","ast-featured-img":"","footer-sml-layout":"","ast-disable-related-posts":"","theme-transparent-header-meta":"default","adv-header-id-meta":"","stick-header-meta":"default","header-above-stick-meta":"","header-main-stick-meta":"","header-below-stick-meta":"","astra-migrate-meta-layouts":"set","ast-page-background-enabled":"default","ast-page-background-meta":{"desktop":{"background-color":"var(--ast-global-color-4)","background-image":"","background-repeat":"repeat","background-position":"center center","background-size":"auto","background-attachment":"scroll","background-type":"","background-media":"","overlay-type":"","overlay-color":"","overlay-opacity":"","overlay-gradient":""},"tablet":{"background-color":"","background-image":"","background-repeat":"repeat","background-position":"center center","background-size":"auto","background-attachment":"scroll","background-type":"","background-media":"","overlay-type":"","overlay-color":"","overlay-opacity":"","overlay-gradient":""},"mobile":{"background-color":"","background-image":"","background-repeat":"repeat","background-position":"center center","background-size":"auto","background-attachment":"scroll","background-type":"","background-media":"","overlay-type":"","overlay-color":"","overlay-opacity":"","overlay-gradient":""}},"ast-content-background-meta":{"desktop":{"background-color":"var(--ast-global-color-5)","background-image":"","background-repeat":"repeat","background-position":"center center","background-size":"auto","background-attachment":"scroll","background-type":"","background-media":"","overlay-type":"","overlay-color":"","overlay-opacity":"","overlay-gradient":""},"tablet":{"background-color":"var(--ast-global-color-5)","background-image":"","background-repeat":"repeat","background-position":"center center","background-size":"auto","background-attachment":"scroll","background-type":"","background-media":"","overlay-type":"","overlay-color":"","overlay-opacity":"","overlay-gradient":""},"mobile":{"background-color":"var(--ast-global-color-5)","background-image":"","background-repeat":"repeat","background-position":"center center","background-size":"auto","background-attachment":"scroll","background-type":"","background-media":"","overlay-type":"","overlay-color":"","overlay-opacity":"","overlay-gradient":""}}},"product_brand":[],"product_cat":[27,29,28],"product_tag":[],"class_list":{"0":"post-49308","1":"product","2":"type-product","3":"status-publish","4":"has-post-thumbnail","6":"product_cat-dekoracyjne","7":"product_cat-figurki","8":"product_cat-rzezby-rzemioslo","9":"product_shipping_class-wysylka-140zl","10":"desktop-align-left","11":"tablet-align-left","12":"mobile-align-left","13":"ast-product-gallery-layout-vertical-slider","14":"ast-product-tabs-layout-horizontal","15":"ast-qv-on-image","17":"first","18":"instock","19":"sale","20":"sold-individually","21":"shipping-taxable","22":"purchasable","23":"product-type-simple"},"_links":{"self":[{"href":"https:\/\/antart.com.pl\/en\/wp-json\/wp\/v2\/product\/49308","targetHints":{"allow":["GET"]}}],"collection":[{"href":"https:\/\/antart.com.pl\/en\/wp-json\/wp\/v2\/product"}],"about":[{"href":"https:\/\/antart.com.pl\/en\/wp-json\/wp\/v2\/types\/product"}],"wp:featuredmedia":[{"embeddable":true,"href":"https:\/\/antart.com.pl\/en\/wp-json\/wp\/v2\/media\/49310"}],"wp:attachment":[{"href":"https:\/\/antart.com.pl\/en\/wp-json\/wp\/v2\/media?parent=49308"}],"wp:term":[{"taxonomy":"product_brand","embeddable":true,"href":"https:\/\/antart.com.pl\/en\/wp-json\/wp\/v2\/product_brand?post=49308"},{"taxonomy":"product_cat","embeddable":true,"href":"https:\/\/antart.com.pl\/en\/wp-json\/wp\/v2\/product_cat?post=49308"},{"taxonomy":"product_tag","embeddable":true,"href":"https:\/\/antart.com.pl\/en\/wp-json\/wp\/v2\/product_tag?post=49308"}],"curies":[{"name":"wp","href":"https:\/\/api.w.org\/{rel}","templated":true}]}}