{"id":49388,"date":"2025-10-26T10:02:05","date_gmt":"2025-10-26T09:02:05","guid":{"rendered":"https:\/\/antart.com.pl\/?post_type=product&#038;p=49388"},"modified":"2025-10-26T10:02:07","modified_gmt":"2025-10-26T09:02:07","slug":"sculpture-frame-and-screens-made-of-exotic-wood-logs-handmade","status":"publish","type":"product","link":"https:\/\/antart.com.pl\/en\/produkt\/rzezba-rama-i-sita-z-bali-z-drewna-egzotycznego-recznie-wykonana\/","title":{"rendered":"Handcrafted Bali Frame and Sieve sculpture in exotic wood"},"content":{"rendered":"<h4 style=\"text-align: center;\"><em><strong>Handcrafted Bali Frame and Sieve sculpture in exotic wood<\/strong><\/em><\/h4>\n<h4 style=\"text-align: center;\"><em><strong>The featured sculpture is a wooden statue depicting Rama and Sita, characters from the Hindu epic \u201eRamayana\u201d.<\/strong><\/em><\/h4>\n<ul>\n<li style=\"text-align: center;\">\n<h4><em><strong>The frame symbolises the ideal king and husband who puts duty above personal desires.<\/strong><\/em><\/h4>\n<\/li>\n<li style=\"text-align: center;\">\n<h4><em><strong>Sita is the symbol of the ideal wife and queen, embodying devotion and strength.<\/strong><\/em><\/h4>\n<\/li>\n<li>\n<h4 style=\"text-align: center;\"><em><strong>Having a statue of Ram Darbar (including Rama and Sita) in the home or workplace is considered auspicious in Hinduism and Vastu as it is supposed to bring balance and harmony<\/strong><\/em><\/h4>\n<\/li>\n<\/ul>\n<h4><em><strong>Dimensions<\/strong><\/em><\/h4>\n<ul>\n<li>\n<h4><em><strong>Height: 100cm.<\/strong><\/em><\/h4>\n<\/li>\n<li>\n<h4><em><strong>length: 38cm<\/strong><\/em><\/h4>\n<\/li>\n<li>\n<h4><em><strong>width:17cm<\/strong><\/em><\/h4>\n<\/li>\n<\/ul>\n<h4 style=\"text-align: center;\"><em><strong>NOTE!!!<\/strong><\/em><\/h4>\n<h4 style=\"text-align: center;\"><em><strong>For the sake of safe delivery, in some cases we organise bulk or individual shipping.<\/strong><\/em><\/h4>\n<h4 style=\"text-align: center;\"><em><strong>***************************<\/strong><\/em><\/h4>\n<h4 style=\"text-align: center;\"><em><strong>The photos show the actual state of the object<\/strong><\/em><\/h4>\n<h4 style=\"text-align: center;\"><em><strong>Additional photos upon request<\/strong><\/em><\/h4>\n<h4 style=\"text-align: center;\"><em><strong>All our items on display are available in our warehouse.<\/strong><\/em><\/h4>\n<h4 style=\"text-align: center;\"><em><strong>Can be viewed by appointment.<\/strong><\/em><\/h4>\n<h4><em><strong>No.10220<\/strong><\/em><\/h4>","protected":false},"excerpt":{"rendered":"<p>Rze\u017aba Rama i Sita z Bali z drewna egzotycznego r\u0119cznie wykonana Przedstawiona rze\u017aba to drewniana statua przedstawiaj\u0105ca Ram\u0119 i Sit\u0119, postacie z hinduskiej epopei &#8222;Ramajana&#8221;. Rama symbolizuje idealnego kr\u00f3la i m\u0119\u017ca, kt\u00f3ry stawia obowi\u0105zki ponad osobiste pragnienia. Sita jest symbolem idealnej \u017cony i kr\u00f3lowej, uosabiaj\u0105c oddanie i si\u0142\u0119. Posiadanie pos\u0105gu Ram Darbar (w tym Ramy [&hellip;]<\/p>\n","protected":false},"featured_media":49367,"template":"","meta":{"_seopress_robots_primary_cat":"","_seopress_titles_title":"","_seopress_titles_desc":"","_seopress_robots_index":"","site-sidebar-layout":"default","site-content-layout":"","ast-site-content-layout":"default","site-content-style":"default","site-sidebar-style":"default","ast-global-header-display":"","ast-banner-title-visibility":"","ast-main-header-display":"","ast-hfb-above-header-display":"","ast-hfb-below-header-display":"","ast-hfb-mobile-header-display":"","site-post-title":"","ast-breadcrumbs-content":"","ast-featured-img":"","footer-sml-layout":"","ast-disable-related-posts":"","theme-transparent-header-meta":"default","adv-header-id-meta":"","stick-header-meta":"default","header-above-stick-meta":"","header-main-stick-meta":"","header-below-stick-meta":"","astra-migrate-meta-layouts":"set","ast-page-background-enabled":"default","ast-page-background-meta":{"desktop":{"background-color":"var(--ast-global-color-4)","background-image":"","background-repeat":"repeat","background-position":"center center","background-size":"auto","background-attachment":"scroll","background-type":"","background-media":"","overlay-type":"","overlay-color":"","overlay-opacity":"","overlay-gradient":""},"tablet":{"background-color":"","background-image":"","background-repeat":"repeat","background-position":"center center","background-size":"auto","background-attachment":"scroll","background-type":"","background-media":"","overlay-type":"","overlay-color":"","overlay-opacity":"","overlay-gradient":""},"mobile":{"background-color":"","background-image":"","background-repeat":"repeat","background-position":"center center","background-size":"auto","background-attachment":"scroll","background-type":"","background-media":"","overlay-type":"","overlay-color":"","overlay-opacity":"","overlay-gradient":""}},"ast-content-background-meta":{"desktop":{"background-color":"var(--ast-global-color-5)","background-image":"","background-repeat":"repeat","background-position":"center center","background-size":"auto","background-attachment":"scroll","background-type":"","background-media":"","overlay-type":"","overlay-color":"","overlay-opacity":"","overlay-gradient":""},"tablet":{"background-color":"var(--ast-global-color-5)","background-image":"","background-repeat":"repeat","background-position":"center center","background-size":"auto","background-attachment":"scroll","background-type":"","background-media":"","overlay-type":"","overlay-color":"","overlay-opacity":"","overlay-gradient":""},"mobile":{"background-color":"var(--ast-global-color-5)","background-image":"","background-repeat":"repeat","background-position":"center center","background-size":"auto","background-attachment":"scroll","background-type":"","background-media":"","overlay-type":"","overlay-color":"","overlay-opacity":"","overlay-gradient":""}}},"product_brand":[],"product_cat":[27,29],"product_tag":[],"class_list":{"0":"post-49388","1":"product","2":"type-product","3":"status-publish","4":"has-post-thumbnail","6":"product_cat-dekoracyjne","7":"product_cat-figurki","8":"product_shipping_class-osobisty","9":"desktop-align-left","10":"tablet-align-left","11":"mobile-align-left","12":"ast-product-gallery-layout-vertical-slider","13":"ast-product-tabs-layout-horizontal","14":"ast-qv-on-image","16":"first","17":"instock","18":"sold-individually","19":"shipping-taxable","20":"purchasable","21":"product-type-simple"},"_links":{"self":[{"href":"https:\/\/antart.com.pl\/en\/wp-json\/wp\/v2\/product\/49388","targetHints":{"allow":["GET"]}}],"collection":[{"href":"https:\/\/antart.com.pl\/en\/wp-json\/wp\/v2\/product"}],"about":[{"href":"https:\/\/antart.com.pl\/en\/wp-json\/wp\/v2\/types\/product"}],"wp:featuredmedia":[{"embeddable":true,"href":"https:\/\/antart.com.pl\/en\/wp-json\/wp\/v2\/media\/49367"}],"wp:attachment":[{"href":"https:\/\/antart.com.pl\/en\/wp-json\/wp\/v2\/media?parent=49388"}],"wp:term":[{"taxonomy":"product_brand","embeddable":true,"href":"https:\/\/antart.com.pl\/en\/wp-json\/wp\/v2\/product_brand?post=49388"},{"taxonomy":"product_cat","embeddable":true,"href":"https:\/\/antart.com.pl\/en\/wp-json\/wp\/v2\/product_cat?post=49388"},{"taxonomy":"product_tag","embeddable":true,"href":"https:\/\/antart.com.pl\/en\/wp-json\/wp\/v2\/product_tag?post=49388"}],"curies":[{"name":"wp","href":"https:\/\/api.w.org\/{rel}","templated":true}]}}