{"id":49391,"date":"2025-10-26T10:31:58","date_gmt":"2025-10-26T09:31:58","guid":{"rendered":"https:\/\/antart.com.pl\/?post_type=product&#038;p=49391"},"modified":"2025-10-26T10:34:08","modified_gmt":"2025-10-26T09:34:08","slug":"1960s-rosewood-pyramid-chest-of-drawers","status":"publish","type":"product","link":"https:\/\/antart.com.pl\/en\/produkt\/komoda-piramida-z-drewna-palisandrowego-z-lat-60-tych\/","title":{"rendered":"1960s rosewood pyramid chest of drawers"},"content":{"rendered":"<h4 style=\"text-align: center;\"><strong><em>1960s rosewood pyramid chest of drawers<\/em><\/strong><\/h4>\n<h4 style=\"text-align: center;\"><strong><em>A stylish 1960s chest of drawers made from rosewood. It has six drawers which provide plenty of storage space. A piece of furniture in good condition, suitable for use. <\/em><\/strong><\/h4>\n<h4 style=\"text-align: center;\"><strong><em>The two bottom handles are missing.<\/em><\/strong><\/h4>\n<h4><strong><em>Dimensions:<\/em><\/strong><\/h4>\n<ul>\n<li>\n<h4><strong><em>height: 104.5 cm<\/em><\/strong><\/h4>\n<\/li>\n<li>\n<h4><strong><em>width: 53 cm<\/em><\/strong><\/h4>\n<\/li>\n<li>\n<h4><strong><em>depth: 46.5 cm<\/em><\/strong><\/h4>\n<\/li>\n<\/ul>\n<h4 style=\"text-align: center;\"><strong><em>NOTE!!!<\/em><\/strong><\/h4>\n<h4 style=\"text-align: center;\"><strong><em>For the sake of safe delivery, in some cases we organise bulk or individual shipping.<\/em><\/strong><\/h4>\n<h4 style=\"text-align: center;\"><strong><em>**********************************<\/em><\/strong><\/h4>\n<h4 style=\"text-align: center;\"><strong><em>The photos show the actual state of the object<\/em><\/strong><\/h4>\n<h4 style=\"text-align: center;\"><strong><em>Additional photos upon request<\/em><\/strong><\/h4>\n<h4 style=\"text-align: center;\"><strong><em>All our items on display are available in our warehouse.<\/em><\/strong><\/h4>\n<h4 style=\"text-align: center;\"><strong><em>Can be viewed by appointment.<\/em><\/strong><\/h4>\n<h4><strong><em>NO. ART 10219<\/em><\/strong><\/h4>","protected":false},"excerpt":{"rendered":"<p>Komoda piramida z drewna palisandrowego z lat 60-tych Stylowy komoda z lat 60. XX wieku wykonana z drewna palisandrowego. Posiada sze\u015b\u0107 szuflad, kt\u00f3re zapewniaj\u0105 du\u017co miejsca do przechowywania. Mebel w dobrym stanie, nadaje si\u0119 do u\u017cytku. Brakuje dw\u00f3ch dolnych uchwyt\u00f3w. Wymiary: wysoko\u015b\u0107: 104,5 cm szeroko\u015b\u0107: 53 cm g\u0142\u0119boko\u015b\u0107: 46,5 cm UWAGA!! Ze wzgl\u0119du na bezpieczne [&hellip;]<\/p>\n","protected":false},"featured_media":0,"template":"","meta":{"_seopress_robots_primary_cat":"","_seopress_titles_title":"","_seopress_titles_desc":"","_seopress_robots_index":"","site-sidebar-layout":"default","site-content-layout":"","ast-site-content-layout":"default","site-content-style":"default","site-sidebar-style":"default","ast-global-header-display":"","ast-banner-title-visibility":"","ast-main-header-display":"","ast-hfb-above-header-display":"","ast-hfb-below-header-display":"","ast-hfb-mobile-header-display":"","site-post-title":"","ast-breadcrumbs-content":"","ast-featured-img":"","footer-sml-layout":"","ast-disable-related-posts":"","theme-transparent-header-meta":"default","adv-header-id-meta":"","stick-header-meta":"default","header-above-stick-meta":"","header-main-stick-meta":"","header-below-stick-meta":"","astra-migrate-meta-layouts":"set","ast-page-background-enabled":"default","ast-page-background-meta":{"desktop":{"background-color":"var(--ast-global-color-4)","background-image":"","background-repeat":"repeat","background-position":"center center","background-size":"auto","background-attachment":"scroll","background-type":"","background-media":"","overlay-type":"","overlay-color":"","overlay-opacity":"","overlay-gradient":""},"tablet":{"background-color":"","background-image":"","background-repeat":"repeat","background-position":"center center","background-size":"auto","background-attachment":"scroll","background-type":"","background-media":"","overlay-type":"","overlay-color":"","overlay-opacity":"","overlay-gradient":""},"mobile":{"background-color":"","background-image":"","background-repeat":"repeat","background-position":"center center","background-size":"auto","background-attachment":"scroll","background-type":"","background-media":"","overlay-type":"","overlay-color":"","overlay-opacity":"","overlay-gradient":""}},"ast-content-background-meta":{"desktop":{"background-color":"var(--ast-global-color-5)","background-image":"","background-repeat":"repeat","background-position":"center center","background-size":"auto","background-attachment":"scroll","background-type":"","background-media":"","overlay-type":"","overlay-color":"","overlay-opacity":"","overlay-gradient":""},"tablet":{"background-color":"var(--ast-global-color-5)","background-image":"","background-repeat":"repeat","background-position":"center center","background-size":"auto","background-attachment":"scroll","background-type":"","background-media":"","overlay-type":"","overlay-color":"","overlay-opacity":"","overlay-gradient":""},"mobile":{"background-color":"var(--ast-global-color-5)","background-image":"","background-repeat":"repeat","background-position":"center center","background-size":"auto","background-attachment":"scroll","background-type":"","background-media":"","overlay-type":"","overlay-color":"","overlay-opacity":"","overlay-gradient":""}}},"product_brand":[],"product_cat":[37,32],"product_tag":[],"class_list":{"0":"post-49391","1":"product","2":"type-product","3":"status-publish","5":"product_cat-komody","6":"product_cat-meble","7":"product_shipping_class-wysylka-100zl","8":"desktop-align-left","9":"tablet-align-left","10":"mobile-align-left","11":"ast-product-gallery-layout-vertical-slider","12":"ast-product-tabs-layout-horizontal","13":"ast-qv-on-image","15":"first","16":"instock","17":"sold-individually","18":"shipping-taxable","19":"purchasable","20":"product-type-simple"},"_links":{"self":[{"href":"https:\/\/antart.com.pl\/en\/wp-json\/wp\/v2\/product\/49391","targetHints":{"allow":["GET"]}}],"collection":[{"href":"https:\/\/antart.com.pl\/en\/wp-json\/wp\/v2\/product"}],"about":[{"href":"https:\/\/antart.com.pl\/en\/wp-json\/wp\/v2\/types\/product"}],"wp:attachment":[{"href":"https:\/\/antart.com.pl\/en\/wp-json\/wp\/v2\/media?parent=49391"}],"wp:term":[{"taxonomy":"product_brand","embeddable":true,"href":"https:\/\/antart.com.pl\/en\/wp-json\/wp\/v2\/product_brand?post=49391"},{"taxonomy":"product_cat","embeddable":true,"href":"https:\/\/antart.com.pl\/en\/wp-json\/wp\/v2\/product_cat?post=49391"},{"taxonomy":"product_tag","embeddable":true,"href":"https:\/\/antart.com.pl\/en\/wp-json\/wp\/v2\/product_tag?post=49391"}],"curies":[{"name":"wp","href":"https:\/\/api.w.org\/{rel}","templated":true}]}}