{"id":49489,"date":"2025-10-26T12:55:42","date_gmt":"2025-10-26T11:55:42","guid":{"rendered":"https:\/\/antart.com.pl\/?post_type=product&#038;p=49489"},"modified":"2026-04-01T20:16:30","modified_gmt":"2026-04-01T18:16:30","slug":"1970s-vintage-style-swivel-hocker-stool","status":"publish","type":"product","link":"https:\/\/antart.com.pl\/en\/produkt\/stolek-hoker-obrotowy-z-lat-70-tych-w-stylu-vintage\/","title":{"rendered":"Stool, 1970s vintage-style swivel hocker"},"content":{"rendered":"<h4 style=\"text-align: center;\"><em><strong>Stool, 1970s vintage-style swivel hocker<\/strong><\/em><\/h4>\n<h4 style=\"text-align: center;\"><em><strong>Stylish swivel armchair from the 1970s. Silver-coloured metal base, in good condition. The furniture has a swivel function, making it easy to move around freely.<\/strong><\/em><\/h4>\n<h4 style=\"text-align: center;\"><em><strong>The hocker is ideal for the club or bar as well as fitting in perfectly with the interior design.<\/strong><\/em><\/h4>\n<h4 style=\"text-align: center;\"><em><strong>The hocker has the option of mounting to the floor.<\/strong><\/em><\/h4>\n<h4 style=\"text-align: center;\"><em><strong>Base made of acid steel, swivel seat on bearings.<\/strong><\/em><\/h4>\n<p>&nbsp;<\/p>\n<h4><em><strong>Dimensions:<\/strong><\/em><\/h4>\n<ul>\n<li>\n<h4><em><strong>height: 55cm<\/strong><\/em><\/h4>\n<\/li>\n<li>\n<h4><em><strong>seat diameter: 40cm<\/strong><\/em><\/h4>\n<\/li>\n<li>\n<h4><em><strong>seat height: 10cm<\/strong><\/em><\/h4>\n<\/li>\n<li>\n<h4><em><strong>base diameter: 29cm.<\/strong><\/em><\/h4>\n<\/li>\n<\/ul>\n<h4><em><strong>I own six pieces.<\/strong><\/em><\/h4>\n<h4><em><strong>The price is for 1 piece.<\/strong><\/em><\/h4>\n<h4 style=\"text-align: center;\"><em><strong>The photos show the actual state of the object<\/strong><\/em><\/h4>\n<h4 style=\"text-align: center;\"><em><strong>Additional photos upon request<\/strong><\/em><\/h4>\n<h4 style=\"text-align: center;\"><em><strong>All our items on display are available in our warehouse.<\/strong><\/em><\/h4>\n<h4 style=\"text-align: center;\"><em><strong>Can be viewed by appointment.<\/strong><\/em><\/h4>\n<h4><em><strong>Order no. 10214<\/strong><\/em><\/h4>","protected":false},"excerpt":{"rendered":"<p>Sto\u0142ek, hoker obrotowy z lat 70-tych w stylu vintage Stylowy fotel obrotowy z lat 70-tych. Metalowa podstawa w srebrnym kolorze, w dobrym stanie. Mebel posiada funkcj\u0119 obrotu, co u\u0142atwia swobodne przemieszczanie si\u0119. Hoker idealny do klubu lub do baru jak r\u00f3wnie\u017c doskonale pasuje do wystroju wn\u0119trz. Hoker ma mo\u017cliwo\u015b\u0107 monta\u017cu do pod\u0142ogi. Podstawa wykonana ze [&hellip;]<\/p>\n","protected":false},"featured_media":49480,"template":"","meta":{"_seopress_robots_primary_cat":"","_seopress_titles_title":"","_seopress_titles_desc":"","_seopress_robots_index":"","site-sidebar-layout":"default","site-content-layout":"","ast-site-content-layout":"default","site-content-style":"default","site-sidebar-style":"default","ast-global-header-display":"","ast-banner-title-visibility":"","ast-main-header-display":"","ast-hfb-above-header-display":"","ast-hfb-below-header-display":"","ast-hfb-mobile-header-display":"","site-post-title":"","ast-breadcrumbs-content":"","ast-featured-img":"","footer-sml-layout":"","ast-disable-related-posts":"","theme-transparent-header-meta":"default","adv-header-id-meta":"","stick-header-meta":"default","header-above-stick-meta":"","header-main-stick-meta":"","header-below-stick-meta":"","astra-migrate-meta-layouts":"set","ast-page-background-enabled":"default","ast-page-background-meta":{"desktop":{"background-color":"var(--ast-global-color-4)","background-image":"","background-repeat":"repeat","background-position":"center center","background-size":"auto","background-attachment":"scroll","background-type":"","background-media":"","overlay-type":"","overlay-color":"","overlay-opacity":"","overlay-gradient":""},"tablet":{"background-color":"","background-image":"","background-repeat":"repeat","background-position":"center center","background-size":"auto","background-attachment":"scroll","background-type":"","background-media":"","overlay-type":"","overlay-color":"","overlay-opacity":"","overlay-gradient":""},"mobile":{"background-color":"","background-image":"","background-repeat":"repeat","background-position":"center center","background-size":"auto","background-attachment":"scroll","background-type":"","background-media":"","overlay-type":"","overlay-color":"","overlay-opacity":"","overlay-gradient":""}},"ast-content-background-meta":{"desktop":{"background-color":"var(--ast-global-color-5)","background-image":"","background-repeat":"repeat","background-position":"center center","background-size":"auto","background-attachment":"scroll","background-type":"","background-media":"","overlay-type":"","overlay-color":"","overlay-opacity":"","overlay-gradient":""},"tablet":{"background-color":"var(--ast-global-color-5)","background-image":"","background-repeat":"repeat","background-position":"center center","background-size":"auto","background-attachment":"scroll","background-type":"","background-media":"","overlay-type":"","overlay-color":"","overlay-opacity":"","overlay-gradient":""},"mobile":{"background-color":"var(--ast-global-color-5)","background-image":"","background-repeat":"repeat","background-position":"center center","background-size":"auto","background-attachment":"scroll","background-type":"","background-media":"","overlay-type":"","overlay-color":"","overlay-opacity":"","overlay-gradient":""}}},"product_brand":[],"product_cat":[39,32],"product_tag":[],"class_list":{"0":"post-49489","1":"product","2":"type-product","3":"status-publish","4":"has-post-thumbnail","6":"product_cat-fotele-puf","7":"product_cat-meble","8":"product_shipping_class-wysylka-50zl","9":"desktop-align-left","10":"tablet-align-left","11":"mobile-align-left","12":"ast-product-gallery-layout-vertical-slider","13":"ast-product-tabs-layout-horizontal","14":"ast-qv-on-image","16":"first","17":"instock","18":"sale","19":"shipping-taxable","20":"purchasable","21":"product-type-simple"},"_links":{"self":[{"href":"https:\/\/antart.com.pl\/en\/wp-json\/wp\/v2\/product\/49489","targetHints":{"allow":["GET"]}}],"collection":[{"href":"https:\/\/antart.com.pl\/en\/wp-json\/wp\/v2\/product"}],"about":[{"href":"https:\/\/antart.com.pl\/en\/wp-json\/wp\/v2\/types\/product"}],"wp:featuredmedia":[{"embeddable":true,"href":"https:\/\/antart.com.pl\/en\/wp-json\/wp\/v2\/media\/49480"}],"wp:attachment":[{"href":"https:\/\/antart.com.pl\/en\/wp-json\/wp\/v2\/media?parent=49489"}],"wp:term":[{"taxonomy":"product_brand","embeddable":true,"href":"https:\/\/antart.com.pl\/en\/wp-json\/wp\/v2\/product_brand?post=49489"},{"taxonomy":"product_cat","embeddable":true,"href":"https:\/\/antart.com.pl\/en\/wp-json\/wp\/v2\/product_cat?post=49489"},{"taxonomy":"product_tag","embeddable":true,"href":"https:\/\/antart.com.pl\/en\/wp-json\/wp\/v2\/product_tag?post=49489"}],"curies":[{"name":"wp","href":"https:\/\/api.w.org\/{rel}","templated":true}]}}