{"id":49522,"date":"2025-10-27T12:25:08","date_gmt":"2025-10-27T11:25:08","guid":{"rendered":"https:\/\/antart.com.pl\/?post_type=product&#038;p=49522"},"modified":"2026-04-01T20:25:34","modified_gmt":"2026-04-01T18:25:34","slug":"candle-holder-polish-ceramics-boleslawiec","status":"publish","type":"product","link":"https:\/\/antart.com.pl\/en\/produkt\/swiecznik-polskiej-ceramiki-boleslawiec\/","title":{"rendered":"Candle holder Polish ceramics Boles\u0142awiec"},"content":{"rendered":"<h4 style=\"text-align: center;\"><em><b>A candleholder by the Polish manufacturer Boles\u0142awiec, made from the highest quality ceramics. The handmade candleholder is decorated with a hand-painted, traditional peacock-eye pattern. The patterns on the Boles\u0142awiec ceramics are applied with a stamp and brush method. There are visible cracks in the glaze on the candleholder.\u00a0<\/b><\/em><\/h4>\n<h4><\/h4>\n<h4><em><b>Dimensions\u00a0<\/b><\/em><\/h4>\n<ul>\n<li>\n<h4><em><b>Height: 17cm.\u00a0<\/b><\/em><\/h4>\n<\/li>\n<li>\n<h4><em><b>Width: 10cm.\u00a0<\/b><\/em><\/h4>\n<\/li>\n<li>\n<h4><em><b>Top diameter: 7cm.\u00a0<\/b><\/em><\/h4>\n<\/li>\n<li>\n<h4><em><b>Base diameter: 9cm.\u00a0<\/b><\/em><\/h4>\n<\/li>\n<li>\n<h4><em><b>Candle diameter: 3cm.<\/b><\/em><\/h4>\n<\/li>\n<\/ul>\n<h4 style=\"text-align: center;\"><em><b>The photos show the actual state of the object<\/b><\/em><\/h4>\n<h4 style=\"text-align: center;\"><em><b>Additional photos upon request<\/b><\/em><\/h4>\n<h4 style=\"text-align: center;\"><em><b>All our items on display are available in our warehouse.<\/b><\/em><\/h4>\n<h4 style=\"text-align: center;\"><em><b>Can be viewed by appointment.<\/b><\/em><\/h4>\n<h4><\/h4>\n<h4><em><b>No.5866<\/b><\/em><\/h4>","protected":false},"excerpt":{"rendered":"<p>\u015awiecznik Polskiej wytw\u00f3rni Boles\u0142awiec, wykonany z najwy\u017cszej jako\u015bci ceramiki. \u015awiecznik r\u0119cznie robiony, ozdobiony jest r\u0119cznie malowanym, tradycyjnym wzorem pawiego oczka. Wzory na Boles\u0142awieckiej ceramice naniesione s\u0105 metod\u0105 stempelkow\u0105 oraz p\u0119dzlem. Na \u015bwieczniku widoczne s\u0105 p\u0119kni\u0119cia szkliwa.\u00a0 Wymiary\u00a0 Wysoko\u015b\u0107: 17cm.\u00a0 Szeroko\u015b\u0107: 10cm.\u00a0 \u015arednica g\u00f3rna: 7cm.\u00a0 \u015arednica podstawy: 9cm.\u00a0 \u015arednica \u015bwieczki: 3cm. Zdj\u0119cia przedstawiaj\u0105 stan faktyczny przedmiotu [&hellip;]<\/p>\n","protected":false},"featured_media":49523,"template":"","meta":{"_seopress_robots_primary_cat":"","_seopress_titles_title":"","_seopress_titles_desc":"","_seopress_robots_index":"","site-sidebar-layout":"default","site-content-layout":"","ast-site-content-layout":"default","site-content-style":"default","site-sidebar-style":"default","ast-global-header-display":"","ast-banner-title-visibility":"","ast-main-header-display":"","ast-hfb-above-header-display":"","ast-hfb-below-header-display":"","ast-hfb-mobile-header-display":"","site-post-title":"","ast-breadcrumbs-content":"","ast-featured-img":"","footer-sml-layout":"","ast-disable-related-posts":"","theme-transparent-header-meta":"default","adv-header-id-meta":"","stick-header-meta":"default","header-above-stick-meta":"","header-main-stick-meta":"","header-below-stick-meta":"","astra-migrate-meta-layouts":"set","ast-page-background-enabled":"default","ast-page-background-meta":{"desktop":{"background-color":"var(--ast-global-color-4)","background-image":"","background-repeat":"repeat","background-position":"center center","background-size":"auto","background-attachment":"scroll","background-type":"","background-media":"","overlay-type":"","overlay-color":"","overlay-opacity":"","overlay-gradient":""},"tablet":{"background-color":"","background-image":"","background-repeat":"repeat","background-position":"center center","background-size":"auto","background-attachment":"scroll","background-type":"","background-media":"","overlay-type":"","overlay-color":"","overlay-opacity":"","overlay-gradient":""},"mobile":{"background-color":"","background-image":"","background-repeat":"repeat","background-position":"center center","background-size":"auto","background-attachment":"scroll","background-type":"","background-media":"","overlay-type":"","overlay-color":"","overlay-opacity":"","overlay-gradient":""}},"ast-content-background-meta":{"desktop":{"background-color":"var(--ast-global-color-5)","background-image":"","background-repeat":"repeat","background-position":"center center","background-size":"auto","background-attachment":"scroll","background-type":"","background-media":"","overlay-type":"","overlay-color":"","overlay-opacity":"","overlay-gradient":""},"tablet":{"background-color":"var(--ast-global-color-5)","background-image":"","background-repeat":"repeat","background-position":"center center","background-size":"auto","background-attachment":"scroll","background-type":"","background-media":"","overlay-type":"","overlay-color":"","overlay-opacity":"","overlay-gradient":""},"mobile":{"background-color":"var(--ast-global-color-5)","background-image":"","background-repeat":"repeat","background-position":"center center","background-size":"auto","background-attachment":"scroll","background-type":"","background-media":"","overlay-type":"","overlay-color":"","overlay-opacity":"","overlay-gradient":""}}},"product_brand":[],"product_cat":[27,66],"product_tag":[],"class_list":{"0":"post-49522","1":"product","2":"type-product","3":"status-publish","4":"has-post-thumbnail","6":"product_cat-dekoracyjne","7":"product_cat-swieczniki","8":"product_shipping_class-wysylka-19zl","9":"desktop-align-left","10":"tablet-align-left","11":"mobile-align-left","12":"ast-product-gallery-layout-vertical-slider","13":"ast-product-tabs-layout-horizontal","14":"ast-qv-on-image","16":"first","17":"instock","18":"sale","19":"sold-individually","20":"shipping-taxable","21":"purchasable","22":"product-type-simple"},"_links":{"self":[{"href":"https:\/\/antart.com.pl\/en\/wp-json\/wp\/v2\/product\/49522","targetHints":{"allow":["GET"]}}],"collection":[{"href":"https:\/\/antart.com.pl\/en\/wp-json\/wp\/v2\/product"}],"about":[{"href":"https:\/\/antart.com.pl\/en\/wp-json\/wp\/v2\/types\/product"}],"wp:featuredmedia":[{"embeddable":true,"href":"https:\/\/antart.com.pl\/en\/wp-json\/wp\/v2\/media\/49523"}],"wp:attachment":[{"href":"https:\/\/antart.com.pl\/en\/wp-json\/wp\/v2\/media?parent=49522"}],"wp:term":[{"taxonomy":"product_brand","embeddable":true,"href":"https:\/\/antart.com.pl\/en\/wp-json\/wp\/v2\/product_brand?post=49522"},{"taxonomy":"product_cat","embeddable":true,"href":"https:\/\/antart.com.pl\/en\/wp-json\/wp\/v2\/product_cat?post=49522"},{"taxonomy":"product_tag","embeddable":true,"href":"https:\/\/antart.com.pl\/en\/wp-json\/wp\/v2\/product_tag?post=49522"}],"curies":[{"name":"wp","href":"https:\/\/api.w.org\/{rel}","templated":true}]}}