{"id":49760,"date":"2025-10-28T11:19:55","date_gmt":"2025-10-28T10:19:55","guid":{"rendered":"https:\/\/antart.com.pl\/?post_type=product&#038;p=49760"},"modified":"2025-10-28T11:19:56","modified_gmt":"2025-10-28T10:19:56","slug":"red-chest-in-ancient-egyptian-style","status":"publish","type":"product","link":"https:\/\/antart.com.pl\/en\/produkt\/kufer-skrzynia-czerwona-w-stylu-starozytnego-egiptu\/","title":{"rendered":"Chest, red chest in ancient Egyptian style"},"content":{"rendered":"<h4 style=\"text-align: center;\"><em><strong>Chest, red chest in ancient Egyptian style<\/strong><\/em><\/h4>\n<h4 style=\"text-align: center;\"><em><strong>The item pictured is an ancient Egyptian-style chest or trunk. This type of furniture is often made of wood and hand-decorated.<\/strong><\/em><\/h4>\n<ul>\n<li style=\"text-align: center;\">\n<h4><em><strong>The chest has a rounded lid and is richly decorated with Egyptian motifs.<\/strong><\/em><\/h4>\n<\/li>\n<li style=\"text-align: center;\">\n<h4><em><strong>The front of the lid shows a stylised mask of a pharaoh, probably Tutankhamun.<\/strong><\/em><\/h4>\n<\/li>\n<li>\n<h4 style=\"text-align: center;\"><em><strong>Designs on the trunk include hieroglyphs, images of Egyptian gods and symbols such as the Eye of Horus.<\/strong><\/em><\/h4>\n<\/li>\n<\/ul>\n<h4><em><strong>Dimensions:<\/strong><\/em><\/h4>\n<h4><em><strong>Outer part of the box<\/strong><\/em><\/h4>\n<ul>\n<li>\n<h4><em><strong>height: 66.5 cm<\/strong><\/em><\/h4>\n<\/li>\n<li>\n<h4><em><strong>length: 78cm<\/strong><\/em><\/h4>\n<\/li>\n<li>\n<h4><em><strong>width: 39cm<\/strong><\/em><\/h4>\n<\/li>\n<\/ul>\n<h4><em><strong>Internal part of the box<\/strong><\/em><\/h4>\n<ul>\n<li>\n<h4><em><strong>depth: 39 cm<\/strong><\/em><\/h4>\n<\/li>\n<li>\n<h4><em><strong>length: 73.5cm<\/strong><\/em><\/h4>\n<\/li>\n<li>\n<h4><em><strong>width: 33cm<\/strong><\/em><\/h4>\n<\/li>\n<\/ul>\n<h4 style=\"text-align: center;\"><em><strong>NOTE!!!<\/strong><\/em><\/h4>\n<h4 style=\"text-align: center;\"><em><strong>For the sake of safe delivery, in some cases we organise bulk or individual shipping.<\/strong><\/em><\/h4>\n<h4 style=\"text-align: center;\"><em><strong>************************************<\/strong><\/em><\/h4>\n<h4 style=\"text-align: center;\"><em><strong>The photos show the actual state of the object<\/strong><\/em><\/h4>\n<h4 style=\"text-align: center;\"><em><strong>Additional photos upon request<\/strong><\/em><\/h4>\n<h4 style=\"text-align: center;\"><em><strong>All our items on display are available in our warehouse.<\/strong><\/em><\/h4>\n<h4 style=\"text-align: center;\"><em><strong>Can be viewed by appointment.<\/strong><\/em><\/h4>\n<h4><em><strong>NR. ART 10210<\/strong><\/em><\/h4>","protected":false},"excerpt":{"rendered":"<p>Kufer, skrzynia czerwona w stylu staro\u017cytnego Egiptu Przedstawiony na zdj\u0119ciu przedmiot to kufer lub skrzynia w stylu staro\u017cytnego Egiptu.\u00a0Tego typu meble s\u0105 cz\u0119sto wykonane z drewna i r\u0119cznie zdobione. Kufer ma zaokr\u0105glone wieko i jest bogato zdobiony motywami egipskimi. Na przodzie wieka widoczna jest stylizowana maska faraona, prawdopodobnie Tutenchamona. Wzory na kufrze obejmuj\u0105 hieroglify, wizerunki [&hellip;]<\/p>\n","protected":false},"featured_media":49762,"template":"","meta":{"_seopress_robots_primary_cat":"","_seopress_titles_title":"","_seopress_titles_desc":"","_seopress_robots_index":"","site-sidebar-layout":"default","site-content-layout":"","ast-site-content-layout":"default","site-content-style":"default","site-sidebar-style":"default","ast-global-header-display":"","ast-banner-title-visibility":"","ast-main-header-display":"","ast-hfb-above-header-display":"","ast-hfb-below-header-display":"","ast-hfb-mobile-header-display":"","site-post-title":"","ast-breadcrumbs-content":"","ast-featured-img":"","footer-sml-layout":"","ast-disable-related-posts":"","theme-transparent-header-meta":"default","adv-header-id-meta":"","stick-header-meta":"default","header-above-stick-meta":"","header-main-stick-meta":"","header-below-stick-meta":"","astra-migrate-meta-layouts":"set","ast-page-background-enabled":"default","ast-page-background-meta":{"desktop":{"background-color":"var(--ast-global-color-4)","background-image":"","background-repeat":"repeat","background-position":"center center","background-size":"auto","background-attachment":"scroll","background-type":"","background-media":"","overlay-type":"","overlay-color":"","overlay-opacity":"","overlay-gradient":""},"tablet":{"background-color":"","background-image":"","background-repeat":"repeat","background-position":"center center","background-size":"auto","background-attachment":"scroll","background-type":"","background-media":"","overlay-type":"","overlay-color":"","overlay-opacity":"","overlay-gradient":""},"mobile":{"background-color":"","background-image":"","background-repeat":"repeat","background-position":"center center","background-size":"auto","background-attachment":"scroll","background-type":"","background-media":"","overlay-type":"","overlay-color":"","overlay-opacity":"","overlay-gradient":""}},"ast-content-background-meta":{"desktop":{"background-color":"var(--ast-global-color-5)","background-image":"","background-repeat":"repeat","background-position":"center center","background-size":"auto","background-attachment":"scroll","background-type":"","background-media":"","overlay-type":"","overlay-color":"","overlay-opacity":"","overlay-gradient":""},"tablet":{"background-color":"var(--ast-global-color-5)","background-image":"","background-repeat":"repeat","background-position":"center center","background-size":"auto","background-attachment":"scroll","background-type":"","background-media":"","overlay-type":"","overlay-color":"","overlay-opacity":"","overlay-gradient":""},"mobile":{"background-color":"var(--ast-global-color-5)","background-image":"","background-repeat":"repeat","background-position":"center center","background-size":"auto","background-attachment":"scroll","background-type":"","background-media":"","overlay-type":"","overlay-color":"","overlay-opacity":"","overlay-gradient":""}}},"product_brand":[],"product_cat":[32,41],"product_tag":[],"class_list":{"0":"post-49760","1":"product","2":"type-product","3":"status-publish","4":"has-post-thumbnail","6":"product_cat-meble","7":"product_cat-skrzynie-barki","8":"product_shipping_class-wysylka-120zl","9":"desktop-align-left","10":"tablet-align-left","11":"mobile-align-left","12":"ast-product-gallery-layout-vertical-slider","13":"ast-product-tabs-layout-horizontal","14":"ast-qv-on-image","16":"first","17":"instock","18":"sold-individually","19":"shipping-taxable","20":"purchasable","21":"product-type-simple"},"_links":{"self":[{"href":"https:\/\/antart.com.pl\/en\/wp-json\/wp\/v2\/product\/49760","targetHints":{"allow":["GET"]}}],"collection":[{"href":"https:\/\/antart.com.pl\/en\/wp-json\/wp\/v2\/product"}],"about":[{"href":"https:\/\/antart.com.pl\/en\/wp-json\/wp\/v2\/types\/product"}],"wp:featuredmedia":[{"embeddable":true,"href":"https:\/\/antart.com.pl\/en\/wp-json\/wp\/v2\/media\/49762"}],"wp:attachment":[{"href":"https:\/\/antart.com.pl\/en\/wp-json\/wp\/v2\/media?parent=49760"}],"wp:term":[{"taxonomy":"product_brand","embeddable":true,"href":"https:\/\/antart.com.pl\/en\/wp-json\/wp\/v2\/product_brand?post=49760"},{"taxonomy":"product_cat","embeddable":true,"href":"https:\/\/antart.com.pl\/en\/wp-json\/wp\/v2\/product_cat?post=49760"},{"taxonomy":"product_tag","embeddable":true,"href":"https:\/\/antart.com.pl\/en\/wp-json\/wp\/v2\/product_tag?post=49760"}],"curies":[{"name":"wp","href":"https:\/\/api.w.org\/{rel}","templated":true}]}}