{"id":49797,"date":"2025-10-28T12:15:16","date_gmt":"2025-10-28T11:15:16","guid":{"rendered":"https:\/\/antart.com.pl\/?post_type=product&#038;p=49797"},"modified":"2025-10-28T12:15:18","modified_gmt":"2025-10-28T11:15:18","slug":"antique-brass-pirate-chest-xixth-century","status":"publish","type":"product","link":"https:\/\/antart.com.pl\/en\/produkt\/antyczna-skrzynia-mosiezna-piracka-xix-wiek\/","title":{"rendered":"Antique brass chest Pirate 19th century"},"content":{"rendered":"<h4 style=\"text-align: center;\"><em><strong>Antique Pirate Chest 19th century<\/strong><\/em><\/h4>\n<h4 style=\"text-align: center;\"><em><strong>Antique wooden pirate chest from the 19th century. Solid wood and metal construction, decorated with studs. Ideal as decoration or as a practical storage solution for objects. It has signs of use but has retained its original vintage character.<\/strong><\/em><\/h4>\n<h4><em><strong>Dimensions:<\/strong><\/em><\/h4>\n<h4><em><strong>Outer part of the box<\/strong><\/em><\/h4>\n<ul>\n<li>\n<h4><em><strong>height: 55.5 cm<\/strong><\/em><\/h4>\n<\/li>\n<li>\n<h4><em><strong>length: 68cm<\/strong><\/em><\/h4>\n<\/li>\n<li>\n<h4><em><strong>width: 54cm<\/strong><\/em><\/h4>\n<\/li>\n<\/ul>\n<h4><em><strong>Internal part of the box<\/strong><\/em><\/h4>\n<ul>\n<li>\n<h4><em><strong>depth: 38 cm<\/strong><\/em><\/h4>\n<\/li>\n<li>\n<h4><em><strong>length: 60cm<\/strong><\/em><\/h4>\n<\/li>\n<li>\n<h4><em><strong>width: 46cm<\/strong><\/em><\/h4>\n<\/li>\n<\/ul>\n<h4 style=\"text-align: center;\"><em><strong>NOTE!!!<\/strong><\/em><\/h4>\n<h4 style=\"text-align: center;\"><em><strong>For the sake of safe delivery, in some cases we organise bulk or individual shipping.<\/strong><\/em><\/h4>\n<h4 style=\"text-align: center;\"><em><strong>************************************<\/strong><\/em><\/h4>\n<h4 style=\"text-align: center;\"><em><strong>The photos show the actual state of the object<\/strong><\/em><\/h4>\n<h4 style=\"text-align: center;\"><em><strong>Additional photos upon request<\/strong><\/em><\/h4>\n<h4 style=\"text-align: center;\"><em><strong>All our items on display are available in our warehouse.<\/strong><\/em><\/h4>\n<h4 style=\"text-align: center;\"><em><strong>Can be viewed by appointment.<\/strong><\/em><\/h4>\n<h4><em><strong>NR. ART 10209<\/strong><\/em><\/h4>","protected":false},"excerpt":{"rendered":"<p>Antyczna skrzynia Piracka XIX wiek Antyczna, drewniana skrzynia piracka z XIX wieku. Solidna konstrukcja z drewna i metalu, ozdobiona \u0107wiekami. Idealna jako dekoracja lub praktyczne rozwi\u0105zanie do przechowywania przedmiot\u00f3w. Posiada \u015blady u\u017cytkowania, ale zachowa\u0142a sw\u00f3j oryginalny, zabytkowy charakter. Wymiary: Zewn\u0119trzna cz\u0119\u015b\u0107 skrzyni wysoko\u015b\u0107: 55,5 cm d\u0142ugo\u015b\u0107: 68cm szeroko\u015b\u0107: 54cm Wewn\u0119trzna cz\u0119\u015b\u0107 skrzyni g\u0142\u0119boko\u015b\u0107: 38 cm [&hellip;]<\/p>\n","protected":false},"featured_media":49780,"template":"","meta":{"_seopress_robots_primary_cat":"","_seopress_titles_title":"","_seopress_titles_desc":"","_seopress_robots_index":"","site-sidebar-layout":"default","site-content-layout":"","ast-site-content-layout":"default","site-content-style":"default","site-sidebar-style":"default","ast-global-header-display":"","ast-banner-title-visibility":"","ast-main-header-display":"","ast-hfb-above-header-display":"","ast-hfb-below-header-display":"","ast-hfb-mobile-header-display":"","site-post-title":"","ast-breadcrumbs-content":"","ast-featured-img":"","footer-sml-layout":"","ast-disable-related-posts":"","theme-transparent-header-meta":"default","adv-header-id-meta":"","stick-header-meta":"default","header-above-stick-meta":"","header-main-stick-meta":"","header-below-stick-meta":"","astra-migrate-meta-layouts":"set","ast-page-background-enabled":"default","ast-page-background-meta":{"desktop":{"background-color":"var(--ast-global-color-4)","background-image":"","background-repeat":"repeat","background-position":"center center","background-size":"auto","background-attachment":"scroll","background-type":"","background-media":"","overlay-type":"","overlay-color":"","overlay-opacity":"","overlay-gradient":""},"tablet":{"background-color":"","background-image":"","background-repeat":"repeat","background-position":"center center","background-size":"auto","background-attachment":"scroll","background-type":"","background-media":"","overlay-type":"","overlay-color":"","overlay-opacity":"","overlay-gradient":""},"mobile":{"background-color":"","background-image":"","background-repeat":"repeat","background-position":"center center","background-size":"auto","background-attachment":"scroll","background-type":"","background-media":"","overlay-type":"","overlay-color":"","overlay-opacity":"","overlay-gradient":""}},"ast-content-background-meta":{"desktop":{"background-color":"var(--ast-global-color-5)","background-image":"","background-repeat":"repeat","background-position":"center center","background-size":"auto","background-attachment":"scroll","background-type":"","background-media":"","overlay-type":"","overlay-color":"","overlay-opacity":"","overlay-gradient":""},"tablet":{"background-color":"var(--ast-global-color-5)","background-image":"","background-repeat":"repeat","background-position":"center center","background-size":"auto","background-attachment":"scroll","background-type":"","background-media":"","overlay-type":"","overlay-color":"","overlay-opacity":"","overlay-gradient":""},"mobile":{"background-color":"var(--ast-global-color-5)","background-image":"","background-repeat":"repeat","background-position":"center center","background-size":"auto","background-attachment":"scroll","background-type":"","background-media":"","overlay-type":"","overlay-color":"","overlay-opacity":"","overlay-gradient":""}}},"product_brand":[],"product_cat":[32,41],"product_tag":[],"class_list":{"0":"post-49797","1":"product","2":"type-product","3":"status-publish","4":"has-post-thumbnail","6":"product_cat-meble","7":"product_cat-skrzynie-barki","8":"product_shipping_class-wysylka-120zl","9":"desktop-align-left","10":"tablet-align-left","11":"mobile-align-left","12":"ast-product-gallery-layout-vertical-slider","13":"ast-product-tabs-layout-horizontal","14":"ast-qv-on-image","16":"first","17":"instock","18":"sold-individually","19":"shipping-taxable","20":"purchasable","21":"product-type-simple"},"_links":{"self":[{"href":"https:\/\/antart.com.pl\/en\/wp-json\/wp\/v2\/product\/49797","targetHints":{"allow":["GET"]}}],"collection":[{"href":"https:\/\/antart.com.pl\/en\/wp-json\/wp\/v2\/product"}],"about":[{"href":"https:\/\/antart.com.pl\/en\/wp-json\/wp\/v2\/types\/product"}],"wp:featuredmedia":[{"embeddable":true,"href":"https:\/\/antart.com.pl\/en\/wp-json\/wp\/v2\/media\/49780"}],"wp:attachment":[{"href":"https:\/\/antart.com.pl\/en\/wp-json\/wp\/v2\/media?parent=49797"}],"wp:term":[{"taxonomy":"product_brand","embeddable":true,"href":"https:\/\/antart.com.pl\/en\/wp-json\/wp\/v2\/product_brand?post=49797"},{"taxonomy":"product_cat","embeddable":true,"href":"https:\/\/antart.com.pl\/en\/wp-json\/wp\/v2\/product_cat?post=49797"},{"taxonomy":"product_tag","embeddable":true,"href":"https:\/\/antart.com.pl\/en\/wp-json\/wp\/v2\/product_tag?post=49797"}],"curies":[{"name":"wp","href":"https:\/\/api.w.org\/{rel}","templated":true}]}}