{"id":50224,"date":"2025-10-31T13:11:07","date_gmt":"2025-10-31T12:11:07","guid":{"rendered":"https:\/\/antart.com.pl\/?post_type=product&#038;p=50224"},"modified":"2026-04-01T20:12:16","modified_gmt":"2026-04-01T18:12:16","slug":"vintage-style-brass-floor-lamp-from-the-50s-60s","status":"publish","type":"product","link":"https:\/\/antart.com.pl\/en\/produkt\/stylowa-lampa-podlogowa-mosiezna-w-stylu-vintage-z-lat-50-60-tych\/","title":{"rendered":"Stylish vintage brass floor lamp from the 1950s\/1960s"},"content":{"rendered":"<h4 style=\"text-align: center;\"><em><b>Stylish vintage brass floor lamp from the 1950s\/1960s<\/b><\/em><\/h4>\n<h4 style=\"text-align: center;\"><em>A stylish, vintage brass floor lamp from the 1950s or 1960s. The lampshade is decorated with a unique graphic depicting a scene from the past. The lamp is in good condition and ready to use in your home, giving it a unique atmosphere.<\/em><\/h4>\n<h4 style=\"text-align: center;\"><em>Lampshade original but has discolouration.<\/em><\/h4>\n<h4><em><b>Dimensions:<\/b><\/em><\/h4>\n<ul>\n<li>\n<h4><em>total height: 162cm<\/em><\/h4>\n<\/li>\n<li>\n<h4><em>height of lampshade: 38.5 cm<\/em><\/h4>\n<\/li>\n<li>\n<h4><em>upper diameter of lampshade: 35.5 cm<\/em><\/h4>\n<\/li>\n<li>\n<h4><em>lower diameter of lampshade: 56cm<\/em><\/h4>\n<\/li>\n<\/ul>\n<h4 style=\"text-align: center;\"><em><b>The photos show the actual state of the object<\/b><\/em><\/h4>\n<h4 style=\"text-align: center;\"><em><b>Additional photos upon request<\/b><\/em><\/h4>\n<h4 style=\"text-align: center;\"><em><b>All our items on display are available in our warehouse.<\/b><\/em><\/h4>\n<h4 style=\"text-align: center;\"><em><b>Can be viewed by appointment.<\/b><\/em><\/h4>\n<h4><em><b>NO. ART 10297<\/b><\/em><\/h4>","protected":false},"excerpt":{"rendered":"<p>Stylowa lampa pod\u0142ogowa mosi\u0119\u017cna w stylu vintage z lat 50\/60-tych Stylowa, vintage&#8217;owa lampa pod\u0142ogowa z mosi\u0105dzu z lat 50. lub 60. XX wieku. Aba\u017cur lampy zdobiony jest unikatow\u0105 grafik\u0105 przedstawiaj\u0105c\u0105 scen\u0119 z przesz\u0142o\u015bci. Lampa jest w dobrym stanie i gotowa do u\u017cytku w Twoim domu, nadaj\u0105c mu niepowtarzalny klimat. Aba\u017cur lampy oryginalny ale posiada przebarwienia. [&hellip;]<\/p>\n","protected":false},"featured_media":50237,"template":"","meta":{"_seopress_robots_primary_cat":"","_seopress_titles_title":"","_seopress_titles_desc":"","_seopress_robots_index":"","site-sidebar-layout":"default","site-content-layout":"","ast-site-content-layout":"default","site-content-style":"default","site-sidebar-style":"default","ast-global-header-display":"","ast-banner-title-visibility":"","ast-main-header-display":"","ast-hfb-above-header-display":"","ast-hfb-below-header-display":"","ast-hfb-mobile-header-display":"","site-post-title":"","ast-breadcrumbs-content":"","ast-featured-img":"","footer-sml-layout":"","ast-disable-related-posts":"","theme-transparent-header-meta":"default","adv-header-id-meta":"","stick-header-meta":"default","header-above-stick-meta":"","header-main-stick-meta":"","header-below-stick-meta":"","astra-migrate-meta-layouts":"set","ast-page-background-enabled":"default","ast-page-background-meta":{"desktop":{"background-color":"var(--ast-global-color-4)","background-image":"","background-repeat":"repeat","background-position":"center center","background-size":"auto","background-attachment":"scroll","background-type":"","background-media":"","overlay-type":"","overlay-color":"","overlay-opacity":"","overlay-gradient":""},"tablet":{"background-color":"","background-image":"","background-repeat":"repeat","background-position":"center center","background-size":"auto","background-attachment":"scroll","background-type":"","background-media":"","overlay-type":"","overlay-color":"","overlay-opacity":"","overlay-gradient":""},"mobile":{"background-color":"","background-image":"","background-repeat":"repeat","background-position":"center center","background-size":"auto","background-attachment":"scroll","background-type":"","background-media":"","overlay-type":"","overlay-color":"","overlay-opacity":"","overlay-gradient":""}},"ast-content-background-meta":{"desktop":{"background-color":"var(--ast-global-color-5)","background-image":"","background-repeat":"repeat","background-position":"center center","background-size":"auto","background-attachment":"scroll","background-type":"","background-media":"","overlay-type":"","overlay-color":"","overlay-opacity":"","overlay-gradient":""},"tablet":{"background-color":"var(--ast-global-color-5)","background-image":"","background-repeat":"repeat","background-position":"center center","background-size":"auto","background-attachment":"scroll","background-type":"","background-media":"","overlay-type":"","overlay-color":"","overlay-opacity":"","overlay-gradient":""},"mobile":{"background-color":"var(--ast-global-color-5)","background-image":"","background-repeat":"repeat","background-position":"center center","background-size":"auto","background-attachment":"scroll","background-type":"","background-media":"","overlay-type":"","overlay-color":"","overlay-opacity":"","overlay-gradient":""}}},"product_brand":[],"product_cat":[52,30],"product_tag":[],"class_list":{"0":"post-50224","1":"product","2":"type-product","3":"status-publish","4":"has-post-thumbnail","6":"product_cat-lampy-stojace","7":"product_cat-oswietlenie","8":"product_shipping_class-wysylka-120zl","9":"desktop-align-left","10":"tablet-align-left","11":"mobile-align-left","12":"ast-product-gallery-layout-vertical-slider","13":"ast-product-tabs-layout-horizontal","14":"ast-qv-on-image","16":"first","17":"instock","18":"sale","19":"sold-individually","20":"shipping-taxable","21":"purchasable","22":"product-type-simple"},"_links":{"self":[{"href":"https:\/\/antart.com.pl\/en\/wp-json\/wp\/v2\/product\/50224","targetHints":{"allow":["GET"]}}],"collection":[{"href":"https:\/\/antart.com.pl\/en\/wp-json\/wp\/v2\/product"}],"about":[{"href":"https:\/\/antart.com.pl\/en\/wp-json\/wp\/v2\/types\/product"}],"wp:featuredmedia":[{"embeddable":true,"href":"https:\/\/antart.com.pl\/en\/wp-json\/wp\/v2\/media\/50237"}],"wp:attachment":[{"href":"https:\/\/antart.com.pl\/en\/wp-json\/wp\/v2\/media?parent=50224"}],"wp:term":[{"taxonomy":"product_brand","embeddable":true,"href":"https:\/\/antart.com.pl\/en\/wp-json\/wp\/v2\/product_brand?post=50224"},{"taxonomy":"product_cat","embeddable":true,"href":"https:\/\/antart.com.pl\/en\/wp-json\/wp\/v2\/product_cat?post=50224"},{"taxonomy":"product_tag","embeddable":true,"href":"https:\/\/antart.com.pl\/en\/wp-json\/wp\/v2\/product_tag?post=50224"}],"curies":[{"name":"wp","href":"https:\/\/api.w.org\/{rel}","templated":true}]}}