{"id":50333,"date":"2025-10-31T15:32:45","date_gmt":"2025-10-31T14:32:45","guid":{"rendered":"https:\/\/antart.com.pl\/?post_type=product&#038;p=50333"},"modified":"2026-04-01T20:16:29","modified_gmt":"2026-04-01T18:16:29","slug":"black-bamboo-set-with-raffia-folding-table-for-living-room-dining-room","status":"publish","type":"product","link":"https:\/\/antart.com.pl\/en\/produkt\/komplet-bambusowy-czarny-z-rafia-stol-rozkladany-do-salonu-jadalni\/","title":{"rendered":"Black bamboo set with raffia- folding table for living room, dining room"},"content":{"rendered":"<h4 style=\"text-align: center;\"><em><strong>Black bamboo set with raffia- folding table for living room, dining room<\/strong><\/em><\/h4>\n<h4 style=\"text-align: center;\"><em><strong>A set consisting of a folding table and two boho-style armchairs. The table and armchairs are made of bamboo and finished with raffia for a rustic feel. Ideal for the living room or dining room.<\/strong><\/em><\/h4>\n<h4 style=\"text-align: center;\"><em><strong>Cushions included.<\/strong><\/em><\/h4>\n<h4 style=\"text-align: left;\"><em><strong>Dimensions:<\/strong><\/em><\/h4>\n<h4><em><strong>Unfolded table<\/strong><\/em><\/h4>\n<ul>\n<li>\n<h4><em><strong>length: 160cm<\/strong><\/em><\/h4>\n<\/li>\n<li>\n<h4><em><strong>width: 80cm<\/strong><\/em><\/h4>\n<\/li>\n<li>\n<h4><em><strong>height: 70cm<\/strong><\/em><\/h4>\n<\/li>\n<\/ul>\n<h4><em><strong>Folded table<\/strong><\/em><\/h4>\n<ul>\n<li>\n<h4><em><strong>length: 80cm<\/strong><\/em><\/h4>\n<\/li>\n<li>\n<h4><em><strong>width: 80cm<\/strong><\/em><\/h4>\n<\/li>\n<li>\n<h4><em><strong>height: 70cm<\/strong><\/em><\/h4>\n<\/li>\n<\/ul>\n<h4><em><strong>Seats<\/strong><\/em><\/h4>\n<ul>\n<li>\n<h4><em><strong>length: 58cm<\/strong><\/em><\/h4>\n<\/li>\n<li>\n<h4><em><strong>width: 52cm<\/strong><\/em><\/h4>\n<\/li>\n<li>\n<h4><em><strong>height: 84cm<\/strong><\/em><\/h4>\n<\/li>\n<li>\n<h4><em><strong>seat depth: 50cm<\/strong><\/em><\/h4>\n<\/li>\n<li>\n<h4><em><strong>height to seat: 40cm<\/strong><\/em><\/h4>\n<\/li>\n<\/ul>\n<h4 style=\"text-align: center;\"><em><strong>The photos show the actual state of the object<\/strong><\/em><\/h4>\n<h4 style=\"text-align: center;\"><em><strong>Additional photos upon request<\/strong><\/em><\/h4>\n<h4 style=\"text-align: center;\"><em><strong>All our items on display are available in our warehouse.<\/strong><\/em><\/h4>\n<h4 style=\"text-align: center;\"><em><strong>Can be viewed by appointment.<\/strong><\/em><\/h4>\n<h4><em><strong>NR. ART 10307<\/strong><\/em><\/h4>","protected":false},"excerpt":{"rendered":"<p>Komplet bambusowy czarny z rafi\u0105- st\u00f3\u0142 rozk\u0142adany do salonu, jadalni Zestaw sk\u0142adaj\u0105cy si\u0119 z rozk\u0142adanego sto\u0142u i dw\u00f3ch foteli w stylu boho. St\u00f3\u0142 i fotele wykonane s\u0105 z bambusa i wyko\u0144czone rafi\u0105, co nadaje im rustykalnego charakteru. Idealny do salonu lub jadalni. W komplecie poduszki. Wymiary: St\u00f3\u0142 roz\u0142o\u017cony d\u0142ugo\u015b\u0107: 160cm szeroko\u015b\u0107: 80cm wysoko\u015b\u0107: 70cm St\u00f3\u0142 [&hellip;]<\/p>\n","protected":false},"featured_media":50367,"template":"","meta":{"_seopress_robots_primary_cat":"","_seopress_titles_title":"","_seopress_titles_desc":"","_seopress_robots_index":"","site-sidebar-layout":"default","site-content-layout":"","ast-site-content-layout":"default","site-content-style":"default","site-sidebar-style":"default","ast-global-header-display":"","ast-banner-title-visibility":"","ast-main-header-display":"","ast-hfb-above-header-display":"","ast-hfb-below-header-display":"","ast-hfb-mobile-header-display":"","site-post-title":"","ast-breadcrumbs-content":"","ast-featured-img":"","footer-sml-layout":"","ast-disable-related-posts":"","theme-transparent-header-meta":"default","adv-header-id-meta":"","stick-header-meta":"default","header-above-stick-meta":"","header-main-stick-meta":"","header-below-stick-meta":"","astra-migrate-meta-layouts":"set","ast-page-background-enabled":"default","ast-page-background-meta":{"desktop":{"background-color":"var(--ast-global-color-4)","background-image":"","background-repeat":"repeat","background-position":"center center","background-size":"auto","background-attachment":"scroll","background-type":"","background-media":"","overlay-type":"","overlay-color":"","overlay-opacity":"","overlay-gradient":""},"tablet":{"background-color":"","background-image":"","background-repeat":"repeat","background-position":"center center","background-size":"auto","background-attachment":"scroll","background-type":"","background-media":"","overlay-type":"","overlay-color":"","overlay-opacity":"","overlay-gradient":""},"mobile":{"background-color":"","background-image":"","background-repeat":"repeat","background-position":"center center","background-size":"auto","background-attachment":"scroll","background-type":"","background-media":"","overlay-type":"","overlay-color":"","overlay-opacity":"","overlay-gradient":""}},"ast-content-background-meta":{"desktop":{"background-color":"var(--ast-global-color-5)","background-image":"","background-repeat":"repeat","background-position":"center center","background-size":"auto","background-attachment":"scroll","background-type":"","background-media":"","overlay-type":"","overlay-color":"","overlay-opacity":"","overlay-gradient":""},"tablet":{"background-color":"var(--ast-global-color-5)","background-image":"","background-repeat":"repeat","background-position":"center center","background-size":"auto","background-attachment":"scroll","background-type":"","background-media":"","overlay-type":"","overlay-color":"","overlay-opacity":"","overlay-gradient":""},"mobile":{"background-color":"var(--ast-global-color-5)","background-image":"","background-repeat":"repeat","background-position":"center center","background-size":"auto","background-attachment":"scroll","background-type":"","background-media":"","overlay-type":"","overlay-color":"","overlay-opacity":"","overlay-gradient":""}}},"product_brand":[],"product_cat":[15],"product_tag":[],"class_list":{"0":"post-50333","1":"product","2":"type-product","3":"status-publish","4":"has-post-thumbnail","6":"product_cat-bez-kategorii","7":"product_shipping_class-wysylka-po-uzgodnieniu","8":"desktop-align-left","9":"tablet-align-left","10":"mobile-align-left","11":"ast-product-gallery-layout-vertical-slider","12":"ast-product-tabs-layout-horizontal","13":"ast-qv-on-image","15":"first","16":"instock","17":"sale","18":"sold-individually","19":"shipping-taxable","20":"purchasable","21":"product-type-simple"},"_links":{"self":[{"href":"https:\/\/antart.com.pl\/en\/wp-json\/wp\/v2\/product\/50333","targetHints":{"allow":["GET"]}}],"collection":[{"href":"https:\/\/antart.com.pl\/en\/wp-json\/wp\/v2\/product"}],"about":[{"href":"https:\/\/antart.com.pl\/en\/wp-json\/wp\/v2\/types\/product"}],"wp:featuredmedia":[{"embeddable":true,"href":"https:\/\/antart.com.pl\/en\/wp-json\/wp\/v2\/media\/50367"}],"wp:attachment":[{"href":"https:\/\/antart.com.pl\/en\/wp-json\/wp\/v2\/media?parent=50333"}],"wp:term":[{"taxonomy":"product_brand","embeddable":true,"href":"https:\/\/antart.com.pl\/en\/wp-json\/wp\/v2\/product_brand?post=50333"},{"taxonomy":"product_cat","embeddable":true,"href":"https:\/\/antart.com.pl\/en\/wp-json\/wp\/v2\/product_cat?post=50333"},{"taxonomy":"product_tag","embeddable":true,"href":"https:\/\/antart.com.pl\/en\/wp-json\/wp\/v2\/product_tag?post=50333"}],"curies":[{"name":"wp","href":"https:\/\/api.w.org\/{rel}","templated":true}]}}