{"id":50467,"date":"2025-11-03T10:18:33","date_gmt":"2025-11-03T09:18:33","guid":{"rendered":"https:\/\/antart.com.pl\/?post_type=product&#038;p=50467"},"modified":"2025-11-03T10:18:34","modified_gmt":"2025-11-03T09:18:34","slug":"andoas-sasaki-wine-water-glass","status":"publish","type":"product","link":"https:\/\/antart.com.pl\/en\/produkt\/kielich-do-wody-wina-andoas-sasaki\/","title":{"rendered":"Andoas Sasaki water\/wine chalice"},"content":{"rendered":"<h4 style=\"text-align: center;\"><em><b>Water\/wine goblet by Andoas Sasaki, made of high-quality crystal glass. The goblet is characterised by a transparent, slightly undulating textured bowl, a tusrkus leg with a decorative amber-coloured sphere and a stable, round base falling in a violet-pink colour.<\/b><\/em><\/h4>\n<h4><\/h4>\n<h4><em><b>I have 6pcs for sale.<\/b><\/em><\/h4>\n<h4><em><b>Price is for 1pc.<\/b><\/em><\/h4>\n<h4><\/h4>\n<h4><em><b>Dimensions<\/b><\/em><\/h4>\n<ul>\n<li>\n<h4><em><b>Height: 19cm.<\/b><\/em><\/h4>\n<\/li>\n<li>\n<h4><em><b>Top diameter: 8cm.<\/b><\/em><\/h4>\n<\/li>\n<li>\n<h4><em><b>Base diameter: 7.5cm.<\/b><\/em><\/h4>\n<\/li>\n<li>\n<h4><em><b>Volume: 200ml.<\/b><\/em><\/h4>\n<\/li>\n<\/ul>\n<h4 style=\"text-align: center;\"><em><b>The photos show the actual state of the object<\/b><\/em><\/h4>\n<h4 style=\"text-align: center;\"><em><b>Additional photos upon request<\/b><\/em><\/h4>\n<h4 style=\"text-align: center;\"><em><b>All our items on display are available in our warehouse.<\/b><\/em><\/h4>\n<h4 style=\"text-align: center;\"><em><b>Can be viewed by appointment.<\/b><\/em><\/h4>\n<h4><\/h4>\n<h4><em><b>No. 5938<\/b><\/em><\/h4>","protected":false},"excerpt":{"rendered":"<p>Kielich do wody\/wina wytw\u00f3rni Andoas Sasaki, wykonana z wysokiej jako\u015bci szk\u0142a kryszta\u0142owego. Kieliszek charakteryzuje si\u0119 przezroczyst\u0105, o lekko pofa\u0142dowanej fakturze czasz\u0105, tusrkusowa n\u00f3\u017cka z ozdobn\u0105 kul\u0105 w kolorze bursztynowym oraz stabilna, okr\u0105g\u0142o\u015b\u0107 podstawa wpadaj\u0105ca w kolor fioletowo-r\u00f3\u017cowy. Posiadam w sprzeda\u017cy 6szt. Cena dotyczy 1szt. Wymiary Wysoko\u015b\u0107: 19cm. \u015arednica g\u00f3rna: 8cm. \u015arednica podstawy: 7,5cm. Poj: 200ml. [&hellip;]<\/p>\n","protected":false},"featured_media":50468,"template":"","meta":{"_seopress_robots_primary_cat":"","_seopress_titles_title":"","_seopress_titles_desc":"","_seopress_robots_index":"","site-sidebar-layout":"default","site-content-layout":"","ast-site-content-layout":"default","site-content-style":"default","site-sidebar-style":"default","ast-global-header-display":"","ast-banner-title-visibility":"","ast-main-header-display":"","ast-hfb-above-header-display":"","ast-hfb-below-header-display":"","ast-hfb-mobile-header-display":"","site-post-title":"","ast-breadcrumbs-content":"","ast-featured-img":"","footer-sml-layout":"","ast-disable-related-posts":"","theme-transparent-header-meta":"default","adv-header-id-meta":"","stick-header-meta":"default","header-above-stick-meta":"","header-main-stick-meta":"","header-below-stick-meta":"","astra-migrate-meta-layouts":"set","ast-page-background-enabled":"default","ast-page-background-meta":{"desktop":{"background-color":"var(--ast-global-color-4)","background-image":"","background-repeat":"repeat","background-position":"center center","background-size":"auto","background-attachment":"scroll","background-type":"","background-media":"","overlay-type":"","overlay-color":"","overlay-opacity":"","overlay-gradient":""},"tablet":{"background-color":"","background-image":"","background-repeat":"repeat","background-position":"center center","background-size":"auto","background-attachment":"scroll","background-type":"","background-media":"","overlay-type":"","overlay-color":"","overlay-opacity":"","overlay-gradient":""},"mobile":{"background-color":"","background-image":"","background-repeat":"repeat","background-position":"center center","background-size":"auto","background-attachment":"scroll","background-type":"","background-media":"","overlay-type":"","overlay-color":"","overlay-opacity":"","overlay-gradient":""}},"ast-content-background-meta":{"desktop":{"background-color":"var(--ast-global-color-5)","background-image":"","background-repeat":"repeat","background-position":"center center","background-size":"auto","background-attachment":"scroll","background-type":"","background-media":"","overlay-type":"","overlay-color":"","overlay-opacity":"","overlay-gradient":""},"tablet":{"background-color":"var(--ast-global-color-5)","background-image":"","background-repeat":"repeat","background-position":"center center","background-size":"auto","background-attachment":"scroll","background-type":"","background-media":"","overlay-type":"","overlay-color":"","overlay-opacity":"","overlay-gradient":""},"mobile":{"background-color":"var(--ast-global-color-5)","background-image":"","background-repeat":"repeat","background-position":"center center","background-size":"auto","background-attachment":"scroll","background-type":"","background-media":"","overlay-type":"","overlay-color":"","overlay-opacity":"","overlay-gradient":""}}},"product_brand":[],"product_cat":[53,24],"product_tag":[],"class_list":{"0":"post-50467","1":"product","2":"type-product","3":"status-publish","4":"has-post-thumbnail","6":"product_cat-kieliszki","7":"product_cat-kuchnia","8":"product_shipping_class-wysylka-19zl","9":"desktop-align-left","10":"tablet-align-left","11":"mobile-align-left","12":"ast-product-gallery-layout-vertical-slider","13":"ast-product-tabs-layout-horizontal","14":"ast-qv-on-image","16":"first","17":"instock","18":"shipping-taxable","19":"purchasable","20":"product-type-simple"},"_links":{"self":[{"href":"https:\/\/antart.com.pl\/en\/wp-json\/wp\/v2\/product\/50467","targetHints":{"allow":["GET"]}}],"collection":[{"href":"https:\/\/antart.com.pl\/en\/wp-json\/wp\/v2\/product"}],"about":[{"href":"https:\/\/antart.com.pl\/en\/wp-json\/wp\/v2\/types\/product"}],"wp:featuredmedia":[{"embeddable":true,"href":"https:\/\/antart.com.pl\/en\/wp-json\/wp\/v2\/media\/50468"}],"wp:attachment":[{"href":"https:\/\/antart.com.pl\/en\/wp-json\/wp\/v2\/media?parent=50467"}],"wp:term":[{"taxonomy":"product_brand","embeddable":true,"href":"https:\/\/antart.com.pl\/en\/wp-json\/wp\/v2\/product_brand?post=50467"},{"taxonomy":"product_cat","embeddable":true,"href":"https:\/\/antart.com.pl\/en\/wp-json\/wp\/v2\/product_cat?post=50467"},{"taxonomy":"product_tag","embeddable":true,"href":"https:\/\/antart.com.pl\/en\/wp-json\/wp\/v2\/product_tag?post=50467"}],"curies":[{"name":"wp","href":"https:\/\/api.w.org\/{rel}","templated":true}]}}