{"id":51000,"date":"2025-11-06T11:25:51","date_gmt":"2025-11-06T10:25:51","guid":{"rendered":"https:\/\/antart.com.pl\/?post_type=product&#038;p=51000"},"modified":"2025-11-06T11:25:53","modified_gmt":"2025-11-06T10:25:53","slug":"ikea-stefan-flap-table-with-two-chairs","status":"publish","type":"product","link":"https:\/\/antart.com.pl\/en\/produkt\/stolik-z-klapa-ikea-stefan-z-dwoma-krzeslami\/","title":{"rendered":"Ikea \u201eStefan\u201d table with flap and two chairs"},"content":{"rendered":"<h4 style=\"text-align: center;\"><em><strong>Ikea \u201eStefan\u201d table with flap and two chairs<\/strong><\/em><\/h4>\n<h4 style=\"text-align: center;\"><em><strong>Solid black folding table by IKEA from the 'Stefan\u2019 collection. The table can accommodate 4 people. Made of durable materials, ideal for everyday use in the kitchen or dining room.<\/strong><\/em><\/h4>\n<h4 style=\"text-align: center;\"><em><strong>The table has one drop-down flap which is used to extend the table.<\/strong><\/em><\/h4>\n<p>&nbsp;<\/p>\n<h4><em><strong>Dimensions<\/strong><\/em><\/h4>\n<p>&nbsp;<\/p>\n<h4><em><strong>Unfolded<\/strong><\/em><\/h4>\n<ul>\n<li>\n<h4><em><strong>length: 104.5cm<\/strong><\/em><\/h4>\n<\/li>\n<li>\n<h4><em><strong>width: 74.5cm<\/strong><\/em><\/h4>\n<\/li>\n<li>\n<h4><em><strong>height: 75.5cm<\/strong><\/em><\/h4>\n<\/li>\n<\/ul>\n<h4><em><strong>Submitted<\/strong><\/em><\/h4>\n<ul>\n<li>\n<h4><em><strong>length: 74.5cm<\/strong><\/em><\/h4>\n<\/li>\n<li>\n<h4><em><strong>width: 74.5cm<\/strong><\/em><\/h4>\n<\/li>\n<li>\n<h4><em><strong>height: 75.5cm<\/strong><\/em><\/h4>\n<\/li>\n<\/ul>\n<h4><em><strong>Chairs<\/strong><\/em><\/h4>\n<ul>\n<li>\n<h4><em><strong>length: 42 cm<\/strong><\/em><\/h4>\n<\/li>\n<li>\n<h4><em><strong>width: 42cm<\/strong><\/em><\/h4>\n<\/li>\n<li>\n<h4><em><strong>height: 90cm<\/strong><\/em><\/h4>\n<\/li>\n<li>\n<h4><em><strong>seat depth: 40cm<\/strong><\/em><\/h4>\n<\/li>\n<li>\n<h4><em><strong>height to seat: 46 cm<\/strong><\/em><\/h4>\n<\/li>\n<\/ul>\n<h4 style=\"text-align: center;\"><em><strong>NOTE!!!<\/strong><\/em><\/h4>\n<h4 style=\"text-align: center;\"><em><strong>For the sake of safe delivery, in some cases we organise bulk or individual shipping.<\/strong><\/em><\/h4>\n<h4 style=\"text-align: center;\"><em><strong>***************************<\/strong><\/em><\/h4>\n<h4 style=\"text-align: center;\"><em><strong>The photos show the actual state of the object<\/strong><\/em><\/h4>\n<h4 style=\"text-align: center;\"><em><strong>Additional photos upon request<\/strong><\/em><\/h4>\n<h4 style=\"text-align: center;\"><em><strong>All our items on display are available in our warehouse.<\/strong><\/em><\/h4>\n<h4 style=\"text-align: center;\"><em><strong>Can be viewed by appointment.<\/strong><\/em><\/h4>\n<h4><em><strong>NR. ART 10309<\/strong><\/em><\/h4>","protected":false},"excerpt":{"rendered":"<p>Stolik z klap\u0105 Ikea &#8222;Stefan&#8221; z dwoma krzes\u0142ami Solidny, czarny st\u00f3\u0142 rozk\u0142adany marki IKEA z kolekcji 'Stefan&#8217;. St\u00f3\u0142 mo\u017ce pomie\u015bci\u0107 4 osoby. Wykonany z trwa\u0142ych materia\u0142\u00f3w, idealny do codziennego u\u017cytku w kuchni lub jadalni. St\u00f3\u0142 posiada jedn\u0105 klapk\u0119 opadaj\u0105c\u0105 kt\u00f3ra s\u0142u\u017cy do przed\u0142u\u017cenia sto\u0142u. &nbsp; Wymiary &nbsp; Roz\u0142o\u017cony d\u0142ugo\u015b\u0107: 104,5cm szeroko\u015b\u0107: 74,5cm wysoko\u015b\u0107: 75,5cm Z\u0142o\u017cony [&hellip;]<\/p>\n","protected":false},"featured_media":51001,"template":"","meta":{"_seopress_robots_primary_cat":"","_seopress_titles_title":"","_seopress_titles_desc":"","_seopress_robots_index":"","site-sidebar-layout":"default","site-content-layout":"","ast-site-content-layout":"default","site-content-style":"default","site-sidebar-style":"default","ast-global-header-display":"","ast-banner-title-visibility":"","ast-main-header-display":"","ast-hfb-above-header-display":"","ast-hfb-below-header-display":"","ast-hfb-mobile-header-display":"","site-post-title":"","ast-breadcrumbs-content":"","ast-featured-img":"","footer-sml-layout":"","ast-disable-related-posts":"","theme-transparent-header-meta":"default","adv-header-id-meta":"","stick-header-meta":"default","header-above-stick-meta":"","header-main-stick-meta":"","header-below-stick-meta":"","astra-migrate-meta-layouts":"set","ast-page-background-enabled":"default","ast-page-background-meta":{"desktop":{"background-color":"var(--ast-global-color-4)","background-image":"","background-repeat":"repeat","background-position":"center center","background-size":"auto","background-attachment":"scroll","background-type":"","background-media":"","overlay-type":"","overlay-color":"","overlay-opacity":"","overlay-gradient":""},"tablet":{"background-color":"","background-image":"","background-repeat":"repeat","background-position":"center center","background-size":"auto","background-attachment":"scroll","background-type":"","background-media":"","overlay-type":"","overlay-color":"","overlay-opacity":"","overlay-gradient":""},"mobile":{"background-color":"","background-image":"","background-repeat":"repeat","background-position":"center center","background-size":"auto","background-attachment":"scroll","background-type":"","background-media":"","overlay-type":"","overlay-color":"","overlay-opacity":"","overlay-gradient":""}},"ast-content-background-meta":{"desktop":{"background-color":"var(--ast-global-color-5)","background-image":"","background-repeat":"repeat","background-position":"center center","background-size":"auto","background-attachment":"scroll","background-type":"","background-media":"","overlay-type":"","overlay-color":"","overlay-opacity":"","overlay-gradient":""},"tablet":{"background-color":"var(--ast-global-color-5)","background-image":"","background-repeat":"repeat","background-position":"center center","background-size":"auto","background-attachment":"scroll","background-type":"","background-media":"","overlay-type":"","overlay-color":"","overlay-opacity":"","overlay-gradient":""},"mobile":{"background-color":"var(--ast-global-color-5)","background-image":"","background-repeat":"repeat","background-position":"center center","background-size":"auto","background-attachment":"scroll","background-type":"","background-media":"","overlay-type":"","overlay-color":"","overlay-opacity":"","overlay-gradient":""}}},"product_brand":[],"product_cat":[36,32,33],"product_tag":[],"class_list":{"0":"post-51000","1":"product","2":"type-product","3":"status-publish","4":"has-post-thumbnail","6":"product_cat-krzesla-taborety","7":"product_cat-meble","8":"product_cat-stoly-stoliki","9":"product_shipping_class-wysylka-po-uzgodnieniu","10":"desktop-align-left","11":"tablet-align-left","12":"mobile-align-left","13":"ast-product-gallery-layout-vertical-slider","14":"ast-product-tabs-layout-horizontal","15":"ast-qv-on-image","17":"first","18":"instock","19":"sold-individually","20":"shipping-taxable","21":"purchasable","22":"product-type-simple"},"_links":{"self":[{"href":"https:\/\/antart.com.pl\/en\/wp-json\/wp\/v2\/product\/51000","targetHints":{"allow":["GET"]}}],"collection":[{"href":"https:\/\/antart.com.pl\/en\/wp-json\/wp\/v2\/product"}],"about":[{"href":"https:\/\/antart.com.pl\/en\/wp-json\/wp\/v2\/types\/product"}],"wp:featuredmedia":[{"embeddable":true,"href":"https:\/\/antart.com.pl\/en\/wp-json\/wp\/v2\/media\/51001"}],"wp:attachment":[{"href":"https:\/\/antart.com.pl\/en\/wp-json\/wp\/v2\/media?parent=51000"}],"wp:term":[{"taxonomy":"product_brand","embeddable":true,"href":"https:\/\/antart.com.pl\/en\/wp-json\/wp\/v2\/product_brand?post=51000"},{"taxonomy":"product_cat","embeddable":true,"href":"https:\/\/antart.com.pl\/en\/wp-json\/wp\/v2\/product_cat?post=51000"},{"taxonomy":"product_tag","embeddable":true,"href":"https:\/\/antart.com.pl\/en\/wp-json\/wp\/v2\/product_tag?post=51000"}],"curies":[{"name":"wp","href":"https:\/\/api.w.org\/{rel}","templated":true}]}}