{"id":51053,"date":"2025-11-06T13:32:56","date_gmt":"2025-11-06T12:32:56","guid":{"rendered":"https:\/\/antart.com.pl\/?post_type=product&#038;p=51053"},"modified":"2025-11-06T13:32:58","modified_gmt":"2025-11-06T12:32:58","slug":"solid-teak-desk-from-the-xixth-century","status":"publish","type":"product","link":"https:\/\/antart.com.pl\/en\/produkt\/biurko-z-litego-drewna-tekowego-z-xix-wieku\/","title":{"rendered":"Solid teak desk from the 19th century"},"content":{"rendered":"<h4 style=\"text-align: center;\"><em><strong>Solid teak desk from the 19th century<\/strong><\/em><\/h4>\n<h4 style=\"text-align: center;\"><em><strong>A solid wooden teak desk from the 19th century. The piece of furniture has three drawers that provide additional storage space. The dark brown colour and classic design fit perfectly into a traditional interior design.<\/strong><\/em><\/h4>\n<h4 style=\"text-align: center;\"><em><strong>Key only for the lower shelf in the recess.<\/strong><\/em><\/h4>\n<h4><em><strong>Dimensions:<\/strong><\/em><\/h4>\n<ul>\n<li>\n<h4><em><strong>height: 84 cm<\/strong><\/em><\/h4>\n<\/li>\n<li>\n<h4><em><strong>width: 137cm<\/strong><\/em><\/h4>\n<\/li>\n<li>\n<h4><em><strong>depth: 57 cm<\/strong><\/em><\/h4>\n<\/li>\n<li>\n<h4><em><strong>width of desk recess: 54cm<\/strong><\/em><\/h4>\n<\/li>\n<li>\n<h4><em><strong>depth: 16cm<\/strong><\/em><\/h4>\n<\/li>\n<li>\n<h4><em><strong>height of desk recess: 58cm<\/strong><\/em><\/h4>\n<\/li>\n<\/ul>\n<h4 style=\"text-align: center;\"><em><strong>NOTE!!!<\/strong><\/em><\/h4>\n<h4 style=\"text-align: center;\"><em><strong>For the sake of safe delivery, in some cases we organise bulk or individual shipping.<\/strong><\/em><\/h4>\n<h4 style=\"text-align: center;\"><em><strong>********************************************************************************<\/strong><\/em><\/h4>\n<h4 style=\"text-align: center;\"><em><strong>The photos show the actual state of the object<\/strong><\/em><\/h4>\n<h4 style=\"text-align: center;\"><em><strong>Additional photos upon request<\/strong><\/em><\/h4>\n<h4 style=\"text-align: center;\"><em><strong>All our items on display are available in our warehouse.<\/strong><\/em><\/h4>\n<h4 style=\"text-align: center;\"><em><strong>Can be viewed by appointment.<\/strong><\/em><\/h4>\n<h4><em><strong>Order no. 10315<\/strong><\/em><\/h4>","protected":false},"excerpt":{"rendered":"<p>Biurko z litego drewna tekowego z XIX wieku Solidny, drewniany biurko z teku z XIX wieku. Mebel posiada trzy szuflady, kt\u00f3re zapewniaj\u0105 dodatkow\u0105 przestrze\u0144 do przechowywania. Ciemnobr\u0105zowy kolor i klasyczny design doskonale wpisuj\u0105 si\u0119 w tradycyjny wystr\u00f3j wn\u0119trza. Kluczyk tylko do dolnej p\u00f3\u0142ki we wn\u0119ce. Wymiary: wysoko\u015b\u0107: 84 cm szeroko\u015b\u0107:\u00a0 137cm g\u0142\u0119boko\u015b\u0107: 57 cm szeroko\u015b\u0107 [&hellip;]<\/p>\n","protected":false},"featured_media":51026,"template":"","meta":{"_seopress_robots_primary_cat":"","_seopress_titles_title":"","_seopress_titles_desc":"","_seopress_robots_index":"","site-sidebar-layout":"default","site-content-layout":"","ast-site-content-layout":"default","site-content-style":"default","site-sidebar-style":"default","ast-global-header-display":"","ast-banner-title-visibility":"","ast-main-header-display":"","ast-hfb-above-header-display":"","ast-hfb-below-header-display":"","ast-hfb-mobile-header-display":"","site-post-title":"","ast-breadcrumbs-content":"","ast-featured-img":"","footer-sml-layout":"","ast-disable-related-posts":"","theme-transparent-header-meta":"default","adv-header-id-meta":"","stick-header-meta":"default","header-above-stick-meta":"","header-main-stick-meta":"","header-below-stick-meta":"","astra-migrate-meta-layouts":"set","ast-page-background-enabled":"default","ast-page-background-meta":{"desktop":{"background-color":"var(--ast-global-color-4)","background-image":"","background-repeat":"repeat","background-position":"center center","background-size":"auto","background-attachment":"scroll","background-type":"","background-media":"","overlay-type":"","overlay-color":"","overlay-opacity":"","overlay-gradient":""},"tablet":{"background-color":"","background-image":"","background-repeat":"repeat","background-position":"center center","background-size":"auto","background-attachment":"scroll","background-type":"","background-media":"","overlay-type":"","overlay-color":"","overlay-opacity":"","overlay-gradient":""},"mobile":{"background-color":"","background-image":"","background-repeat":"repeat","background-position":"center center","background-size":"auto","background-attachment":"scroll","background-type":"","background-media":"","overlay-type":"","overlay-color":"","overlay-opacity":"","overlay-gradient":""}},"ast-content-background-meta":{"desktop":{"background-color":"var(--ast-global-color-5)","background-image":"","background-repeat":"repeat","background-position":"center center","background-size":"auto","background-attachment":"scroll","background-type":"","background-media":"","overlay-type":"","overlay-color":"","overlay-opacity":"","overlay-gradient":""},"tablet":{"background-color":"var(--ast-global-color-5)","background-image":"","background-repeat":"repeat","background-position":"center center","background-size":"auto","background-attachment":"scroll","background-type":"","background-media":"","overlay-type":"","overlay-color":"","overlay-opacity":"","overlay-gradient":""},"mobile":{"background-color":"var(--ast-global-color-5)","background-image":"","background-repeat":"repeat","background-position":"center center","background-size":"auto","background-attachment":"scroll","background-type":"","background-media":"","overlay-type":"","overlay-color":"","overlay-opacity":"","overlay-gradient":""}}},"product_brand":[],"product_cat":[55,32],"product_tag":[],"class_list":{"0":"post-51053","1":"product","2":"type-product","3":"status-publish","4":"has-post-thumbnail","6":"product_cat-biurka-sekretery","7":"product_cat-meble","8":"product_shipping_class-wysylka-po-uzgodnieniu","9":"desktop-align-left","10":"tablet-align-left","11":"mobile-align-left","12":"ast-product-gallery-layout-vertical-slider","13":"ast-product-tabs-layout-horizontal","14":"ast-qv-on-image","16":"first","17":"instock","18":"sold-individually","19":"shipping-taxable","20":"purchasable","21":"product-type-simple"},"_links":{"self":[{"href":"https:\/\/antart.com.pl\/en\/wp-json\/wp\/v2\/product\/51053","targetHints":{"allow":["GET"]}}],"collection":[{"href":"https:\/\/antart.com.pl\/en\/wp-json\/wp\/v2\/product"}],"about":[{"href":"https:\/\/antart.com.pl\/en\/wp-json\/wp\/v2\/types\/product"}],"wp:featuredmedia":[{"embeddable":true,"href":"https:\/\/antart.com.pl\/en\/wp-json\/wp\/v2\/media\/51026"}],"wp:attachment":[{"href":"https:\/\/antart.com.pl\/en\/wp-json\/wp\/v2\/media?parent=51053"}],"wp:term":[{"taxonomy":"product_brand","embeddable":true,"href":"https:\/\/antart.com.pl\/en\/wp-json\/wp\/v2\/product_brand?post=51053"},{"taxonomy":"product_cat","embeddable":true,"href":"https:\/\/antart.com.pl\/en\/wp-json\/wp\/v2\/product_cat?post=51053"},{"taxonomy":"product_tag","embeddable":true,"href":"https:\/\/antart.com.pl\/en\/wp-json\/wp\/v2\/product_tag?post=51053"}],"curies":[{"name":"wp","href":"https:\/\/api.w.org\/{rel}","templated":true}]}}