{"id":51105,"date":"2025-11-06T14:16:30","date_gmt":"2025-11-06T13:16:30","guid":{"rendered":"https:\/\/antart.com.pl\/?post_type=product&#038;p=51105"},"modified":"2025-11-06T14:16:32","modified_gmt":"2025-11-06T13:16:32","slug":"antique-english-chest-of-drawers-in-mahogany","status":"publish","type":"product","link":"https:\/\/antart.com.pl\/en\/produkt\/antyczna-komoda-angielska-w-mahoniu\/","title":{"rendered":"Antique English chest of drawers in mahogany"},"content":{"rendered":"<h4 style=\"text-align: center;\"><em><strong>Antique English chest of drawers in mahogany<\/strong><\/em><\/h4>\n<h4 style=\"text-align: center;\"><em><strong>A stylish antique English chest of drawers in mahogany. Solid wooden construction in good state of preservation. An ideal piece of furniture for a classic, stylish interior.<\/strong><\/em><\/h4>\n<h4 style=\"text-align: center;\"><em><strong>The lower cabinet is missing.<\/strong><\/em><\/h4>\n<h4 style=\"text-align: center;\"><em><strong>It bears the marks of time.<\/strong><\/em><\/h4>\n<h4><em><strong>Dimensions:<\/strong><\/em><\/h4>\n<ul>\n<li>\n<h4><em><strong>length: 54.5cm<\/strong><\/em><\/h4>\n<\/li>\n<li>\n<h4><em><strong>depth: 44cm<\/strong><\/em><\/h4>\n<\/li>\n<li>\n<h4><em><strong>height: 79cm<\/strong><\/em><\/h4>\n<\/li>\n<\/ul>\n<h4 style=\"text-align: center;\"><em><strong>NOTE!!!<\/strong><\/em><\/h4>\n<h4 style=\"text-align: center;\"><em><strong>For the sake of safe delivery, in some cases we organise bulk or individual shipping.<\/strong><\/em><\/h4>\n<h4 style=\"text-align: center;\"><em><strong>**********************************<\/strong><\/em><\/h4>\n<h4 style=\"text-align: center;\"><em><strong>The photos show the actual state of the object<\/strong><\/em><\/h4>\n<h4 style=\"text-align: center;\"><em><strong>Additional photos upon request<\/strong><\/em><\/h4>\n<h4 style=\"text-align: center;\"><em><strong>All our items on display are available in our warehouse.<\/strong><\/em><\/h4>\n<h4 style=\"text-align: center;\"><em><strong>Can be viewed by appointment.<\/strong><\/em><\/h4>\n<h4><em><strong>NR. ART 10318<\/strong><\/em><\/h4>","protected":false},"excerpt":{"rendered":"<p>Antyczna komoda angielska w mahoniu Stylowy, zabytkowa angielska komoda w kolorze mahoniowym. Solidna, drewniana konstrukcja w dobrym stanie zachowania. Idealny mebel do klasycznego, stylowego wn\u0119trza. Brakuje dolnej szafki. Posiada \u015blady czasu. Wymiary: d\u0142ugo\u015b\u0107: 54,5cm g\u0142\u0119boko\u015b\u0107: 44cm wysoko\u015b\u0107: 79cm UWAGA!! Ze wzgl\u0119du na bezpieczne dostarczenie towaru, w niekt\u00f3rych przypadkach organizujemy wysy\u0142k\u0119 zbiorcz\u0105 b\u0105d\u017a indywidualn\u0105. ********************************** Zdj\u0119cia [&hellip;]<\/p>\n","protected":false},"featured_media":0,"template":"","meta":{"_seopress_robots_primary_cat":"","_seopress_titles_title":"","_seopress_titles_desc":"","_seopress_robots_index":"","site-sidebar-layout":"default","site-content-layout":"","ast-site-content-layout":"default","site-content-style":"default","site-sidebar-style":"default","ast-global-header-display":"","ast-banner-title-visibility":"","ast-main-header-display":"","ast-hfb-above-header-display":"","ast-hfb-below-header-display":"","ast-hfb-mobile-header-display":"","site-post-title":"","ast-breadcrumbs-content":"","ast-featured-img":"","footer-sml-layout":"","ast-disable-related-posts":"","theme-transparent-header-meta":"default","adv-header-id-meta":"","stick-header-meta":"default","header-above-stick-meta":"","header-main-stick-meta":"","header-below-stick-meta":"","astra-migrate-meta-layouts":"set","ast-page-background-enabled":"default","ast-page-background-meta":{"desktop":{"background-color":"var(--ast-global-color-4)","background-image":"","background-repeat":"repeat","background-position":"center center","background-size":"auto","background-attachment":"scroll","background-type":"","background-media":"","overlay-type":"","overlay-color":"","overlay-opacity":"","overlay-gradient":""},"tablet":{"background-color":"","background-image":"","background-repeat":"repeat","background-position":"center center","background-size":"auto","background-attachment":"scroll","background-type":"","background-media":"","overlay-type":"","overlay-color":"","overlay-opacity":"","overlay-gradient":""},"mobile":{"background-color":"","background-image":"","background-repeat":"repeat","background-position":"center center","background-size":"auto","background-attachment":"scroll","background-type":"","background-media":"","overlay-type":"","overlay-color":"","overlay-opacity":"","overlay-gradient":""}},"ast-content-background-meta":{"desktop":{"background-color":"var(--ast-global-color-5)","background-image":"","background-repeat":"repeat","background-position":"center center","background-size":"auto","background-attachment":"scroll","background-type":"","background-media":"","overlay-type":"","overlay-color":"","overlay-opacity":"","overlay-gradient":""},"tablet":{"background-color":"var(--ast-global-color-5)","background-image":"","background-repeat":"repeat","background-position":"center center","background-size":"auto","background-attachment":"scroll","background-type":"","background-media":"","overlay-type":"","overlay-color":"","overlay-opacity":"","overlay-gradient":""},"mobile":{"background-color":"var(--ast-global-color-5)","background-image":"","background-repeat":"repeat","background-position":"center center","background-size":"auto","background-attachment":"scroll","background-type":"","background-media":"","overlay-type":"","overlay-color":"","overlay-opacity":"","overlay-gradient":""}}},"product_brand":[],"product_cat":[37,32],"product_tag":[],"class_list":{"0":"post-51105","1":"product","2":"type-product","3":"status-publish","5":"product_cat-komody","6":"product_cat-meble","7":"product_shipping_class-wysylka-80zl","8":"desktop-align-left","9":"tablet-align-left","10":"mobile-align-left","11":"ast-product-gallery-layout-vertical-slider","12":"ast-product-tabs-layout-horizontal","13":"ast-qv-on-image","15":"first","16":"instock","17":"sold-individually","18":"shipping-taxable","19":"purchasable","20":"product-type-simple"},"_links":{"self":[{"href":"https:\/\/antart.com.pl\/en\/wp-json\/wp\/v2\/product\/51105","targetHints":{"allow":["GET"]}}],"collection":[{"href":"https:\/\/antart.com.pl\/en\/wp-json\/wp\/v2\/product"}],"about":[{"href":"https:\/\/antart.com.pl\/en\/wp-json\/wp\/v2\/types\/product"}],"wp:attachment":[{"href":"https:\/\/antart.com.pl\/en\/wp-json\/wp\/v2\/media?parent=51105"}],"wp:term":[{"taxonomy":"product_brand","embeddable":true,"href":"https:\/\/antart.com.pl\/en\/wp-json\/wp\/v2\/product_brand?post=51105"},{"taxonomy":"product_cat","embeddable":true,"href":"https:\/\/antart.com.pl\/en\/wp-json\/wp\/v2\/product_cat?post=51105"},{"taxonomy":"product_tag","embeddable":true,"href":"https:\/\/antart.com.pl\/en\/wp-json\/wp\/v2\/product_tag?post=51105"}],"curies":[{"name":"wp","href":"https:\/\/api.w.org\/{rel}","templated":true}]}}