{"id":51111,"date":"2025-11-10T10:53:11","date_gmt":"2025-11-10T09:53:11","guid":{"rendered":"https:\/\/antart.com.pl\/?post_type=product&#038;p=51111"},"modified":"2025-11-10T10:53:12","modified_gmt":"2025-11-10T09:53:12","slug":"mid-century-style-writing-desk-from-the-1970s","status":"publish","type":"product","link":"https:\/\/antart.com.pl\/en\/produkt\/biurko-w-stylu-mid-century-do-pisania-z-lat-70-tych\/","title":{"rendered":"Mid-century style writing desk from the 1970s"},"content":{"rendered":"<h4 style=\"text-align: center;\"><em><b>Mid-century style writing desk from the 1970s<\/b><\/em><\/h4>\n<h4 style=\"text-align: center;\"><em>A practical mid-century style desk from the 1970s. It has convenient shelves for documents or small items. Furniture in good condition, ready to use.<\/em><\/h4>\n<ul>\n<li style=\"text-align: center;\">\n<h4><em><b>Mobility:<\/b>\u00a0Equipped with castors, making it easy to move.<\/em><\/h4>\n<\/li>\n<li>\n<h4 style=\"text-align: center;\"><em><b>Design:<\/b>\u00a0It has a robust metal frame in black.<\/em><\/h4>\n<\/li>\n<\/ul>\n<h4><em><b>Dimensions:<\/b><\/em><\/h4>\n<h4><em><b>Submitted<\/b><\/em><\/h4>\n<ul>\n<li>\n<h4><em>height: 70 cm<\/em><\/h4>\n<\/li>\n<li>\n<h4><em>width: 69 cm<\/em><\/h4>\n<\/li>\n<li>\n<h4><em>depth: 47 cm<\/em><\/h4>\n<\/li>\n<\/ul>\n<h4><em><b>Unfolded<\/b><\/em><\/h4>\n<ul>\n<li>\n<h4><em>height: 70 cm<\/em><\/h4>\n<\/li>\n<li>\n<h4><em>width: 96.5 cm<\/em><\/h4>\n<\/li>\n<li>\n<h4><em>depth: 47 cm<\/em><\/h4>\n<\/li>\n<\/ul>\n<h4 style=\"text-align: center;\"><em><b>NOTE!!!<\/b><\/em><\/h4>\n<h4 style=\"text-align: center;\"><em><b>For the sake of safe delivery, in some cases we organise bulk or individual shipping.<\/b><\/em><\/h4>\n<h4 style=\"text-align: center;\"><em><b>********************************************************************************<\/b><\/em><\/h4>\n<h4 style=\"text-align: center;\"><em><b>The photos show the actual state of the object<\/b><\/em><\/h4>\n<h4 style=\"text-align: center;\"><em><b>Additional photos upon request<\/b><\/em><\/h4>\n<h4 style=\"text-align: center;\"><em><b>All our items on display are available in our warehouse.<\/b><\/em><\/h4>\n<h4 style=\"text-align: center;\"><em><b>Can be viewed by appointment.<\/b><\/em><\/h4>\n<h4><em><b>Order no. 10321<\/b><\/em><\/h4>","protected":false},"excerpt":{"rendered":"<p>Biurko w stylu mid- century \u00a0do pisania z lat 70-tych Praktyczne biurko w stylu mid-century z lat 70-tych. Posiada wygodne p\u00f3\u0142ki na dokumenty lub drobiazgi. Mebel w dobrym stanie, gotowy do u\u017cytku. Mobilno\u015b\u0107:\u00a0Wyposa\u017cony w k\u00f3\u0142ka, co u\u0142atwia jego przemieszczanie. Konstrukcja:\u00a0Posiada solidn\u0105 metalow\u0105 ram\u0119 w kolorze czarnym. Wymiary: Z\u0142o\u017cony wysoko\u015b\u0107: 70 cm szeroko\u015b\u0107: 69 cm g\u0142\u0119boko\u015b\u0107: [&hellip;]<\/p>\n","protected":false},"featured_media":51115,"template":"","meta":{"_seopress_robots_primary_cat":"","_seopress_titles_title":"","_seopress_titles_desc":"","_seopress_robots_index":"","site-sidebar-layout":"default","site-content-layout":"","ast-site-content-layout":"default","site-content-style":"default","site-sidebar-style":"default","ast-global-header-display":"","ast-banner-title-visibility":"","ast-main-header-display":"","ast-hfb-above-header-display":"","ast-hfb-below-header-display":"","ast-hfb-mobile-header-display":"","site-post-title":"","ast-breadcrumbs-content":"","ast-featured-img":"","footer-sml-layout":"","ast-disable-related-posts":"","theme-transparent-header-meta":"default","adv-header-id-meta":"","stick-header-meta":"default","header-above-stick-meta":"","header-main-stick-meta":"","header-below-stick-meta":"","astra-migrate-meta-layouts":"set","ast-page-background-enabled":"default","ast-page-background-meta":{"desktop":{"background-color":"var(--ast-global-color-4)","background-image":"","background-repeat":"repeat","background-position":"center center","background-size":"auto","background-attachment":"scroll","background-type":"","background-media":"","overlay-type":"","overlay-color":"","overlay-opacity":"","overlay-gradient":""},"tablet":{"background-color":"","background-image":"","background-repeat":"repeat","background-position":"center center","background-size":"auto","background-attachment":"scroll","background-type":"","background-media":"","overlay-type":"","overlay-color":"","overlay-opacity":"","overlay-gradient":""},"mobile":{"background-color":"","background-image":"","background-repeat":"repeat","background-position":"center center","background-size":"auto","background-attachment":"scroll","background-type":"","background-media":"","overlay-type":"","overlay-color":"","overlay-opacity":"","overlay-gradient":""}},"ast-content-background-meta":{"desktop":{"background-color":"var(--ast-global-color-5)","background-image":"","background-repeat":"repeat","background-position":"center center","background-size":"auto","background-attachment":"scroll","background-type":"","background-media":"","overlay-type":"","overlay-color":"","overlay-opacity":"","overlay-gradient":""},"tablet":{"background-color":"var(--ast-global-color-5)","background-image":"","background-repeat":"repeat","background-position":"center center","background-size":"auto","background-attachment":"scroll","background-type":"","background-media":"","overlay-type":"","overlay-color":"","overlay-opacity":"","overlay-gradient":""},"mobile":{"background-color":"var(--ast-global-color-5)","background-image":"","background-repeat":"repeat","background-position":"center center","background-size":"auto","background-attachment":"scroll","background-type":"","background-media":"","overlay-type":"","overlay-color":"","overlay-opacity":"","overlay-gradient":""}}},"product_brand":[],"product_cat":[55,32],"product_tag":[],"class_list":{"0":"post-51111","1":"product","2":"type-product","3":"status-publish","4":"has-post-thumbnail","6":"product_cat-biurka-sekretery","7":"product_cat-meble","8":"product_shipping_class-wysylka-100zl","9":"desktop-align-left","10":"tablet-align-left","11":"mobile-align-left","12":"ast-product-gallery-layout-vertical-slider","13":"ast-product-tabs-layout-horizontal","14":"ast-qv-on-image","16":"first","17":"instock","18":"sold-individually","19":"shipping-taxable","20":"purchasable","21":"product-type-simple"},"_links":{"self":[{"href":"https:\/\/antart.com.pl\/en\/wp-json\/wp\/v2\/product\/51111","targetHints":{"allow":["GET"]}}],"collection":[{"href":"https:\/\/antart.com.pl\/en\/wp-json\/wp\/v2\/product"}],"about":[{"href":"https:\/\/antart.com.pl\/en\/wp-json\/wp\/v2\/types\/product"}],"wp:featuredmedia":[{"embeddable":true,"href":"https:\/\/antart.com.pl\/en\/wp-json\/wp\/v2\/media\/51115"}],"wp:attachment":[{"href":"https:\/\/antart.com.pl\/en\/wp-json\/wp\/v2\/media?parent=51111"}],"wp:term":[{"taxonomy":"product_brand","embeddable":true,"href":"https:\/\/antart.com.pl\/en\/wp-json\/wp\/v2\/product_brand?post=51111"},{"taxonomy":"product_cat","embeddable":true,"href":"https:\/\/antart.com.pl\/en\/wp-json\/wp\/v2\/product_cat?post=51111"},{"taxonomy":"product_tag","embeddable":true,"href":"https:\/\/antart.com.pl\/en\/wp-json\/wp\/v2\/product_tag?post=51111"}],"curies":[{"name":"wp","href":"https:\/\/api.w.org\/{rel}","templated":true}]}}