{"id":51150,"date":"2025-11-10T11:00:45","date_gmt":"2025-11-10T10:00:45","guid":{"rendered":"https:\/\/antart.com.pl\/?post_type=product&#038;p=51150"},"modified":"2025-11-10T11:00:47","modified_gmt":"2025-11-10T10:00:47","slug":"stolik-kawowy-mid-century-modern-bialy","status":"publish","type":"product","link":"https:\/\/antart.com.pl\/en\/produkt\/stolik-kawowy-mid-century-modern-bialy\/","title":{"rendered":"Mid-century modern coffee table white"},"content":{"rendered":"<h4 style=\"text-align: center;\"><em><b>Mid-century modern coffee table white<\/b><\/em><\/h4>\n<h4 style=\"text-align: center;\"><em>Okr\u0105g\u0142y stolik kawowy w stylu mid-century, wykonany z bia\u0142ego, lakierowanego drewna. Jego minimalistyczny design doskonale wpisuje si\u0119 w nowoczesne wn\u0119trza.<\/em><\/h4>\n<ul>\n<li style=\"text-align: center;\">\n<h4><em>Minimalistyczny, funkcjonalny design z lekk\u0105 wizualnie konstrukcj\u0105, typow\u0105 dla mebli z po\u0142owy XX wieku.<\/em><\/h4>\n<\/li>\n<li>\n<h4 style=\"text-align: center;\"><em><b>Kszta\u0142t:<\/b>\u00a0Okr\u0105g\u0142y blat i unikalna tr\u00f3jk\u0105tna p\u00f3\u0142ka pod spodem, kt\u00f3ra zwi\u0119ksza funkcjonalno\u015b\u0107 mebla, oferuj\u0105c dodatkowe miejsce do przechowywania.<\/em><\/h4>\n<\/li>\n<\/ul>\n<h4><em><b>Dimensions:<\/b><\/em><\/h4>\n<ul>\n<li>\n<h4><em>diameter: 62cm<\/em><\/h4>\n<\/li>\n<li>\n<h4><em>height: 48cm<\/em><\/h4>\n<\/li>\n<li>\n<h4><em>wysoko\u015b\u0107 do p\u00f3\u0142ki: 31cm<\/em><\/h4>\n<\/li>\n<\/ul>\n<h4 style=\"text-align: center;\"><em><b>NOTE!!!<\/b><\/em><\/h4>\n<h4 style=\"text-align: center;\"><em><b>For the sake of safe delivery, in some cases we organise bulk or individual shipping.<\/b><\/em><\/h4>\n<h4 style=\"text-align: center;\"><em><b>***************************<\/b><\/em><\/h4>\n<h4 style=\"text-align: center;\"><em><b>The photos show the actual state of the object<\/b><\/em><\/h4>\n<h4 style=\"text-align: center;\"><em><b>Additional photos upon request<\/b><\/em><\/h4>\n<h4 style=\"text-align: center;\"><em><b>All our items on display are available in our warehouse.<\/b><\/em><\/h4>\n<h4 style=\"text-align: center;\"><em><b>Can be viewed by appointment.<\/b><\/em><\/h4>\n<h4><em><b>NR. ART 10322<\/b><\/em><\/h4>","protected":false},"excerpt":{"rendered":"<p>Stolik kawowy mid-century modern bia\u0142y Okr\u0105g\u0142y stolik kawowy w stylu mid-century, wykonany z bia\u0142ego, lakierowanego drewna. Jego minimalistyczny design doskonale wpisuje si\u0119 w nowoczesne wn\u0119trza. Minimalistyczny, funkcjonalny design z lekk\u0105 wizualnie konstrukcj\u0105, typow\u0105 dla mebli z po\u0142owy XX wieku. Kszta\u0142t:\u00a0Okr\u0105g\u0142y blat i unikalna tr\u00f3jk\u0105tna p\u00f3\u0142ka pod spodem, kt\u00f3ra zwi\u0119ksza funkcjonalno\u015b\u0107 mebla, oferuj\u0105c dodatkowe miejsce do [&hellip;]<\/p>\n","protected":false},"featured_media":51127,"template":"","meta":{"_seopress_robots_primary_cat":"","_seopress_titles_title":"","_seopress_titles_desc":"","_seopress_robots_index":"","site-sidebar-layout":"default","site-content-layout":"","ast-site-content-layout":"default","site-content-style":"default","site-sidebar-style":"default","ast-global-header-display":"","ast-banner-title-visibility":"","ast-main-header-display":"","ast-hfb-above-header-display":"","ast-hfb-below-header-display":"","ast-hfb-mobile-header-display":"","site-post-title":"","ast-breadcrumbs-content":"","ast-featured-img":"","footer-sml-layout":"","ast-disable-related-posts":"","theme-transparent-header-meta":"default","adv-header-id-meta":"","stick-header-meta":"default","header-above-stick-meta":"","header-main-stick-meta":"","header-below-stick-meta":"","astra-migrate-meta-layouts":"set","ast-page-background-enabled":"default","ast-page-background-meta":{"desktop":{"background-color":"var(--ast-global-color-4)","background-image":"","background-repeat":"repeat","background-position":"center center","background-size":"auto","background-attachment":"scroll","background-type":"","background-media":"","overlay-type":"","overlay-color":"","overlay-opacity":"","overlay-gradient":""},"tablet":{"background-color":"","background-image":"","background-repeat":"repeat","background-position":"center center","background-size":"auto","background-attachment":"scroll","background-type":"","background-media":"","overlay-type":"","overlay-color":"","overlay-opacity":"","overlay-gradient":""},"mobile":{"background-color":"","background-image":"","background-repeat":"repeat","background-position":"center center","background-size":"auto","background-attachment":"scroll","background-type":"","background-media":"","overlay-type":"","overlay-color":"","overlay-opacity":"","overlay-gradient":""}},"ast-content-background-meta":{"desktop":{"background-color":"var(--ast-global-color-5)","background-image":"","background-repeat":"repeat","background-position":"center center","background-size":"auto","background-attachment":"scroll","background-type":"","background-media":"","overlay-type":"","overlay-color":"","overlay-opacity":"","overlay-gradient":""},"tablet":{"background-color":"var(--ast-global-color-5)","background-image":"","background-repeat":"repeat","background-position":"center center","background-size":"auto","background-attachment":"scroll","background-type":"","background-media":"","overlay-type":"","overlay-color":"","overlay-opacity":"","overlay-gradient":""},"mobile":{"background-color":"var(--ast-global-color-5)","background-image":"","background-repeat":"repeat","background-position":"center center","background-size":"auto","background-attachment":"scroll","background-type":"","background-media":"","overlay-type":"","overlay-color":"","overlay-opacity":"","overlay-gradient":""}}},"product_brand":[],"product_cat":[32,33],"product_tag":[],"class_list":{"0":"post-51150","1":"product","2":"type-product","3":"status-publish","4":"has-post-thumbnail","6":"product_cat-meble","7":"product_cat-stoly-stoliki","8":"product_shipping_class-wysylka-60zl","9":"desktop-align-left","10":"tablet-align-left","11":"mobile-align-left","12":"ast-product-gallery-layout-vertical-slider","13":"ast-product-tabs-layout-horizontal","14":"ast-qv-on-image","16":"first","17":"instock","18":"sold-individually","19":"shipping-taxable","20":"purchasable","21":"product-type-simple"},"_links":{"self":[{"href":"https:\/\/antart.com.pl\/en\/wp-json\/wp\/v2\/product\/51150","targetHints":{"allow":["GET"]}}],"collection":[{"href":"https:\/\/antart.com.pl\/en\/wp-json\/wp\/v2\/product"}],"about":[{"href":"https:\/\/antart.com.pl\/en\/wp-json\/wp\/v2\/types\/product"}],"wp:featuredmedia":[{"embeddable":true,"href":"https:\/\/antart.com.pl\/en\/wp-json\/wp\/v2\/media\/51127"}],"wp:attachment":[{"href":"https:\/\/antart.com.pl\/en\/wp-json\/wp\/v2\/media?parent=51150"}],"wp:term":[{"taxonomy":"product_brand","embeddable":true,"href":"https:\/\/antart.com.pl\/en\/wp-json\/wp\/v2\/product_brand?post=51150"},{"taxonomy":"product_cat","embeddable":true,"href":"https:\/\/antart.com.pl\/en\/wp-json\/wp\/v2\/product_cat?post=51150"},{"taxonomy":"product_tag","embeddable":true,"href":"https:\/\/antart.com.pl\/en\/wp-json\/wp\/v2\/product_tag?post=51150"}],"curies":[{"name":"wp","href":"https:\/\/api.w.org\/{rel}","templated":true}]}}