{"id":51220,"date":"2025-11-10T13:31:50","date_gmt":"2025-11-10T12:31:50","guid":{"rendered":"https:\/\/antart.com.pl\/?post_type=product&#038;p=51220"},"modified":"2026-04-01T20:16:26","modified_gmt":"2026-04-01T18:16:26","slug":"51220","status":"publish","type":"product","link":"https:\/\/antart.com.pl\/en\/produkt\/51220\/","title":{"rendered":""},"content":{"rendered":"<h4 style=\"text-align: center;\"><em>1970s Wilkhahn office chair<\/em><\/h4>\n<h4 style=\"text-align: center;\"><em>A stylish office chair from the 1970s. Made from high-quality materials, it provides comfort and convenience while working. It has a distinctive minimalist design that fits perfectly into modern interiors. The armchair is in good used condition, ready for further use.<\/em><\/h4>\n<p>&nbsp;<\/p>\n<h4><em>Dimensions:<\/em><\/h4>\n<ul>\n<li>\n<h4><em>height: 77cm<\/em><\/h4>\n<\/li>\n<li>\n<h4><em>width: 52.5cm<\/em><\/h4>\n<\/li>\n<li>\n<h4><em>depth: 48cm<\/em><\/h4>\n<\/li>\n<li>\n<h4><em>height to seat: 45 cm<\/em><\/h4>\n<\/li>\n<li>\n<h4><em>seat depth: 42cm<\/em><\/h4>\n<\/li>\n<li>\n<h4><em>seat width: 45 cm<\/em><\/h4>\n<\/li>\n<\/ul>\n<h4 style=\"text-align: center;\"><em><b>NOTE!!!<\/b><\/em><\/h4>\n<h4 style=\"text-align: center;\"><em><b>For the sake of safe delivery, in some cases we organise bulk or individual shipping.<\/b><\/em><\/h4>\n<h4 style=\"text-align: center;\"><em><b>************************************<\/b><\/em><\/h4>\n<h4 style=\"text-align: center;\"><em><b>The photos show the actual state of the object<\/b><\/em><\/h4>\n<h4 style=\"text-align: center;\"><em><b>Additional photos upon request<\/b><\/em><\/h4>\n<h4 style=\"text-align: center;\"><em><b>All our items on display are available in our warehouse.<\/b><\/em><\/h4>\n<h4 style=\"text-align: center;\"><em><b>Can be viewed by appointment.<\/b><\/em><\/h4>\n<h4><em><b>Order no. 10311<\/b><\/em><\/h4>","protected":false},"excerpt":{"rendered":"<p>Krzes\u0142o biurowe z lat 70-tych Wilkhahn Stylowy fotel biurowy z lat 70. Wykonany z wysokiej jako\u015bci materia\u0142\u00f3w, zapewnia wygod\u0119 i komfort podczas pracy. Posiada charakterystyczny, minimalistyczny design, kt\u00f3ry doskonale wpisuje si\u0119 w nowoczesne wn\u0119trza. Fotel jest w dobrym stanie u\u017cywania, gotowy do dalszego u\u017cytkowania. &nbsp; Wymiary: wysoko\u015b\u0107:77cm szeroko\u015b\u0107: 52,5cm g\u0142\u0119boko\u015b\u0107: 48cm wysoko\u015b\u0107 do siedziska: 45 [&hellip;]<\/p>\n","protected":false},"featured_media":50975,"template":"","meta":{"_seopress_robots_primary_cat":"","_seopress_titles_title":"","_seopress_titles_desc":"","_seopress_robots_index":"","site-sidebar-layout":"default","site-content-layout":"","ast-site-content-layout":"default","site-content-style":"default","site-sidebar-style":"default","ast-global-header-display":"","ast-banner-title-visibility":"","ast-main-header-display":"","ast-hfb-above-header-display":"","ast-hfb-below-header-display":"","ast-hfb-mobile-header-display":"","site-post-title":"","ast-breadcrumbs-content":"","ast-featured-img":"","footer-sml-layout":"","ast-disable-related-posts":"","theme-transparent-header-meta":"default","adv-header-id-meta":"","stick-header-meta":"default","header-above-stick-meta":"","header-main-stick-meta":"","header-below-stick-meta":"","astra-migrate-meta-layouts":"set","ast-page-background-enabled":"default","ast-page-background-meta":{"desktop":{"background-color":"var(--ast-global-color-4)","background-image":"","background-repeat":"repeat","background-position":"center center","background-size":"auto","background-attachment":"scroll","background-type":"","background-media":"","overlay-type":"","overlay-color":"","overlay-opacity":"","overlay-gradient":""},"tablet":{"background-color":"","background-image":"","background-repeat":"repeat","background-position":"center center","background-size":"auto","background-attachment":"scroll","background-type":"","background-media":"","overlay-type":"","overlay-color":"","overlay-opacity":"","overlay-gradient":""},"mobile":{"background-color":"","background-image":"","background-repeat":"repeat","background-position":"center center","background-size":"auto","background-attachment":"scroll","background-type":"","background-media":"","overlay-type":"","overlay-color":"","overlay-opacity":"","overlay-gradient":""}},"ast-content-background-meta":{"desktop":{"background-color":"var(--ast-global-color-5)","background-image":"","background-repeat":"repeat","background-position":"center center","background-size":"auto","background-attachment":"scroll","background-type":"","background-media":"","overlay-type":"","overlay-color":"","overlay-opacity":"","overlay-gradient":""},"tablet":{"background-color":"var(--ast-global-color-5)","background-image":"","background-repeat":"repeat","background-position":"center center","background-size":"auto","background-attachment":"scroll","background-type":"","background-media":"","overlay-type":"","overlay-color":"","overlay-opacity":"","overlay-gradient":""},"mobile":{"background-color":"var(--ast-global-color-5)","background-image":"","background-repeat":"repeat","background-position":"center center","background-size":"auto","background-attachment":"scroll","background-type":"","background-media":"","overlay-type":"","overlay-color":"","overlay-opacity":"","overlay-gradient":""}}},"product_brand":[],"product_cat":[36,32],"product_tag":[],"class_list":{"0":"post-51220","1":"product","2":"type-product","3":"status-publish","4":"has-post-thumbnail","6":"product_cat-krzesla-taborety","7":"product_cat-meble","8":"product_shipping_class-wysylka-80zl","9":"desktop-align-left","10":"tablet-align-left","11":"mobile-align-left","12":"ast-product-gallery-layout-vertical-slider","13":"ast-product-tabs-layout-horizontal","14":"ast-qv-on-image","16":"first","17":"instock","18":"sale","19":"sold-individually","20":"shipping-taxable","21":"purchasable","22":"product-type-simple"},"_links":{"self":[{"href":"https:\/\/antart.com.pl\/en\/wp-json\/wp\/v2\/product\/51220","targetHints":{"allow":["GET"]}}],"collection":[{"href":"https:\/\/antart.com.pl\/en\/wp-json\/wp\/v2\/product"}],"about":[{"href":"https:\/\/antart.com.pl\/en\/wp-json\/wp\/v2\/types\/product"}],"wp:featuredmedia":[{"embeddable":true,"href":"https:\/\/antart.com.pl\/en\/wp-json\/wp\/v2\/media\/50975"}],"wp:attachment":[{"href":"https:\/\/antart.com.pl\/en\/wp-json\/wp\/v2\/media?parent=51220"}],"wp:term":[{"taxonomy":"product_brand","embeddable":true,"href":"https:\/\/antart.com.pl\/en\/wp-json\/wp\/v2\/product_brand?post=51220"},{"taxonomy":"product_cat","embeddable":true,"href":"https:\/\/antart.com.pl\/en\/wp-json\/wp\/v2\/product_cat?post=51220"},{"taxonomy":"product_tag","embeddable":true,"href":"https:\/\/antart.com.pl\/en\/wp-json\/wp\/v2\/product_tag?post=51220"}],"curies":[{"name":"wp","href":"https:\/\/api.w.org\/{rel}","templated":true}]}}