{"id":51617,"date":"2025-11-14T08:54:52","date_gmt":"2025-11-14T07:54:52","guid":{"rendered":"https:\/\/antart.com.pl\/?post_type=product&#038;p=51617"},"modified":"2025-11-14T08:54:53","modified_gmt":"2025-11-14T07:54:53","slug":"collectors-cup-sarreguemines","status":"publish","type":"product","link":"https:\/\/antart.com.pl\/en\/produkt\/filizanka-kolekcjonerska-sarreguemines\/","title":{"rendered":"Sarreguemines collector's cup"},"content":{"rendered":"<h4 style=\"text-align: center;\"><em><b>A collector's teacup by the French manufacture Sarreguemines, made of ecru-coloured porcelain. The cup is characterised by a hand-painted, rich, multicoloured design that includes both geometric and floral motifs, finished with a pattern at the rim. It has rubbing, discolouration and cracks.<\/b><\/em><\/h4>\n<h4><\/h4>\n<h4><em><b>I have 5pc available for sale.<\/b><\/em><\/h4>\n<h4><em><b>Price is for 1pc.<\/b><\/em><\/h4>\n<h4><\/h4>\n<h4><em><b>Dimensions<\/b><\/em><\/h4>\n<h4><em><b>Cup<\/b><\/em><\/h4>\n<ul>\n<li>\n<h4><em><b>Height: 7.5cm.<\/b><\/em><\/h4>\n<\/li>\n<li>\n<h4><em><b>Top diameter: 7.5cm.<\/b><\/em><\/h4>\n<\/li>\n<li>\n<h4><em><b>Base diameter: 4cm.<\/b><\/em><\/h4>\n<\/li>\n<li>\n<h4><em><b>Volume: 160ml.<\/b><\/em><\/h4>\n<\/li>\n<\/ul>\n<h4 style=\"text-align: center;\"><em><b>The photos show the actual state of the object<\/b><\/em><\/h4>\n<h4 style=\"text-align: center;\"><em><b>Additional photos upon request<\/b><\/em><\/h4>\n<h4 style=\"text-align: center;\"><em><b>All our items on display are available in our warehouse.<\/b><\/em><\/h4>\n<h4 style=\"text-align: center;\"><em><b>Can be viewed by appointment.<\/b><\/em><\/h4>\n<h4><\/h4>\n<h4><em><b>No.6024<\/b><\/em><\/h4>","protected":false},"excerpt":{"rendered":"<p>Fili\u017canka kolekcjonerska francuskiej wytworni Sarreguemines, wykonana z porcelany w kolorze ecru. Filizanka charakteryzuje si\u0119 recznie malowanym, bogatym, wielokolorowym wzorem, kt\u00f3ry obejmuje zar\u00f3wno motywy geometryczne, jak i kwiatowe, wyko\u0144czona wzorem przy kraw\u0119dzi. Posiada przetarcia, przebarwienia i p\u0119kni\u0119cia. Posiadam w sprzeda\u017cy 5szt. Cena dotyczy 1szt. Wymiary Fili\u017canka Wysoko\u015b\u0107: 7,5cm. \u015arednica g\u00f3rna: 7,5cm. \u015arednica podstawy: 4cm. Poj: 160ml. [&hellip;]<\/p>\n","protected":false},"featured_media":51619,"template":"","meta":{"_seopress_robots_primary_cat":"","_seopress_titles_title":"","_seopress_titles_desc":"","_seopress_robots_index":"","site-sidebar-layout":"default","site-content-layout":"","ast-site-content-layout":"default","site-content-style":"default","site-sidebar-style":"default","ast-global-header-display":"","ast-banner-title-visibility":"","ast-main-header-display":"","ast-hfb-above-header-display":"","ast-hfb-below-header-display":"","ast-hfb-mobile-header-display":"","site-post-title":"","ast-breadcrumbs-content":"","ast-featured-img":"","footer-sml-layout":"","ast-disable-related-posts":"","theme-transparent-header-meta":"default","adv-header-id-meta":"","stick-header-meta":"default","header-above-stick-meta":"","header-main-stick-meta":"","header-below-stick-meta":"","astra-migrate-meta-layouts":"set","ast-page-background-enabled":"default","ast-page-background-meta":{"desktop":{"background-color":"var(--ast-global-color-4)","background-image":"","background-repeat":"repeat","background-position":"center center","background-size":"auto","background-attachment":"scroll","background-type":"","background-media":"","overlay-type":"","overlay-color":"","overlay-opacity":"","overlay-gradient":""},"tablet":{"background-color":"","background-image":"","background-repeat":"repeat","background-position":"center center","background-size":"auto","background-attachment":"scroll","background-type":"","background-media":"","overlay-type":"","overlay-color":"","overlay-opacity":"","overlay-gradient":""},"mobile":{"background-color":"","background-image":"","background-repeat":"repeat","background-position":"center center","background-size":"auto","background-attachment":"scroll","background-type":"","background-media":"","overlay-type":"","overlay-color":"","overlay-opacity":"","overlay-gradient":""}},"ast-content-background-meta":{"desktop":{"background-color":"var(--ast-global-color-5)","background-image":"","background-repeat":"repeat","background-position":"center center","background-size":"auto","background-attachment":"scroll","background-type":"","background-media":"","overlay-type":"","overlay-color":"","overlay-opacity":"","overlay-gradient":""},"tablet":{"background-color":"var(--ast-global-color-5)","background-image":"","background-repeat":"repeat","background-position":"center center","background-size":"auto","background-attachment":"scroll","background-type":"","background-media":"","overlay-type":"","overlay-color":"","overlay-opacity":"","overlay-gradient":""},"mobile":{"background-color":"var(--ast-global-color-5)","background-image":"","background-repeat":"repeat","background-position":"center center","background-size":"auto","background-attachment":"scroll","background-type":"","background-media":"","overlay-type":"","overlay-color":"","overlay-opacity":"","overlay-gradient":""}}},"product_brand":[],"product_cat":[51,24],"product_tag":[],"class_list":{"0":"post-51617","1":"product","2":"type-product","3":"status-publish","4":"has-post-thumbnail","6":"product_cat-filizanki-zastawy-sniadaniowe","7":"product_cat-kuchnia","8":"product_shipping_class-wysylka-19zl","9":"desktop-align-left","10":"tablet-align-left","11":"mobile-align-left","12":"ast-product-gallery-layout-vertical-slider","13":"ast-product-tabs-layout-horizontal","14":"ast-qv-on-image","16":"first","17":"instock","18":"shipping-taxable","19":"purchasable","20":"product-type-simple"},"_links":{"self":[{"href":"https:\/\/antart.com.pl\/en\/wp-json\/wp\/v2\/product\/51617","targetHints":{"allow":["GET"]}}],"collection":[{"href":"https:\/\/antart.com.pl\/en\/wp-json\/wp\/v2\/product"}],"about":[{"href":"https:\/\/antart.com.pl\/en\/wp-json\/wp\/v2\/types\/product"}],"wp:featuredmedia":[{"embeddable":true,"href":"https:\/\/antart.com.pl\/en\/wp-json\/wp\/v2\/media\/51619"}],"wp:attachment":[{"href":"https:\/\/antart.com.pl\/en\/wp-json\/wp\/v2\/media?parent=51617"}],"wp:term":[{"taxonomy":"product_brand","embeddable":true,"href":"https:\/\/antart.com.pl\/en\/wp-json\/wp\/v2\/product_brand?post=51617"},{"taxonomy":"product_cat","embeddable":true,"href":"https:\/\/antart.com.pl\/en\/wp-json\/wp\/v2\/product_cat?post=51617"},{"taxonomy":"product_tag","embeddable":true,"href":"https:\/\/antart.com.pl\/en\/wp-json\/wp\/v2\/product_tag?post=51617"}],"curies":[{"name":"wp","href":"https:\/\/api.w.org\/{rel}","templated":true}]}}