{"id":52083,"date":"2025-11-16T11:41:01","date_gmt":"2025-11-16T10:41:01","guid":{"rendered":"https:\/\/antart.com.pl\/?post_type=product&#038;p=52083"},"modified":"2026-04-01T20:37:18","modified_gmt":"2026-04-01T18:37:18","slug":"mirror-in-gilded-carved-frame","status":"publish","type":"product","link":"https:\/\/antart.com.pl\/en\/produkt\/lustro-w-zloconej-rzezbionej-ramie\/","title":{"rendered":"Mirror in gilded carved frame"},"content":{"rendered":"<h4 style=\"text-align: center;\"><strong><em>Mirror in gilded carved frame<\/em><\/strong><\/h4>\n<h4 style=\"text-align: center;\"><strong><em>Mirror in an ornate gilt frame, perfect for a modern or classic interior. A used product but in good condition. A beautiful addition that will add elegance to any room.<\/em><\/strong><\/h4>\n<h4><strong><em>Dimensions<\/em><\/strong><\/h4>\n<ul>\n<li>\n<h4><strong><em>width: 53cm<\/em><\/strong><\/h4>\n<\/li>\n<li>\n<h4><strong><em>height: 63.5 cm<\/em><\/strong><\/h4>\n<\/li>\n<\/ul>\n<h4><strong><em>Mirror panel<\/em><\/strong><\/h4>\n<ul>\n<li>\n<h4><strong><em>width: 39cm<\/em><\/strong><\/h4>\n<\/li>\n<li>\n<h4><strong><em>height: 50cm<\/em><\/strong><\/h4>\n<\/li>\n<\/ul>\n<h4 style=\"text-align: center;\"><strong><em>NOTE!!!<\/em><\/strong><\/h4>\n<h4 style=\"text-align: center;\"><strong><em>For the sake of safe delivery, in some cases we organise bulk or individual shipping.<\/em><\/strong><\/h4>\n<h4 style=\"text-align: center;\"><strong><em>********************************************************************************<\/em><\/strong><\/h4>\n<h4 style=\"text-align: center;\"><strong><em>The photos show the actual state of the object<\/em><\/strong><\/h4>\n<h4 style=\"text-align: center;\"><strong><em>Additional photos upon request<\/em><\/strong><\/h4>\n<h4 style=\"text-align: center;\"><strong><em>All our items on display are available in our warehouse.<\/em><\/strong><\/h4>\n<h4 style=\"text-align: center;\"><strong><em>Can be viewed by appointment.<\/em><\/strong><\/h4>\n<h4><strong><em>NO. ART 10333<\/em><\/strong><\/h4>","protected":false},"excerpt":{"rendered":"<p>Lustro w z\u0142oconej rze\u017abionej ramie Lustro w ozdobnej, z\u0142oconej ramie, idealnie pasuj\u0105ce do nowoczesnego lub klasycznego wn\u0119trza. Produkt u\u017cywany, ale w dobrym stanie. Pi\u0119kny dodatek, kt\u00f3ry doda elegancji ka\u017cdemu pomieszczeniu. Wymiary szeroko\u015b\u0107:\u00a0 53cm wysoko\u015b\u0107: 63,5 cm Tafla lustra szeroko\u015b\u0107: 39cm wysoko\u015b\u0107: 50cm UWAGA!! Ze wzgl\u0119du na bezpieczne dostarczenie towaru, w niekt\u00f3rych przypadkach organizujemy wysy\u0142k\u0119 zbiorcz\u0105 [&hellip;]<\/p>\n","protected":false},"featured_media":52062,"template":"","meta":{"_seopress_robots_primary_cat":"","_seopress_titles_title":"","_seopress_titles_desc":"","_seopress_robots_index":"","site-sidebar-layout":"default","site-content-layout":"","ast-site-content-layout":"default","site-content-style":"default","site-sidebar-style":"default","ast-global-header-display":"","ast-banner-title-visibility":"","ast-main-header-display":"","ast-hfb-above-header-display":"","ast-hfb-below-header-display":"","ast-hfb-mobile-header-display":"","site-post-title":"","ast-breadcrumbs-content":"","ast-featured-img":"","footer-sml-layout":"","ast-disable-related-posts":"","theme-transparent-header-meta":"default","adv-header-id-meta":"","stick-header-meta":"default","header-above-stick-meta":"","header-main-stick-meta":"","header-below-stick-meta":"","astra-migrate-meta-layouts":"set","ast-page-background-enabled":"default","ast-page-background-meta":{"desktop":{"background-color":"var(--ast-global-color-4)","background-image":"","background-repeat":"repeat","background-position":"center center","background-size":"auto","background-attachment":"scroll","background-type":"","background-media":"","overlay-type":"","overlay-color":"","overlay-opacity":"","overlay-gradient":""},"tablet":{"background-color":"","background-image":"","background-repeat":"repeat","background-position":"center center","background-size":"auto","background-attachment":"scroll","background-type":"","background-media":"","overlay-type":"","overlay-color":"","overlay-opacity":"","overlay-gradient":""},"mobile":{"background-color":"","background-image":"","background-repeat":"repeat","background-position":"center center","background-size":"auto","background-attachment":"scroll","background-type":"","background-media":"","overlay-type":"","overlay-color":"","overlay-opacity":"","overlay-gradient":""}},"ast-content-background-meta":{"desktop":{"background-color":"var(--ast-global-color-5)","background-image":"","background-repeat":"repeat","background-position":"center center","background-size":"auto","background-attachment":"scroll","background-type":"","background-media":"","overlay-type":"","overlay-color":"","overlay-opacity":"","overlay-gradient":""},"tablet":{"background-color":"var(--ast-global-color-5)","background-image":"","background-repeat":"repeat","background-position":"center center","background-size":"auto","background-attachment":"scroll","background-type":"","background-media":"","overlay-type":"","overlay-color":"","overlay-opacity":"","overlay-gradient":""},"mobile":{"background-color":"var(--ast-global-color-5)","background-image":"","background-repeat":"repeat","background-position":"center center","background-size":"auto","background-attachment":"scroll","background-type":"","background-media":"","overlay-type":"","overlay-color":"","overlay-opacity":"","overlay-gradient":""}}},"product_brand":[],"product_cat":[27,84],"product_tag":[],"class_list":{"0":"post-52083","1":"product","2":"type-product","3":"status-publish","4":"has-post-thumbnail","6":"product_cat-dekoracyjne","7":"product_cat-lustra","8":"product_shipping_class-wysylka-80zl","9":"desktop-align-left","10":"tablet-align-left","11":"mobile-align-left","12":"ast-product-gallery-layout-vertical-slider","13":"ast-product-tabs-layout-horizontal","14":"ast-qv-on-image","16":"first","17":"instock","18":"sale","19":"sold-individually","20":"shipping-taxable","21":"purchasable","22":"product-type-simple"},"_links":{"self":[{"href":"https:\/\/antart.com.pl\/en\/wp-json\/wp\/v2\/product\/52083","targetHints":{"allow":["GET"]}}],"collection":[{"href":"https:\/\/antart.com.pl\/en\/wp-json\/wp\/v2\/product"}],"about":[{"href":"https:\/\/antart.com.pl\/en\/wp-json\/wp\/v2\/types\/product"}],"wp:featuredmedia":[{"embeddable":true,"href":"https:\/\/antart.com.pl\/en\/wp-json\/wp\/v2\/media\/52062"}],"wp:attachment":[{"href":"https:\/\/antart.com.pl\/en\/wp-json\/wp\/v2\/media?parent=52083"}],"wp:term":[{"taxonomy":"product_brand","embeddable":true,"href":"https:\/\/antart.com.pl\/en\/wp-json\/wp\/v2\/product_brand?post=52083"},{"taxonomy":"product_cat","embeddable":true,"href":"https:\/\/antart.com.pl\/en\/wp-json\/wp\/v2\/product_cat?post=52083"},{"taxonomy":"product_tag","embeddable":true,"href":"https:\/\/antart.com.pl\/en\/wp-json\/wp\/v2\/product_tag?post=52083"}],"curies":[{"name":"wp","href":"https:\/\/api.w.org\/{rel}","templated":true}]}}