{"id":52084,"date":"2025-11-16T13:37:47","date_gmt":"2025-11-16T12:37:47","guid":{"rendered":"https:\/\/antart.com.pl\/?post_type=product&#038;p=52084"},"modified":"2025-11-16T13:37:48","modified_gmt":"2025-11-16T12:37:48","slug":"oil-painting-of-a-landscape-on-canvas-in-a-wooden-gilded-frame","status":"publish","type":"product","link":"https:\/\/antart.com.pl\/en\/produkt\/obraz-olejowy-pejzaz-na-plotnie-w-drewnianej-zloconej-ramie\/","title":{"rendered":"Oil painting landscape on canvas in wooden gilt frame"},"content":{"rendered":"<h4 style=\"text-align: center;\"><em><strong>Oil painting landscape on canvas in wooden gilt frame<\/strong><\/em><\/h4>\n<h4 style=\"text-align: center;\"><em><strong>A picturesque oil landscape on canvas in a wooden gilt frame. The painting depicts a mountainous landscape with a winding road, forests and a lake in the background. The colour scheme of the painting is subdued and the painting technique suggests that it is the work of an artist from the past.<\/strong><\/em><\/h4>\n<p>&nbsp;<\/p>\n<h4><em><strong>Dimensions<\/strong><\/em><\/h4>\n<h4><em><strong>Frame:<\/strong><\/em><\/h4>\n<ul>\n<li>\n<h4><em><strong>width: 80cm<\/strong><\/em><\/h4>\n<\/li>\n<li>\n<h4><em><strong>height: 60cm<\/strong><\/em><\/h4>\n<\/li>\n<\/ul>\n<h4><em><strong>Image<\/strong><\/em><\/h4>\n<ul>\n<li>\n<h4><em><strong>width: 64cm<\/strong><\/em><\/h4>\n<\/li>\n<li>\n<h4><em><strong>height: 45cm<\/strong><\/em><\/h4>\n<\/li>\n<\/ul>\n<h4 style=\"text-align: center;\"><em><strong>The photos show the actual state of the object<\/strong><\/em><\/h4>\n<h4 style=\"text-align: center;\"><em><strong>Additional photos upon request<\/strong><\/em><\/h4>\n<h4 style=\"text-align: center;\"><em><strong>All our items on display are available in our warehouse.<\/strong><\/em><\/h4>\n<h4 style=\"text-align: center;\"><em><strong>Can be viewed by appointment.<\/strong><\/em><\/h4>\n<h4><em><strong>NO. ART 10335<\/strong><\/em><\/h4>","protected":false},"excerpt":{"rendered":"<p>Obraz olejowy pejza\u017c na p\u0142\u00f3tnie w drewnianej z\u0142oconej ramie Malowniczy pejza\u017c olejny na p\u0142\u00f3tnie w drewnianej z\u0142oconej ramie. Obraz przedstawia g\u00f3rzysty krajobraz z wij\u0105c\u0105 si\u0119 drog\u0105, lasami i jeziorem w tle. Kolorystyka obrazu jest stonowana, a technika malarska sugeruje, \u017ce jest to dzie\u0142o artysty z przesz\u0142o\u015bci. &nbsp; Wymiary Rama: szeroko\u015b\u0107: 80cm wysoko\u015b\u0107: 60cm Obraz szeroko\u015b\u0107: [&hellip;]<\/p>\n","protected":false},"featured_media":52086,"template":"","meta":{"_seopress_robots_primary_cat":"","_seopress_titles_title":"","_seopress_titles_desc":"","_seopress_robots_index":"","site-sidebar-layout":"default","site-content-layout":"","ast-site-content-layout":"default","site-content-style":"default","site-sidebar-style":"default","ast-global-header-display":"","ast-banner-title-visibility":"","ast-main-header-display":"","ast-hfb-above-header-display":"","ast-hfb-below-header-display":"","ast-hfb-mobile-header-display":"","site-post-title":"","ast-breadcrumbs-content":"","ast-featured-img":"","footer-sml-layout":"","ast-disable-related-posts":"","theme-transparent-header-meta":"default","adv-header-id-meta":"","stick-header-meta":"default","header-above-stick-meta":"","header-main-stick-meta":"","header-below-stick-meta":"","astra-migrate-meta-layouts":"set","ast-page-background-enabled":"default","ast-page-background-meta":{"desktop":{"background-color":"var(--ast-global-color-4)","background-image":"","background-repeat":"repeat","background-position":"center center","background-size":"auto","background-attachment":"scroll","background-type":"","background-media":"","overlay-type":"","overlay-color":"","overlay-opacity":"","overlay-gradient":""},"tablet":{"background-color":"","background-image":"","background-repeat":"repeat","background-position":"center center","background-size":"auto","background-attachment":"scroll","background-type":"","background-media":"","overlay-type":"","overlay-color":"","overlay-opacity":"","overlay-gradient":""},"mobile":{"background-color":"","background-image":"","background-repeat":"repeat","background-position":"center center","background-size":"auto","background-attachment":"scroll","background-type":"","background-media":"","overlay-type":"","overlay-color":"","overlay-opacity":"","overlay-gradient":""}},"ast-content-background-meta":{"desktop":{"background-color":"var(--ast-global-color-5)","background-image":"","background-repeat":"repeat","background-position":"center center","background-size":"auto","background-attachment":"scroll","background-type":"","background-media":"","overlay-type":"","overlay-color":"","overlay-opacity":"","overlay-gradient":""},"tablet":{"background-color":"var(--ast-global-color-5)","background-image":"","background-repeat":"repeat","background-position":"center center","background-size":"auto","background-attachment":"scroll","background-type":"","background-media":"","overlay-type":"","overlay-color":"","overlay-opacity":"","overlay-gradient":""},"mobile":{"background-color":"var(--ast-global-color-5)","background-image":"","background-repeat":"repeat","background-position":"center center","background-size":"auto","background-attachment":"scroll","background-type":"","background-media":"","overlay-type":"","overlay-color":"","overlay-opacity":"","overlay-gradient":""}}},"product_brand":[],"product_cat":[77,335],"product_tag":[],"class_list":{"0":"post-52084","1":"product","2":"type-product","3":"status-publish","4":"has-post-thumbnail","6":"product_cat-antykwariat","7":"product_cat-obrazy-antykwariat","8":"product_shipping_class-wysylka-80zl","9":"desktop-align-left","10":"tablet-align-left","11":"mobile-align-left","12":"ast-product-gallery-layout-vertical-slider","13":"ast-product-tabs-layout-horizontal","14":"ast-qv-on-image","16":"first","17":"instock","18":"sold-individually","19":"shipping-taxable","20":"purchasable","21":"product-type-simple"},"_links":{"self":[{"href":"https:\/\/antart.com.pl\/en\/wp-json\/wp\/v2\/product\/52084","targetHints":{"allow":["GET"]}}],"collection":[{"href":"https:\/\/antart.com.pl\/en\/wp-json\/wp\/v2\/product"}],"about":[{"href":"https:\/\/antart.com.pl\/en\/wp-json\/wp\/v2\/types\/product"}],"wp:featuredmedia":[{"embeddable":true,"href":"https:\/\/antart.com.pl\/en\/wp-json\/wp\/v2\/media\/52086"}],"wp:attachment":[{"href":"https:\/\/antart.com.pl\/en\/wp-json\/wp\/v2\/media?parent=52084"}],"wp:term":[{"taxonomy":"product_brand","embeddable":true,"href":"https:\/\/antart.com.pl\/en\/wp-json\/wp\/v2\/product_brand?post=52084"},{"taxonomy":"product_cat","embeddable":true,"href":"https:\/\/antart.com.pl\/en\/wp-json\/wp\/v2\/product_cat?post=52084"},{"taxonomy":"product_tag","embeddable":true,"href":"https:\/\/antart.com.pl\/en\/wp-json\/wp\/v2\/product_tag?post=52084"}],"curies":[{"name":"wp","href":"https:\/\/api.w.org\/{rel}","templated":true}]}}