{"id":52110,"date":"2025-11-16T13:59:17","date_gmt":"2025-11-16T12:59:17","guid":{"rendered":"https:\/\/antart.com.pl\/?post_type=product&#038;p=52110"},"modified":"2025-11-16T13:59:18","modified_gmt":"2025-11-16T12:59:18","slug":"historic-graphic-by-maurice-legendre-street-scene-in-rothenburg-from-the-1930s","status":"publish","type":"product","link":"https:\/\/antart.com.pl\/en\/produkt\/grafika-zabytkowa-maurice-legendrescena-uliczna-rothenburg-z-lat-30-stych\/","title":{"rendered":"Vintage print by Maurice Legendre \u201dStreet scene Rothenburg\u201d from the 1930s"},"content":{"rendered":"<h4 style=\"text-align: center;\"><strong><em>Vintage print by Maurice Legendre \u201dStreet scene Rothenburg\u201d from the 1930s<\/em><\/strong><\/h4>\n<h4 style=\"text-align: center;\"><strong><em>A stylish, vintage painting depicting a picturesque scene from Rothenburg, painted in the 1930s by artist Maurice Legendre. The work, framed in wood, will perfectly complement the decor of any interior, giving it a unique atmosphere.<\/em><\/strong><\/h4>\n<h4><strong><em>Dimensions<\/em><\/strong><\/h4>\n<ul>\n<li>\n<h4><strong><em>width: 54.5cm<\/em><\/strong><\/h4>\n<\/li>\n<li>\n<h4><strong><em>height: 44.5 cm<\/em><\/strong><\/h4>\n<\/li>\n<\/ul>\n<h4><strong><em>Print<\/em><\/strong><\/h4>\n<ul>\n<li>\n<h4><strong><em>width: 35cm<\/em><\/strong><\/h4>\n<\/li>\n<li>\n<h4><strong><em>height: 26cm<\/em><\/strong><\/h4>\n<\/li>\n<\/ul>\n<h4 style=\"text-align: center;\"><strong><em>The photos show the actual state of the object<\/em><\/strong><\/h4>\n<h4 style=\"text-align: center;\"><strong><em>Additional photos upon request<\/em><\/strong><\/h4>\n<h4 style=\"text-align: center;\"><strong><em>All our items on display are available in our warehouse.<\/em><\/strong><\/h4>\n<h4 style=\"text-align: center;\"><strong><em>Can be viewed by appointment.<\/em><\/strong><\/h4>\n<h4><strong><em>ART. NO. 10336<\/em><\/strong><\/h4>","protected":false},"excerpt":{"rendered":"<p>Grafika zabytkowa Maurice Legendre&#8221;Scena uliczna Rothenburg&#8221; z lat 30 stych Stylowy, vintage&#8217;owy obraz przedstawiaj\u0105cy malownicz\u0105 scen\u0119 z Rothenburg, namalowany w latach 30. XX wieku przez artyst\u0119 Maurice&#8217;a Legendre&#8217;a. Praca w drewnianej ramie doskonale uzupe\u0142ni wystr\u00f3j ka\u017cdego wn\u0119trza, nadaj\u0105c mu niepowtarzalny klimat. Wymiary szeroko\u015b\u0107: 54,5cm wysoko\u015b\u0107: 44,5cm Druk szeroko\u015b\u0107: 35cm wysoko\u015b\u0107: 26cm Zdj\u0119cia przedstawiaj\u0105 stan faktyczny [&hellip;]<\/p>\n","protected":false},"featured_media":52096,"template":"","meta":{"_seopress_robots_primary_cat":"","_seopress_titles_title":"","_seopress_titles_desc":"","_seopress_robots_index":"","site-sidebar-layout":"default","site-content-layout":"","ast-site-content-layout":"default","site-content-style":"default","site-sidebar-style":"default","ast-global-header-display":"","ast-banner-title-visibility":"","ast-main-header-display":"","ast-hfb-above-header-display":"","ast-hfb-below-header-display":"","ast-hfb-mobile-header-display":"","site-post-title":"","ast-breadcrumbs-content":"","ast-featured-img":"","footer-sml-layout":"","ast-disable-related-posts":"","theme-transparent-header-meta":"default","adv-header-id-meta":"","stick-header-meta":"default","header-above-stick-meta":"","header-main-stick-meta":"","header-below-stick-meta":"","astra-migrate-meta-layouts":"set","ast-page-background-enabled":"default","ast-page-background-meta":{"desktop":{"background-color":"var(--ast-global-color-4)","background-image":"","background-repeat":"repeat","background-position":"center center","background-size":"auto","background-attachment":"scroll","background-type":"","background-media":"","overlay-type":"","overlay-color":"","overlay-opacity":"","overlay-gradient":""},"tablet":{"background-color":"","background-image":"","background-repeat":"repeat","background-position":"center center","background-size":"auto","background-attachment":"scroll","background-type":"","background-media":"","overlay-type":"","overlay-color":"","overlay-opacity":"","overlay-gradient":""},"mobile":{"background-color":"","background-image":"","background-repeat":"repeat","background-position":"center center","background-size":"auto","background-attachment":"scroll","background-type":"","background-media":"","overlay-type":"","overlay-color":"","overlay-opacity":"","overlay-gradient":""}},"ast-content-background-meta":{"desktop":{"background-color":"var(--ast-global-color-5)","background-image":"","background-repeat":"repeat","background-position":"center center","background-size":"auto","background-attachment":"scroll","background-type":"","background-media":"","overlay-type":"","overlay-color":"","overlay-opacity":"","overlay-gradient":""},"tablet":{"background-color":"var(--ast-global-color-5)","background-image":"","background-repeat":"repeat","background-position":"center center","background-size":"auto","background-attachment":"scroll","background-type":"","background-media":"","overlay-type":"","overlay-color":"","overlay-opacity":"","overlay-gradient":""},"mobile":{"background-color":"var(--ast-global-color-5)","background-image":"","background-repeat":"repeat","background-position":"center center","background-size":"auto","background-attachment":"scroll","background-type":"","background-media":"","overlay-type":"","overlay-color":"","overlay-opacity":"","overlay-gradient":""}}},"product_brand":[],"product_cat":[77,329],"product_tag":[],"class_list":{"0":"post-52110","1":"product","2":"type-product","3":"status-publish","4":"has-post-thumbnail","6":"product_cat-antykwariat","7":"product_cat-grafika","8":"product_shipping_class-wysylka-80zl","9":"desktop-align-left","10":"tablet-align-left","11":"mobile-align-left","12":"ast-product-gallery-layout-vertical-slider","13":"ast-product-tabs-layout-horizontal","14":"ast-qv-on-image","16":"first","17":"instock","18":"sold-individually","19":"shipping-taxable","20":"purchasable","21":"product-type-simple"},"_links":{"self":[{"href":"https:\/\/antart.com.pl\/en\/wp-json\/wp\/v2\/product\/52110","targetHints":{"allow":["GET"]}}],"collection":[{"href":"https:\/\/antart.com.pl\/en\/wp-json\/wp\/v2\/product"}],"about":[{"href":"https:\/\/antart.com.pl\/en\/wp-json\/wp\/v2\/types\/product"}],"wp:featuredmedia":[{"embeddable":true,"href":"https:\/\/antart.com.pl\/en\/wp-json\/wp\/v2\/media\/52096"}],"wp:attachment":[{"href":"https:\/\/antart.com.pl\/en\/wp-json\/wp\/v2\/media?parent=52110"}],"wp:term":[{"taxonomy":"product_brand","embeddable":true,"href":"https:\/\/antart.com.pl\/en\/wp-json\/wp\/v2\/product_brand?post=52110"},{"taxonomy":"product_cat","embeddable":true,"href":"https:\/\/antart.com.pl\/en\/wp-json\/wp\/v2\/product_cat?post=52110"},{"taxonomy":"product_tag","embeddable":true,"href":"https:\/\/antart.com.pl\/en\/wp-json\/wp\/v2\/product_tag?post=52110"}],"curies":[{"name":"wp","href":"https:\/\/api.w.org\/{rel}","templated":true}]}}