{"id":52111,"date":"2025-11-17T09:01:07","date_gmt":"2025-11-17T08:01:07","guid":{"rendered":"https:\/\/antart.com.pl\/?post_type=product&#038;p=52111"},"modified":"2025-11-17T09:01:08","modified_gmt":"2025-11-17T08:01:08","slug":"engraving-lithograph-two-women-in-the-style-of-the-victorian-era","status":"publish","type":"product","link":"https:\/\/antart.com.pl\/en\/produkt\/grafika-litografia-dwie-kobiety-w-stylu-epoki-wiktorianskiej\/","title":{"rendered":"Print, lithograph two women in the style of the Victorian era"},"content":{"rendered":"<h4 style=\"text-align: center;\"><em><strong>Print, lithograph two women in the style of the Victorian era<\/strong><\/em><\/h4>\n<h4 style=\"text-align: center;\"><em><strong>Lithograph depicting two women in Victorian style. The image is framed in a red wooden frame. Visible signs of use, but the overall state of preservation is good.<\/strong><\/em><\/h4>\n<h4><em><strong>Dimensions<\/strong><\/em><\/h4>\n<ul>\n<li>\n<h4><em><strong>width: 47.5cm<\/strong><\/em><\/h4>\n<\/li>\n<li>\n<h4><em><strong>height: 57.5m<\/strong><\/em><\/h4>\n<\/li>\n<\/ul>\n<h4><em><strong>Graphics<\/strong><\/em><\/h4>\n<ul>\n<li>\n<h4><em><strong>width: 18.5cm<\/strong><\/em><\/h4>\n<\/li>\n<li>\n<h4><em><strong>height: 23.5m<\/strong><\/em><\/h4>\n<\/li>\n<\/ul>\n<h4 style=\"text-align: center;\"><em><strong>The photos show the actual state of the object<\/strong><\/em><\/h4>\n<h4 style=\"text-align: center;\"><em><strong>Additional photos upon request<\/strong><\/em><\/h4>\n<h4 style=\"text-align: center;\"><em><strong>All our items on display are available in our warehouse.<\/strong><\/em><\/h4>\n<h4 style=\"text-align: center;\"><em><strong>Can be viewed by appointment.<\/strong><\/em><\/h4>\n<h4><em><strong>NO. ART 10337<\/strong><\/em><\/h4>","protected":false},"excerpt":{"rendered":"<p>Grafika, litografia dwie kobiety w stylu epoki wiktoria\u0144skiej Litografia przedstawiaj\u0105ca dwie kobiety w stylu wiktoria\u0144skim. Obraz oprawiony w drewnian\u0105 ram\u0119 w kolorze czerwonym. Widoczne \u015blady u\u017cytkowania, ale og\u00f3lny stan zachowania jest dobry. Wymiary szeroko\u015b\u0107: 47,5cm wysoko\u015b\u0107: 57,5m Grafika szeroko\u015b\u0107: 18,5cm wysoko\u015b\u0107: 23,5m Zdj\u0119cia przedstawiaj\u0105 stan faktyczny przedmiotu Dodatkowe zdj\u0119cia na pro\u015bb\u0119 zainteresowanych Wszystkie nasze przedmioty [&hellip;]<\/p>\n","protected":false},"featured_media":52105,"template":"","meta":{"_seopress_robots_primary_cat":"","_seopress_titles_title":"","_seopress_titles_desc":"","_seopress_robots_index":"","site-sidebar-layout":"default","site-content-layout":"","ast-site-content-layout":"default","site-content-style":"default","site-sidebar-style":"default","ast-global-header-display":"","ast-banner-title-visibility":"","ast-main-header-display":"","ast-hfb-above-header-display":"","ast-hfb-below-header-display":"","ast-hfb-mobile-header-display":"","site-post-title":"","ast-breadcrumbs-content":"","ast-featured-img":"","footer-sml-layout":"","ast-disable-related-posts":"","theme-transparent-header-meta":"default","adv-header-id-meta":"","stick-header-meta":"default","header-above-stick-meta":"","header-main-stick-meta":"","header-below-stick-meta":"","astra-migrate-meta-layouts":"set","ast-page-background-enabled":"default","ast-page-background-meta":{"desktop":{"background-color":"var(--ast-global-color-4)","background-image":"","background-repeat":"repeat","background-position":"center center","background-size":"auto","background-attachment":"scroll","background-type":"","background-media":"","overlay-type":"","overlay-color":"","overlay-opacity":"","overlay-gradient":""},"tablet":{"background-color":"","background-image":"","background-repeat":"repeat","background-position":"center center","background-size":"auto","background-attachment":"scroll","background-type":"","background-media":"","overlay-type":"","overlay-color":"","overlay-opacity":"","overlay-gradient":""},"mobile":{"background-color":"","background-image":"","background-repeat":"repeat","background-position":"center center","background-size":"auto","background-attachment":"scroll","background-type":"","background-media":"","overlay-type":"","overlay-color":"","overlay-opacity":"","overlay-gradient":""}},"ast-content-background-meta":{"desktop":{"background-color":"var(--ast-global-color-5)","background-image":"","background-repeat":"repeat","background-position":"center center","background-size":"auto","background-attachment":"scroll","background-type":"","background-media":"","overlay-type":"","overlay-color":"","overlay-opacity":"","overlay-gradient":""},"tablet":{"background-color":"var(--ast-global-color-5)","background-image":"","background-repeat":"repeat","background-position":"center center","background-size":"auto","background-attachment":"scroll","background-type":"","background-media":"","overlay-type":"","overlay-color":"","overlay-opacity":"","overlay-gradient":""},"mobile":{"background-color":"var(--ast-global-color-5)","background-image":"","background-repeat":"repeat","background-position":"center center","background-size":"auto","background-attachment":"scroll","background-type":"","background-media":"","overlay-type":"","overlay-color":"","overlay-opacity":"","overlay-gradient":""}}},"product_brand":[],"product_cat":[77,329],"product_tag":[],"class_list":{"0":"post-52111","1":"product","2":"type-product","3":"status-publish","4":"has-post-thumbnail","6":"product_cat-antykwariat","7":"product_cat-grafika","8":"product_shipping_class-wysylka-80zl","9":"desktop-align-left","10":"tablet-align-left","11":"mobile-align-left","12":"ast-product-gallery-layout-vertical-slider","13":"ast-product-tabs-layout-horizontal","14":"ast-qv-on-image","16":"first","17":"instock","18":"sold-individually","19":"shipping-taxable","20":"purchasable","21":"product-type-simple"},"_links":{"self":[{"href":"https:\/\/antart.com.pl\/en\/wp-json\/wp\/v2\/product\/52111","targetHints":{"allow":["GET"]}}],"collection":[{"href":"https:\/\/antart.com.pl\/en\/wp-json\/wp\/v2\/product"}],"about":[{"href":"https:\/\/antart.com.pl\/en\/wp-json\/wp\/v2\/types\/product"}],"wp:featuredmedia":[{"embeddable":true,"href":"https:\/\/antart.com.pl\/en\/wp-json\/wp\/v2\/media\/52105"}],"wp:attachment":[{"href":"https:\/\/antart.com.pl\/en\/wp-json\/wp\/v2\/media?parent=52111"}],"wp:term":[{"taxonomy":"product_brand","embeddable":true,"href":"https:\/\/antart.com.pl\/en\/wp-json\/wp\/v2\/product_brand?post=52111"},{"taxonomy":"product_cat","embeddable":true,"href":"https:\/\/antart.com.pl\/en\/wp-json\/wp\/v2\/product_cat?post=52111"},{"taxonomy":"product_tag","embeddable":true,"href":"https:\/\/antart.com.pl\/en\/wp-json\/wp\/v2\/product_tag?post=52111"}],"curies":[{"name":"wp","href":"https:\/\/api.w.org\/{rel}","templated":true}]}}