{"id":52173,"date":"2025-11-17T10:33:43","date_gmt":"2025-11-17T09:33:43","guid":{"rendered":"https:\/\/antart.com.pl\/?post_type=product&#038;p=52173"},"modified":"2026-04-01T20:13:27","modified_gmt":"2026-04-01T18:13:27","slug":"table-lamp-brown-rosenthal-germany-60s-70s","status":"publish","type":"product","link":"https:\/\/antart.com.pl\/en\/produkt\/lampa-stolowa-brazowa-rosenthal-niemcy-lata-60-70-te\/","title":{"rendered":"Brown table lamp ROSENTHAL Germany 1960s\/70s"},"content":{"rendered":"<h4 style=\"text-align: center;\"><em>Brown table lamp ROSENTHAL Germany 1960s\/70s<\/em><\/h4>\n<h4 style=\"text-align: center;\"><em>A stylish Rosenthal Studio line table lamp from Germany from the 1960s\/70s. Made of dark brown ceramic. A perfect decoration for vintage style interiors.<\/em><\/h4>\n<p>&nbsp;<\/p>\n<h4><em>Dimensions<\/em><\/h4>\n<ul>\n<li>\n<h4><em>height: 53.5 cm<\/em><\/h4>\n<\/li>\n<li>\n<h4><em>upper diameter of lampshade 32 cm<\/em><\/h4>\n<\/li>\n<li>\n<h4><em>bottom diameter of lampshade: 36cm<\/em><\/h4>\n<\/li>\n<li>\n<h4><em>height of lampshade: 27cm<\/em><\/h4>\n<\/li>\n<li>\n<h4><em>base diameter: 13.5 cm<\/em><\/h4>\n<\/li>\n<\/ul>\n<h4 style=\"text-align: center;\"><em>The photos show the actual state of the object<\/em><\/h4>\n<h4 style=\"text-align: center;\"><em>Additional photos upon request<\/em><\/h4>\n<h4 style=\"text-align: center;\"><em>All our items on display are available in our warehouse.<\/em><\/h4>\n<h4 style=\"text-align: center;\"><em>Can be viewed by appointment.<\/em><\/h4>\n<h4><em>NR. ART 10344<\/em><\/h4>","protected":false},"excerpt":{"rendered":"<p>Lampa sto\u0142owa br\u0105zowa ROSENTHAL Niemcy lata 60\/70-te Stylowa lampa sto\u0142owa Rosenthal Studio line z Niemiec z lat 60.\/70. XX wieku. Wykonana z ciemno br\u0105zowej ceramiki. Doskona\u0142a dekoracja do wn\u0119trz w stylu vintage. &nbsp; Wymiary wysoko\u015b\u0107: 53,5 cm \u015brednica g\u00f3rna aba\u017curu 32 cm \u015brednica dolna aba\u017curu: 36cm wysoko\u015b\u0107 aba\u017curu: 27cm \u015brednica podstawy: 13,5 cm Zdj\u0119cia przedstawiaj\u0105 [&hellip;]<\/p>\n","protected":false},"featured_media":52158,"template":"","meta":{"_seopress_robots_primary_cat":"","_seopress_titles_title":"","_seopress_titles_desc":"","_seopress_robots_index":"","site-sidebar-layout":"default","site-content-layout":"","ast-site-content-layout":"default","site-content-style":"default","site-sidebar-style":"default","ast-global-header-display":"","ast-banner-title-visibility":"","ast-main-header-display":"","ast-hfb-above-header-display":"","ast-hfb-below-header-display":"","ast-hfb-mobile-header-display":"","site-post-title":"","ast-breadcrumbs-content":"","ast-featured-img":"","footer-sml-layout":"","ast-disable-related-posts":"","theme-transparent-header-meta":"default","adv-header-id-meta":"","stick-header-meta":"default","header-above-stick-meta":"","header-main-stick-meta":"","header-below-stick-meta":"","astra-migrate-meta-layouts":"set","ast-page-background-enabled":"default","ast-page-background-meta":{"desktop":{"background-color":"var(--ast-global-color-4)","background-image":"","background-repeat":"repeat","background-position":"center center","background-size":"auto","background-attachment":"scroll","background-type":"","background-media":"","overlay-type":"","overlay-color":"","overlay-opacity":"","overlay-gradient":""},"tablet":{"background-color":"","background-image":"","background-repeat":"repeat","background-position":"center center","background-size":"auto","background-attachment":"scroll","background-type":"","background-media":"","overlay-type":"","overlay-color":"","overlay-opacity":"","overlay-gradient":""},"mobile":{"background-color":"","background-image":"","background-repeat":"repeat","background-position":"center center","background-size":"auto","background-attachment":"scroll","background-type":"","background-media":"","overlay-type":"","overlay-color":"","overlay-opacity":"","overlay-gradient":""}},"ast-content-background-meta":{"desktop":{"background-color":"var(--ast-global-color-5)","background-image":"","background-repeat":"repeat","background-position":"center center","background-size":"auto","background-attachment":"scroll","background-type":"","background-media":"","overlay-type":"","overlay-color":"","overlay-opacity":"","overlay-gradient":""},"tablet":{"background-color":"var(--ast-global-color-5)","background-image":"","background-repeat":"repeat","background-position":"center center","background-size":"auto","background-attachment":"scroll","background-type":"","background-media":"","overlay-type":"","overlay-color":"","overlay-opacity":"","overlay-gradient":""},"mobile":{"background-color":"var(--ast-global-color-5)","background-image":"","background-repeat":"repeat","background-position":"center center","background-size":"auto","background-attachment":"scroll","background-type":"","background-media":"","overlay-type":"","overlay-color":"","overlay-opacity":"","overlay-gradient":""}}},"product_brand":[],"product_cat":[40,30],"product_tag":[],"class_list":{"0":"post-52173","1":"product","2":"type-product","3":"status-publish","4":"has-post-thumbnail","6":"product_cat-lampy-stolowe","7":"product_cat-oswietlenie","8":"product_shipping_class-wysylka-80zl","9":"desktop-align-left","10":"tablet-align-left","11":"mobile-align-left","12":"ast-product-gallery-layout-vertical-slider","13":"ast-product-tabs-layout-horizontal","14":"ast-qv-on-image","16":"first","17":"instock","18":"sale","19":"sold-individually","20":"shipping-taxable","21":"purchasable","22":"product-type-simple"},"_links":{"self":[{"href":"https:\/\/antart.com.pl\/en\/wp-json\/wp\/v2\/product\/52173","targetHints":{"allow":["GET"]}}],"collection":[{"href":"https:\/\/antart.com.pl\/en\/wp-json\/wp\/v2\/product"}],"about":[{"href":"https:\/\/antart.com.pl\/en\/wp-json\/wp\/v2\/types\/product"}],"wp:featuredmedia":[{"embeddable":true,"href":"https:\/\/antart.com.pl\/en\/wp-json\/wp\/v2\/media\/52158"}],"wp:attachment":[{"href":"https:\/\/antart.com.pl\/en\/wp-json\/wp\/v2\/media?parent=52173"}],"wp:term":[{"taxonomy":"product_brand","embeddable":true,"href":"https:\/\/antart.com.pl\/en\/wp-json\/wp\/v2\/product_brand?post=52173"},{"taxonomy":"product_cat","embeddable":true,"href":"https:\/\/antart.com.pl\/en\/wp-json\/wp\/v2\/product_cat?post=52173"},{"taxonomy":"product_tag","embeddable":true,"href":"https:\/\/antart.com.pl\/en\/wp-json\/wp\/v2\/product_tag?post=52173"}],"curies":[{"name":"wp","href":"https:\/\/api.w.org\/{rel}","templated":true}]}}