{"id":52227,"date":"2025-11-20T12:09:17","date_gmt":"2025-11-20T11:09:17","guid":{"rendered":"https:\/\/antart.com.pl\/?post_type=product&#038;p=52227"},"modified":"2025-11-20T12:09:19","modified_gmt":"2025-11-20T11:09:19","slug":"antique-collectors-cup-badonlliver-tokio","status":"publish","type":"product","link":"https:\/\/antart.com.pl\/en\/produkt\/filizanka-kolekcjonerska-antyczna-badonlliver-tokio\/","title":{"rendered":"Antique Badonlliver Tokyo Collectible Cup"},"content":{"rendered":"<h4 style=\"text-align: center;\"><em><b>An antique collector's cup from the French manufacturer Badonlliver, in the Tokyo pattern, made of ecru-coloured porcelain. It features hand-painted, rich, multicoloured decoration with a stylised Japanese motif and a geometric pattern inside the cup. It has some scuffs and minor chips.<\/b><\/em><\/h4>\n<h4><\/h4>\n<h4><em><b>I have 5pc available for sale.<\/b><\/em><\/h4>\n<h4><em><b>Price is for 1pc.<\/b><\/em><\/h4>\n<h4><\/h4>\n<h4><em><b>Dimensions<\/b><\/em><\/h4>\n<ul>\n<li>\n<h4><em><b>Height: 5cm.<\/b><\/em><\/h4>\n<\/li>\n<li>\n<h4><em><b>Top diameter: 8cm.<\/b><\/em><\/h4>\n<\/li>\n<li>\n<h4><em><b>Base diameter: 5.5cm.<\/b><\/em><\/h4>\n<\/li>\n<li>\n<h4><em><b>Volume: 125ml.<\/b><\/em><\/h4>\n<\/li>\n<\/ul>\n<h4 style=\"text-align: center;\"><em><b>The photos show the actual state of the object<\/b><\/em><\/h4>\n<h4 style=\"text-align: center;\"><em><b>Additional photos upon request<\/b><\/em><\/h4>\n<h4 style=\"text-align: center;\"><em><b>All our items on display are available in our warehouse.<\/b><\/em><\/h4>\n<h4 style=\"text-align: center;\"><em><b>Can be viewed by appointment.<\/b><\/em><\/h4>\n<h4><\/h4>\n<h4><em><b>No. 6058<\/b><\/em><\/h4>","protected":false},"excerpt":{"rendered":"<p>Antyczna fili\u017canka kolekcjonerska francuskiej wytw\u00f3rni Badonlliver, we wzorze Tokio, wykonana z porcelany w kolorze ecru. Charakteryzuje si\u0119 r\u0119cznie malowanym, bogatym, wielokolorowym zdobieniem ze stylizowanym motywem japo\u0144skim oraz wzorem geometrycznym wewn\u0105trz fili\u017canki. Posiada przetarcia oraz ma\u0142e uszczerbki. Posiadam w sprzeda\u017cy 5szt. Cena dotyczy 1szt. Wymiary Wysoko\u015b\u0107: 5cm. \u015arednica g\u00f3rna: 8cm. \u015arednica podstawy: 5,5cm. Poj: 125ml. Zdj\u0119cia [&hellip;]<\/p>\n","protected":false},"featured_media":52229,"template":"","meta":{"_seopress_robots_primary_cat":"","_seopress_titles_title":"","_seopress_titles_desc":"","_seopress_robots_index":"","site-sidebar-layout":"default","site-content-layout":"","ast-site-content-layout":"default","site-content-style":"default","site-sidebar-style":"default","ast-global-header-display":"","ast-banner-title-visibility":"","ast-main-header-display":"","ast-hfb-above-header-display":"","ast-hfb-below-header-display":"","ast-hfb-mobile-header-display":"","site-post-title":"","ast-breadcrumbs-content":"","ast-featured-img":"","footer-sml-layout":"","ast-disable-related-posts":"","theme-transparent-header-meta":"default","adv-header-id-meta":"","stick-header-meta":"default","header-above-stick-meta":"","header-main-stick-meta":"","header-below-stick-meta":"","astra-migrate-meta-layouts":"set","ast-page-background-enabled":"default","ast-page-background-meta":{"desktop":{"background-color":"var(--ast-global-color-4)","background-image":"","background-repeat":"repeat","background-position":"center center","background-size":"auto","background-attachment":"scroll","background-type":"","background-media":"","overlay-type":"","overlay-color":"","overlay-opacity":"","overlay-gradient":""},"tablet":{"background-color":"","background-image":"","background-repeat":"repeat","background-position":"center center","background-size":"auto","background-attachment":"scroll","background-type":"","background-media":"","overlay-type":"","overlay-color":"","overlay-opacity":"","overlay-gradient":""},"mobile":{"background-color":"","background-image":"","background-repeat":"repeat","background-position":"center center","background-size":"auto","background-attachment":"scroll","background-type":"","background-media":"","overlay-type":"","overlay-color":"","overlay-opacity":"","overlay-gradient":""}},"ast-content-background-meta":{"desktop":{"background-color":"var(--ast-global-color-5)","background-image":"","background-repeat":"repeat","background-position":"center center","background-size":"auto","background-attachment":"scroll","background-type":"","background-media":"","overlay-type":"","overlay-color":"","overlay-opacity":"","overlay-gradient":""},"tablet":{"background-color":"var(--ast-global-color-5)","background-image":"","background-repeat":"repeat","background-position":"center center","background-size":"auto","background-attachment":"scroll","background-type":"","background-media":"","overlay-type":"","overlay-color":"","overlay-opacity":"","overlay-gradient":""},"mobile":{"background-color":"var(--ast-global-color-5)","background-image":"","background-repeat":"repeat","background-position":"center center","background-size":"auto","background-attachment":"scroll","background-type":"","background-media":"","overlay-type":"","overlay-color":"","overlay-opacity":"","overlay-gradient":""}}},"product_brand":[],"product_cat":[51,24],"product_tag":[],"class_list":{"0":"post-52227","1":"product","2":"type-product","3":"status-publish","4":"has-post-thumbnail","6":"product_cat-filizanki-zastawy-sniadaniowe","7":"product_cat-kuchnia","8":"product_shipping_class-wysylka-19zl","9":"desktop-align-left","10":"tablet-align-left","11":"mobile-align-left","12":"ast-product-gallery-layout-vertical-slider","13":"ast-product-tabs-layout-horizontal","14":"ast-qv-on-image","16":"first","17":"instock","18":"shipping-taxable","19":"purchasable","20":"product-type-simple"},"_links":{"self":[{"href":"https:\/\/antart.com.pl\/en\/wp-json\/wp\/v2\/product\/52227","targetHints":{"allow":["GET"]}}],"collection":[{"href":"https:\/\/antart.com.pl\/en\/wp-json\/wp\/v2\/product"}],"about":[{"href":"https:\/\/antart.com.pl\/en\/wp-json\/wp\/v2\/types\/product"}],"wp:featuredmedia":[{"embeddable":true,"href":"https:\/\/antart.com.pl\/en\/wp-json\/wp\/v2\/media\/52229"}],"wp:attachment":[{"href":"https:\/\/antart.com.pl\/en\/wp-json\/wp\/v2\/media?parent=52227"}],"wp:term":[{"taxonomy":"product_brand","embeddable":true,"href":"https:\/\/antart.com.pl\/en\/wp-json\/wp\/v2\/product_brand?post=52227"},{"taxonomy":"product_cat","embeddable":true,"href":"https:\/\/antart.com.pl\/en\/wp-json\/wp\/v2\/product_cat?post=52227"},{"taxonomy":"product_tag","embeddable":true,"href":"https:\/\/antart.com.pl\/en\/wp-json\/wp\/v2\/product_tag?post=52227"}],"curies":[{"name":"wp","href":"https:\/\/api.w.org\/{rel}","templated":true}]}}