{"id":53246,"date":"2025-11-23T11:21:03","date_gmt":"2025-11-23T10:21:03","guid":{"rendered":"https:\/\/antart.com.pl\/?post_type=product&#038;p=53246"},"modified":"2025-11-28T16:45:36","modified_gmt":"2025-11-28T15:45:36","slug":"antique-dresser-in-neo-rococo-style-with-red-marble","status":"publish","type":"product","link":"https:\/\/antart.com.pl\/en\/produkt\/komoda-antyczna-w-stylu-neorokokowym-z-czerwonym-marmurem\/","title":{"rendered":"Antique neo-Rococo style chest of drawers with red marble"},"content":{"rendered":"<h4 style=\"text-align: center;\"><em><strong>Antique neo-Rococo style chest of drawers with red marble<\/strong><\/em><\/h4>\n<h4 style=\"text-align: center;\"><em><strong>A stylish vintage neococ style sideboard with a red marble top. The piece of furniture has three drawers that provide additional storage space. The wooden construction in a dark shade gives it an elegant look. Ideal for a classic or vintage interior.<\/strong><\/em><\/h4>\n<h4 style=\"text-align: center;\"><em><strong>A veneer-covered chest of drawers with marquetry.<\/strong><\/em><\/h4>\n<h4 style=\"text-align: center;\"><em><strong>The chest of drawers has signs of time and a cracked top but is whole.<\/strong><\/em><\/h4>\n<h4><\/h4>\n<h4><em><strong>Dimensions:<\/strong><\/em><\/h4>\n<ul>\n<li>\n<h4><em><strong>length: 75cm<\/strong><\/em><\/h4>\n<\/li>\n<li>\n<h4><em><strong>depth: 39cm<\/strong><\/em><\/h4>\n<\/li>\n<li>\n<h4><em><strong>height: 78 cm<\/strong><\/em><\/h4>\n<\/li>\n<\/ul>\n<h4 style=\"text-align: center;\"><em><strong>NOTE!!!<\/strong><\/em><\/h4>\n<h4 style=\"text-align: center;\"><em><strong>For the sake of safe delivery, in some cases we organise bulk or individual shipping.<\/strong><\/em><\/h4>\n<h4 style=\"text-align: center;\"><em><strong>**********************************<\/strong><\/em><\/h4>\n<h4 style=\"text-align: center;\"><em><strong>The photos show the actual state of the object<\/strong><\/em><\/h4>\n<h4 style=\"text-align: center;\"><em><strong>Additional photos upon request<\/strong><\/em><\/h4>\n<h4 style=\"text-align: center;\"><em><strong>All our items on display are available in our warehouse.<\/strong><\/em><\/h4>\n<h4 style=\"text-align: center;\"><em><strong>Can be viewed by appointment.<\/strong><\/em><\/h4>\n<h4><em><strong>NR. ART 10355<\/strong><\/em><\/h4>","protected":false},"excerpt":{"rendered":"<p>Komoda antyczna w stylu neorokokowym z czerwonym marmurem Stylowy, zabytkowy kredens w stylu neokocowym z czerwonym marmurowym blatem. Mebel posiada trzy szuflady, kt\u00f3re zapewniaj\u0105 dodatkow\u0105 przestrze\u0144 do przechowywania. Drewniana konstrukcja w ciemnym odcieniu nadaje mu elegancki wygl\u0105d. Idealny do klasycznego lub vintage&#8217;owego wn\u0119trza. Komoda pokryta fornirem z intarsj\u0105. Komoda posiada \u015blady czasu oraz nadp\u0119kni\u0119ty blat [&hellip;]<\/p>\n","protected":false},"featured_media":53226,"template":"","meta":{"_seopress_robots_primary_cat":"","_seopress_titles_title":"","_seopress_titles_desc":"","_seopress_robots_index":"","site-sidebar-layout":"default","site-content-layout":"","ast-site-content-layout":"default","site-content-style":"default","site-sidebar-style":"default","ast-global-header-display":"","ast-banner-title-visibility":"","ast-main-header-display":"","ast-hfb-above-header-display":"","ast-hfb-below-header-display":"","ast-hfb-mobile-header-display":"","site-post-title":"","ast-breadcrumbs-content":"","ast-featured-img":"","footer-sml-layout":"","ast-disable-related-posts":"","theme-transparent-header-meta":"default","adv-header-id-meta":"","stick-header-meta":"default","header-above-stick-meta":"","header-main-stick-meta":"","header-below-stick-meta":"","astra-migrate-meta-layouts":"set","ast-page-background-enabled":"default","ast-page-background-meta":{"desktop":{"background-color":"var(--ast-global-color-4)","background-image":"","background-repeat":"repeat","background-position":"center center","background-size":"auto","background-attachment":"scroll","background-type":"","background-media":"","overlay-type":"","overlay-color":"","overlay-opacity":"","overlay-gradient":""},"tablet":{"background-color":"","background-image":"","background-repeat":"repeat","background-position":"center center","background-size":"auto","background-attachment":"scroll","background-type":"","background-media":"","overlay-type":"","overlay-color":"","overlay-opacity":"","overlay-gradient":""},"mobile":{"background-color":"","background-image":"","background-repeat":"repeat","background-position":"center center","background-size":"auto","background-attachment":"scroll","background-type":"","background-media":"","overlay-type":"","overlay-color":"","overlay-opacity":"","overlay-gradient":""}},"ast-content-background-meta":{"desktop":{"background-color":"var(--ast-global-color-5)","background-image":"","background-repeat":"repeat","background-position":"center center","background-size":"auto","background-attachment":"scroll","background-type":"","background-media":"","overlay-type":"","overlay-color":"","overlay-opacity":"","overlay-gradient":""},"tablet":{"background-color":"var(--ast-global-color-5)","background-image":"","background-repeat":"repeat","background-position":"center center","background-size":"auto","background-attachment":"scroll","background-type":"","background-media":"","overlay-type":"","overlay-color":"","overlay-opacity":"","overlay-gradient":""},"mobile":{"background-color":"var(--ast-global-color-5)","background-image":"","background-repeat":"repeat","background-position":"center center","background-size":"auto","background-attachment":"scroll","background-type":"","background-media":"","overlay-type":"","overlay-color":"","overlay-opacity":"","overlay-gradient":""}}},"product_brand":[],"product_cat":[37,32],"product_tag":[],"class_list":{"0":"post-53246","1":"product","2":"type-product","3":"status-publish","4":"has-post-thumbnail","6":"product_cat-komody","7":"product_cat-meble","8":"desktop-align-left","9":"tablet-align-left","10":"mobile-align-left","11":"ast-product-gallery-layout-vertical-slider","12":"ast-product-tabs-layout-horizontal","13":"ast-qv-on-image","15":"first","16":"instock","17":"shipping-taxable","18":"purchasable","19":"product-type-simple"},"_links":{"self":[{"href":"https:\/\/antart.com.pl\/en\/wp-json\/wp\/v2\/product\/53246","targetHints":{"allow":["GET"]}}],"collection":[{"href":"https:\/\/antart.com.pl\/en\/wp-json\/wp\/v2\/product"}],"about":[{"href":"https:\/\/antart.com.pl\/en\/wp-json\/wp\/v2\/types\/product"}],"wp:featuredmedia":[{"embeddable":true,"href":"https:\/\/antart.com.pl\/en\/wp-json\/wp\/v2\/media\/53226"}],"wp:attachment":[{"href":"https:\/\/antart.com.pl\/en\/wp-json\/wp\/v2\/media?parent=53246"}],"wp:term":[{"taxonomy":"product_brand","embeddable":true,"href":"https:\/\/antart.com.pl\/en\/wp-json\/wp\/v2\/product_brand?post=53246"},{"taxonomy":"product_cat","embeddable":true,"href":"https:\/\/antart.com.pl\/en\/wp-json\/wp\/v2\/product_cat?post=53246"},{"taxonomy":"product_tag","embeddable":true,"href":"https:\/\/antart.com.pl\/en\/wp-json\/wp\/v2\/product_tag?post=53246"}],"curies":[{"name":"wp","href":"https:\/\/api.w.org\/{rel}","templated":true}]}}