{"id":53361,"date":"2025-11-23T13:32:57","date_gmt":"2025-11-23T12:32:57","guid":{"rendered":"https:\/\/antart.com.pl\/?post_type=product&#038;p=53361"},"modified":"2026-04-01T20:13:26","modified_gmt":"2026-04-01T18:13:26","slug":"lampka-podlogowa-witrazowa-tiffany","status":"publish","type":"product","link":"https:\/\/antart.com.pl\/en\/produkt\/lampka-podlogowa-witrazowa-tiffany\/","title":{"rendered":"Tiffany stained glass floor lamp\u201d"},"content":{"rendered":"<h4 style=\"text-align: center;\"><em><b>Tiffany stained glass floor lamp\u201d<\/b><\/em><\/h4>\n<h4 style=\"text-align: center;\"><em>Pi\u0119kna, stylowa lampa pod\u0142ogowa w stylu Tiffany&#8217;ego. Klosz wykonany z kolorowego, witra\u017cowego szk\u0142a tworzy niepowtarzalny, ciep\u0142y nastr\u00f3j. Podstawa lampy w ciemnym kolorze doskonale komponuje si\u0119 z ca\u0142o\u015bci\u0105. Produkt u\u017cywany, ale w dobrym stanie. \u015awietna dekoracja do ka\u017cdego wn\u0119trza.<\/em><\/h4>\n<p>&nbsp;<\/p>\n<h4><em>Dimensions:<\/em><\/h4>\n<ul>\n<li>\n<h4><em>wysoko\u015b\u0107: 172 cm<\/em><\/h4>\n<\/li>\n<li>\n<h4><em>\u015brednica klosza: 52cm<\/em><\/h4>\n<\/li>\n<li>\n<h4><em>wysoko\u015b\u0107 klosza: 25 cm<\/em><\/h4>\n<\/li>\n<\/ul>\n<h4 style=\"text-align: center;\"><em><b>The photos show the actual state before<\/b><\/em><\/h4>\n<h4 style=\"text-align: center;\"><em><b>Additional photos upon request<\/b><\/em><\/h4>\n<h4 style=\"text-align: center;\"><em><b>All our items on display are available in our warehouse<\/b><\/em><\/h4>\n<h4 style=\"text-align: center;\"><em><b>Can be viewed by appointment.<\/b><\/em><\/h4>\n<h4><em>art. nr. 10362<\/em><\/h4>","protected":false},"excerpt":{"rendered":"<p>Lampka pod\u0142ogowa witra\u017cowa ,,Tiffany&#8221; Pi\u0119kna, stylowa lampa pod\u0142ogowa w stylu Tiffany&#8217;ego. Klosz wykonany z kolorowego, witra\u017cowego szk\u0142a tworzy niepowtarzalny, ciep\u0142y nastr\u00f3j. Podstawa lampy w ciemnym kolorze doskonale komponuje si\u0119 z ca\u0142o\u015bci\u0105. Produkt u\u017cywany, ale w dobrym stanie. \u015awietna dekoracja do ka\u017cdego wn\u0119trza. &nbsp; Wymiary: wysoko\u015b\u0107: 172 cm \u015brednica klosza: 52cm wysoko\u015b\u0107 klosza: 25 cm Zdj\u0119cia [&hellip;]<\/p>\n","protected":false},"featured_media":53329,"template":"","meta":{"_seopress_robots_primary_cat":"","_seopress_titles_title":"","_seopress_titles_desc":"","_seopress_robots_index":"","site-sidebar-layout":"default","site-content-layout":"","ast-site-content-layout":"default","site-content-style":"default","site-sidebar-style":"default","ast-global-header-display":"","ast-banner-title-visibility":"","ast-main-header-display":"","ast-hfb-above-header-display":"","ast-hfb-below-header-display":"","ast-hfb-mobile-header-display":"","site-post-title":"","ast-breadcrumbs-content":"","ast-featured-img":"","footer-sml-layout":"","ast-disable-related-posts":"","theme-transparent-header-meta":"default","adv-header-id-meta":"","stick-header-meta":"default","header-above-stick-meta":"","header-main-stick-meta":"","header-below-stick-meta":"","astra-migrate-meta-layouts":"set","ast-page-background-enabled":"default","ast-page-background-meta":{"desktop":{"background-color":"var(--ast-global-color-4)","background-image":"","background-repeat":"repeat","background-position":"center center","background-size":"auto","background-attachment":"scroll","background-type":"","background-media":"","overlay-type":"","overlay-color":"","overlay-opacity":"","overlay-gradient":""},"tablet":{"background-color":"","background-image":"","background-repeat":"repeat","background-position":"center center","background-size":"auto","background-attachment":"scroll","background-type":"","background-media":"","overlay-type":"","overlay-color":"","overlay-opacity":"","overlay-gradient":""},"mobile":{"background-color":"","background-image":"","background-repeat":"repeat","background-position":"center center","background-size":"auto","background-attachment":"scroll","background-type":"","background-media":"","overlay-type":"","overlay-color":"","overlay-opacity":"","overlay-gradient":""}},"ast-content-background-meta":{"desktop":{"background-color":"var(--ast-global-color-5)","background-image":"","background-repeat":"repeat","background-position":"center center","background-size":"auto","background-attachment":"scroll","background-type":"","background-media":"","overlay-type":"","overlay-color":"","overlay-opacity":"","overlay-gradient":""},"tablet":{"background-color":"var(--ast-global-color-5)","background-image":"","background-repeat":"repeat","background-position":"center center","background-size":"auto","background-attachment":"scroll","background-type":"","background-media":"","overlay-type":"","overlay-color":"","overlay-opacity":"","overlay-gradient":""},"mobile":{"background-color":"var(--ast-global-color-5)","background-image":"","background-repeat":"repeat","background-position":"center center","background-size":"auto","background-attachment":"scroll","background-type":"","background-media":"","overlay-type":"","overlay-color":"","overlay-opacity":"","overlay-gradient":""}}},"product_brand":[],"product_cat":[52,30],"product_tag":[],"class_list":{"0":"post-53361","1":"product","2":"type-product","3":"status-publish","4":"has-post-thumbnail","6":"product_cat-lampy-stojace","7":"product_cat-oswietlenie","8":"product_shipping_class-wysylka-120zl","9":"desktop-align-left","10":"tablet-align-left","11":"mobile-align-left","12":"ast-product-gallery-layout-vertical-slider","13":"ast-product-tabs-layout-horizontal","14":"ast-qv-on-image","16":"first","17":"instock","18":"sale","19":"sold-individually","20":"shipping-taxable","21":"purchasable","22":"product-type-simple"},"_links":{"self":[{"href":"https:\/\/antart.com.pl\/en\/wp-json\/wp\/v2\/product\/53361","targetHints":{"allow":["GET"]}}],"collection":[{"href":"https:\/\/antart.com.pl\/en\/wp-json\/wp\/v2\/product"}],"about":[{"href":"https:\/\/antart.com.pl\/en\/wp-json\/wp\/v2\/types\/product"}],"wp:featuredmedia":[{"embeddable":true,"href":"https:\/\/antart.com.pl\/en\/wp-json\/wp\/v2\/media\/53329"}],"wp:attachment":[{"href":"https:\/\/antart.com.pl\/en\/wp-json\/wp\/v2\/media?parent=53361"}],"wp:term":[{"taxonomy":"product_brand","embeddable":true,"href":"https:\/\/antart.com.pl\/en\/wp-json\/wp\/v2\/product_brand?post=53361"},{"taxonomy":"product_cat","embeddable":true,"href":"https:\/\/antart.com.pl\/en\/wp-json\/wp\/v2\/product_cat?post=53361"},{"taxonomy":"product_tag","embeddable":true,"href":"https:\/\/antart.com.pl\/en\/wp-json\/wp\/v2\/product_tag?post=53361"}],"curies":[{"name":"wp","href":"https:\/\/api.w.org\/{rel}","templated":true}]}}