{"id":53576,"date":"2025-11-28T17:09:56","date_gmt":"2025-11-28T16:09:56","guid":{"rendered":"https:\/\/antart.com.pl\/?post_type=product&#038;p=53576"},"modified":"2026-04-01T20:13:18","modified_gmt":"2026-04-01T18:13:18","slug":"tiffany-style-stained-glass-solar-table-lamp-with-butterfly-motif","status":"publish","type":"product","link":"https:\/\/antart.com.pl\/en\/produkt\/lampa-stolowa-witrazowa-solarna-w-stylu-tiffany-motyl\/","title":{"rendered":"Table lamp, stained glass solar lamp in Tiffany style Butterfly"},"content":{"rendered":"<h4 style=\"text-align: center;\"><em><strong>Table lamp, stained glass solar lamp in Tiffany style Butterfly<\/strong><\/em><\/h4>\n<h4 style=\"text-align: center;\"><em><strong>A beautiful, colourful Tiffany-style solar table lamp with a butterfly motif. Made of high-quality glass coloured in sunny shades of orange, yellow and blue. A perfect decoration for your interior, providing warm, cosy light.<\/strong><\/em><\/h4>\n<h4><em><strong>Dimensions<\/strong><\/em><\/h4>\n<ul>\n<li>\n<h4><em><strong>height: 24cm<\/strong><\/em><\/h4>\n<\/li>\n<li>\n<h4><em><strong>length: 18cm<\/strong><\/em><\/h4>\n<\/li>\n<li>\n<h4><em><strong>width: 10cm<\/strong><\/em><\/h4>\n<\/li>\n<\/ul>\n<h4 style=\"text-align: center;\"><em><strong>The photos show the actual state before<\/strong><\/em><\/h4>\n<h4 style=\"text-align: center;\"><em><strong>Additional photos upon request<\/strong><\/em><\/h4>\n<h4 style=\"text-align: center;\"><em><strong>All our items on display are available in our warehouse<\/strong><\/em><\/h4>\n<h4 style=\"text-align: center;\"><em><strong>Can be viewed by appointment.<\/strong><\/em><\/h4>\n<h4><em><strong>item no. 10379<\/strong><\/em><\/h4>","protected":false},"excerpt":{"rendered":"<p>Lampa sto\u0142owa, witra\u017cowa solarna \u00a0w stylu Tiffany Motyl Pi\u0119kna, kolorowa lampa sto\u0142owa solarna w stylu Tiffany&#8217;ego z motywem motyla. Wykonana z wysokiej jako\u015bci szk\u0142a barwionego w s\u0142oneczne odcienie pomara\u0144czu, \u017c\u00f3\u0142ci i niebieskiego. Doskona\u0142a dekoracja do wn\u0119trza, kt\u00f3ra wprowadzi ciep\u0142e, przytulne \u015bwiat\u0142o. Wymiary wysoko\u015b\u0107: 24cm d\u0142ugo\u015b\u0107: 18cm szeroko\u015b\u0107: 10cm Zdj\u0119cia przedstawiaj\u0105 stan faktyczny przed Dodatkowe zdj\u0119cia [&hellip;]<\/p>\n","protected":false},"featured_media":53617,"template":"","meta":{"_seopress_robots_primary_cat":"","_seopress_titles_title":"","_seopress_titles_desc":"","_seopress_robots_index":"","site-sidebar-layout":"default","site-content-layout":"","ast-site-content-layout":"default","site-content-style":"default","site-sidebar-style":"default","ast-global-header-display":"","ast-banner-title-visibility":"","ast-main-header-display":"","ast-hfb-above-header-display":"","ast-hfb-below-header-display":"","ast-hfb-mobile-header-display":"","site-post-title":"","ast-breadcrumbs-content":"","ast-featured-img":"","footer-sml-layout":"","ast-disable-related-posts":"","theme-transparent-header-meta":"default","adv-header-id-meta":"","stick-header-meta":"default","header-above-stick-meta":"","header-main-stick-meta":"","header-below-stick-meta":"","astra-migrate-meta-layouts":"set","ast-page-background-enabled":"default","ast-page-background-meta":{"desktop":{"background-color":"var(--ast-global-color-4)","background-image":"","background-repeat":"repeat","background-position":"center center","background-size":"auto","background-attachment":"scroll","background-type":"","background-media":"","overlay-type":"","overlay-color":"","overlay-opacity":"","overlay-gradient":""},"tablet":{"background-color":"","background-image":"","background-repeat":"repeat","background-position":"center center","background-size":"auto","background-attachment":"scroll","background-type":"","background-media":"","overlay-type":"","overlay-color":"","overlay-opacity":"","overlay-gradient":""},"mobile":{"background-color":"","background-image":"","background-repeat":"repeat","background-position":"center center","background-size":"auto","background-attachment":"scroll","background-type":"","background-media":"","overlay-type":"","overlay-color":"","overlay-opacity":"","overlay-gradient":""}},"ast-content-background-meta":{"desktop":{"background-color":"var(--ast-global-color-5)","background-image":"","background-repeat":"repeat","background-position":"center center","background-size":"auto","background-attachment":"scroll","background-type":"","background-media":"","overlay-type":"","overlay-color":"","overlay-opacity":"","overlay-gradient":""},"tablet":{"background-color":"var(--ast-global-color-5)","background-image":"","background-repeat":"repeat","background-position":"center center","background-size":"auto","background-attachment":"scroll","background-type":"","background-media":"","overlay-type":"","overlay-color":"","overlay-opacity":"","overlay-gradient":""},"mobile":{"background-color":"var(--ast-global-color-5)","background-image":"","background-repeat":"repeat","background-position":"center center","background-size":"auto","background-attachment":"scroll","background-type":"","background-media":"","overlay-type":"","overlay-color":"","overlay-opacity":"","overlay-gradient":""}}},"product_brand":[],"product_cat":[40,30],"product_tag":[],"class_list":{"0":"post-53576","1":"product","2":"type-product","3":"status-publish","4":"has-post-thumbnail","6":"product_cat-lampy-stolowe","7":"product_cat-oswietlenie","8":"product_shipping_class-wysylka-40zl","9":"desktop-align-left","10":"tablet-align-left","11":"mobile-align-left","12":"ast-product-gallery-layout-vertical-slider","13":"ast-product-tabs-layout-horizontal","14":"ast-qv-on-image","16":"first","17":"instock","18":"sale","19":"sold-individually","20":"shipping-taxable","21":"purchasable","22":"product-type-simple"},"_links":{"self":[{"href":"https:\/\/antart.com.pl\/en\/wp-json\/wp\/v2\/product\/53576","targetHints":{"allow":["GET"]}}],"collection":[{"href":"https:\/\/antart.com.pl\/en\/wp-json\/wp\/v2\/product"}],"about":[{"href":"https:\/\/antart.com.pl\/en\/wp-json\/wp\/v2\/types\/product"}],"wp:featuredmedia":[{"embeddable":true,"href":"https:\/\/antart.com.pl\/en\/wp-json\/wp\/v2\/media\/53617"}],"wp:attachment":[{"href":"https:\/\/antart.com.pl\/en\/wp-json\/wp\/v2\/media?parent=53576"}],"wp:term":[{"taxonomy":"product_brand","embeddable":true,"href":"https:\/\/antart.com.pl\/en\/wp-json\/wp\/v2\/product_brand?post=53576"},{"taxonomy":"product_cat","embeddable":true,"href":"https:\/\/antart.com.pl\/en\/wp-json\/wp\/v2\/product_cat?post=53576"},{"taxonomy":"product_tag","embeddable":true,"href":"https:\/\/antart.com.pl\/en\/wp-json\/wp\/v2\/product_tag?post=53576"}],"curies":[{"name":"wp","href":"https:\/\/api.w.org\/{rel}","templated":true}]}}