{"id":53621,"date":"2025-11-28T17:27:59","date_gmt":"2025-11-28T16:27:59","guid":{"rendered":"https:\/\/antart.com.pl\/?post_type=product&#038;p=53621"},"modified":"2026-04-01T20:17:21","modified_gmt":"2026-04-01T18:17:21","slug":"armchair-leather-italian-girsburg-from-the-1960s","status":"publish","type":"product","link":"https:\/\/antart.com.pl\/en\/produkt\/krzeslo-fotel-skorzany-wloski-girsburg-z-lat-60-tych\/","title":{"rendered":"Chair, Italian Girsburg leather armchair from the 1960s"},"content":{"rendered":"<h4 style=\"text-align: center;\"><em><strong>Chair, Italian Girsburg leather armchair from the 1960s<\/strong><\/em><\/h4>\n<h4 style=\"text-align: center;\"><em><strong>A comfortable Italian-style leather armchair from the 1960s. It has distinctive quilting and an elegant design. A piece of furniture in good condition, suitable for use in a living room or study.<\/strong><\/em><\/h4>\n<h4 style=\"text-align: center;\"><em><strong>Armchair made of black natural leather on a chrome steel frame.<\/strong><\/em><\/h4>\n<h4><em><strong>Dimensions<\/strong><\/em><\/h4>\n<ul>\n<li>\n<h4><em><strong>height: 79cm<\/strong><\/em><\/h4>\n<\/li>\n<li>\n<h4><em><strong>width: 76cm<\/strong><\/em><\/h4>\n<\/li>\n<li>\n<h4><em><strong>depth: 80cm<\/strong><\/em><\/h4>\n<\/li>\n<li>\n<h4><em><strong>height to seat: 40cm<\/strong><\/em><\/h4>\n<\/li>\n<li>\n<h4><em><strong>seat depth: 52cm<\/strong><\/em><\/h4>\n<\/li>\n<li>\n<h4><em><strong>seat width: 60cm<\/strong><\/em><\/h4>\n<\/li>\n<\/ul>\n<h4><em><strong>I own 2 pieces.<\/strong><\/em><\/h4>\n<h4><em><strong>The price is for 1 piece.<\/strong><\/em><\/h4>\n<h4 style=\"text-align: center;\"><em><strong>NOTE!!!<\/strong><\/em><\/h4>\n<h4 style=\"text-align: center;\"><em><strong>For the sake of safe delivery, in some cases we organise bulk or individual shipping.<\/strong><\/em><\/h4>\n<h4 style=\"text-align: center;\"><em><strong>**************************************<\/strong><\/em><\/h4>\n<h4 style=\"text-align: center;\"><em><strong>The photos show the actual condition of the item Additional photos on request All our items on display are available in our warehouse. Can be viewed by appointment.<\/strong><\/em><\/h4>\n<h4><em><strong>Order no. 10378<\/strong><\/em><\/h4>","protected":false},"excerpt":{"rendered":"<p>Krzes\u0142o, fotel sk\u00f3rzany w\u0142oski Girsburg z lat 60-tych Wygodny fotel sk\u00f3rzany w stylu w\u0142oskim z lat 60-tych. Posiada charakterystyczne pikowanie i elegancki wygl\u0105d. Mebel w dobrym stanie, nadaje si\u0119 do u\u017cytku w salonie lub gabinecie. Fotel wykonany z czarnej sk\u00f3ry naturalnej na stela\u017cu\u00a0 ze stali chromowanej. Wymiary wysoko\u015b\u0107: 79cm szeroko\u015b\u0107:\u00a0 76cm g\u0142\u0119boko\u015b\u0107: 80cm wysoko\u015b\u0107 do [&hellip;]<\/p>\n","protected":false},"featured_media":53595,"template":"","meta":{"_seopress_robots_primary_cat":"","_seopress_titles_title":"","_seopress_titles_desc":"","_seopress_robots_index":"","site-sidebar-layout":"default","site-content-layout":"","ast-site-content-layout":"default","site-content-style":"default","site-sidebar-style":"default","ast-global-header-display":"","ast-banner-title-visibility":"","ast-main-header-display":"","ast-hfb-above-header-display":"","ast-hfb-below-header-display":"","ast-hfb-mobile-header-display":"","site-post-title":"","ast-breadcrumbs-content":"","ast-featured-img":"","footer-sml-layout":"","ast-disable-related-posts":"","theme-transparent-header-meta":"default","adv-header-id-meta":"","stick-header-meta":"default","header-above-stick-meta":"","header-main-stick-meta":"","header-below-stick-meta":"","astra-migrate-meta-layouts":"set","ast-page-background-enabled":"default","ast-page-background-meta":{"desktop":{"background-color":"var(--ast-global-color-4)","background-image":"","background-repeat":"repeat","background-position":"center center","background-size":"auto","background-attachment":"scroll","background-type":"","background-media":"","overlay-type":"","overlay-color":"","overlay-opacity":"","overlay-gradient":""},"tablet":{"background-color":"","background-image":"","background-repeat":"repeat","background-position":"center center","background-size":"auto","background-attachment":"scroll","background-type":"","background-media":"","overlay-type":"","overlay-color":"","overlay-opacity":"","overlay-gradient":""},"mobile":{"background-color":"","background-image":"","background-repeat":"repeat","background-position":"center center","background-size":"auto","background-attachment":"scroll","background-type":"","background-media":"","overlay-type":"","overlay-color":"","overlay-opacity":"","overlay-gradient":""}},"ast-content-background-meta":{"desktop":{"background-color":"var(--ast-global-color-5)","background-image":"","background-repeat":"repeat","background-position":"center center","background-size":"auto","background-attachment":"scroll","background-type":"","background-media":"","overlay-type":"","overlay-color":"","overlay-opacity":"","overlay-gradient":""},"tablet":{"background-color":"var(--ast-global-color-5)","background-image":"","background-repeat":"repeat","background-position":"center center","background-size":"auto","background-attachment":"scroll","background-type":"","background-media":"","overlay-type":"","overlay-color":"","overlay-opacity":"","overlay-gradient":""},"mobile":{"background-color":"var(--ast-global-color-5)","background-image":"","background-repeat":"repeat","background-position":"center center","background-size":"auto","background-attachment":"scroll","background-type":"","background-media":"","overlay-type":"","overlay-color":"","overlay-opacity":"","overlay-gradient":""}}},"product_brand":[],"product_cat":[39,32],"product_tag":[],"class_list":{"0":"post-53621","1":"product","2":"type-product","3":"status-publish","4":"has-post-thumbnail","6":"product_cat-fotele-puf","7":"product_cat-meble","8":"product_shipping_class-wysylka-120zl","9":"desktop-align-left","10":"tablet-align-left","11":"mobile-align-left","12":"ast-product-gallery-layout-vertical-slider","13":"ast-product-tabs-layout-horizontal","14":"ast-qv-on-image","16":"first","17":"instock","18":"sale","19":"shipping-taxable","20":"purchasable","21":"product-type-simple"},"_links":{"self":[{"href":"https:\/\/antart.com.pl\/en\/wp-json\/wp\/v2\/product\/53621","targetHints":{"allow":["GET"]}}],"collection":[{"href":"https:\/\/antart.com.pl\/en\/wp-json\/wp\/v2\/product"}],"about":[{"href":"https:\/\/antart.com.pl\/en\/wp-json\/wp\/v2\/types\/product"}],"wp:featuredmedia":[{"embeddable":true,"href":"https:\/\/antart.com.pl\/en\/wp-json\/wp\/v2\/media\/53595"}],"wp:attachment":[{"href":"https:\/\/antart.com.pl\/en\/wp-json\/wp\/v2\/media?parent=53621"}],"wp:term":[{"taxonomy":"product_brand","embeddable":true,"href":"https:\/\/antart.com.pl\/en\/wp-json\/wp\/v2\/product_brand?post=53621"},{"taxonomy":"product_cat","embeddable":true,"href":"https:\/\/antart.com.pl\/en\/wp-json\/wp\/v2\/product_cat?post=53621"},{"taxonomy":"product_tag","embeddable":true,"href":"https:\/\/antart.com.pl\/en\/wp-json\/wp\/v2\/product_tag?post=53621"}],"curies":[{"name":"wp","href":"https:\/\/api.w.org\/{rel}","templated":true}]}}