{"id":54536,"date":"2025-12-04T11:42:06","date_gmt":"2025-12-04T10:42:06","guid":{"rendered":"https:\/\/antart.com.pl\/?post_type=product&#038;p=54536"},"modified":"2025-12-04T11:42:07","modified_gmt":"2025-12-04T10:42:07","slug":"dzbanek-majolikowy-schramberg-tirol","status":"publish","type":"product","link":"https:\/\/antart.com.pl\/en\/produkt\/dzbanek-majolikowy-schramberg-tirol\/","title":{"rendered":"Majolica jug from Schramberg, Tyrol"},"content":{"rendered":"<h4 style=\"text-align: center;\"><em><b>Dzbanek na mleko wytworni Schrambergr Tirol. <\/b><b>Jest to wyr\u00f3b majolikowy. Typow\u0105 cech\u0105 wyrob\u00f3w majolikowych jest obecno\u015b\u0107 krakelury (drobnych sp\u0119ka\u0144 szkliwa) na powierzchni. Dzbanek r\u0119cznie malowany we wzory kwiatowe na jasnym tle, z zielonym, nakrapianym wyko\u0144czeniem przy g\u00f3rnej kraw\u0119dzi, na podstawie oraz uchwycie. \u015arodek dzbanka w czerwonym kolorze. Posiada p\u0119kni\u0119cie szkliwa oraz ma\u0142y uszczerbek na dzi\u00f3bku.<\/b><\/em><\/h4>\n<h4><\/h4>\n<h4><em><b>Dimensions<\/b><\/em><\/h4>\n<ul>\n<li>\n<h4><em><b>Height: 13cm.<\/b><\/em><\/h4>\n<\/li>\n<li>\n<h4><em><b>Width: 16cm.<\/b><\/em><\/h4>\n<\/li>\n<li>\n<h4><em><b>Top diameter: 11.5cm.<\/b><\/em><\/h4>\n<\/li>\n<li>\n<h4><em><b>Base diameter: 12cm.<\/b><\/em><\/h4>\n<\/li>\n<li>\n<h4><em><b>Volume: 700ml.<\/b><\/em><\/h4>\n<\/li>\n<\/ul>\n<h4 style=\"text-align: center;\"><em><b>The photos show the actual state of the object<\/b><\/em><\/h4>\n<h4 style=\"text-align: center;\"><em><b>Additional photos upon request<\/b><\/em><\/h4>\n<h4 style=\"text-align: center;\"><em><b>All our items on display are available in our warehouse.<\/b><\/em><\/h4>\n<h4 style=\"text-align: center;\"><em><b>Can be viewed by appointment.<\/b><\/em><\/h4>\n<h4><\/h4>\n<h4><em><b>Nr. 6248<\/b><\/em><\/h4>","protected":false},"excerpt":{"rendered":"<p>Dzbanek na mleko wytworni Schrambergr Tirol. Jest to wyr\u00f3b majolikowy. Typow\u0105 cech\u0105 wyrob\u00f3w majolikowych jest obecno\u015b\u0107 krakelury (drobnych sp\u0119ka\u0144 szkliwa) na powierzchni. Dzbanek r\u0119cznie malowany we wzory kwiatowe na jasnym tle, z zielonym, nakrapianym wyko\u0144czeniem przy g\u00f3rnej kraw\u0119dzi, na podstawie oraz uchwycie. \u015arodek dzbanka w czerwonym kolorze. Posiada p\u0119kni\u0119cie szkliwa oraz ma\u0142y uszczerbek na dzi\u00f3bku. [&hellip;]<\/p>\n","protected":false},"featured_media":54538,"template":"","meta":{"_seopress_robots_primary_cat":"","_seopress_titles_title":"","_seopress_titles_desc":"","_seopress_robots_index":"","site-sidebar-layout":"default","site-content-layout":"","ast-site-content-layout":"default","site-content-style":"default","site-sidebar-style":"default","ast-global-header-display":"","ast-banner-title-visibility":"","ast-main-header-display":"","ast-hfb-above-header-display":"","ast-hfb-below-header-display":"","ast-hfb-mobile-header-display":"","site-post-title":"","ast-breadcrumbs-content":"","ast-featured-img":"","footer-sml-layout":"","ast-disable-related-posts":"","theme-transparent-header-meta":"default","adv-header-id-meta":"","stick-header-meta":"default","header-above-stick-meta":"","header-main-stick-meta":"","header-below-stick-meta":"","astra-migrate-meta-layouts":"set","ast-page-background-enabled":"default","ast-page-background-meta":{"desktop":{"background-color":"var(--ast-global-color-4)","background-image":"","background-repeat":"repeat","background-position":"center center","background-size":"auto","background-attachment":"scroll","background-type":"","background-media":"","overlay-type":"","overlay-color":"","overlay-opacity":"","overlay-gradient":""},"tablet":{"background-color":"","background-image":"","background-repeat":"repeat","background-position":"center center","background-size":"auto","background-attachment":"scroll","background-type":"","background-media":"","overlay-type":"","overlay-color":"","overlay-opacity":"","overlay-gradient":""},"mobile":{"background-color":"","background-image":"","background-repeat":"repeat","background-position":"center center","background-size":"auto","background-attachment":"scroll","background-type":"","background-media":"","overlay-type":"","overlay-color":"","overlay-opacity":"","overlay-gradient":""}},"ast-content-background-meta":{"desktop":{"background-color":"var(--ast-global-color-5)","background-image":"","background-repeat":"repeat","background-position":"center center","background-size":"auto","background-attachment":"scroll","background-type":"","background-media":"","overlay-type":"","overlay-color":"","overlay-opacity":"","overlay-gradient":""},"tablet":{"background-color":"var(--ast-global-color-5)","background-image":"","background-repeat":"repeat","background-position":"center center","background-size":"auto","background-attachment":"scroll","background-type":"","background-media":"","overlay-type":"","overlay-color":"","overlay-opacity":"","overlay-gradient":""},"mobile":{"background-color":"var(--ast-global-color-5)","background-image":"","background-repeat":"repeat","background-position":"center center","background-size":"auto","background-attachment":"scroll","background-type":"","background-media":"","overlay-type":"","overlay-color":"","overlay-opacity":"","overlay-gradient":""}}},"product_brand":[],"product_cat":[68,24],"product_tag":[],"class_list":{"0":"post-54536","1":"product","2":"type-product","3":"status-publish","4":"has-post-thumbnail","6":"product_cat-dzbanki-mleczniki-cukiernice","7":"product_cat-kuchnia","8":"product_shipping_class-wysylka-19zl","9":"desktop-align-left","10":"tablet-align-left","11":"mobile-align-left","12":"ast-product-gallery-layout-vertical-slider","13":"ast-product-tabs-layout-horizontal","14":"ast-qv-on-image","16":"first","17":"instock","18":"sold-individually","19":"shipping-taxable","20":"purchasable","21":"product-type-simple"},"_links":{"self":[{"href":"https:\/\/antart.com.pl\/en\/wp-json\/wp\/v2\/product\/54536","targetHints":{"allow":["GET"]}}],"collection":[{"href":"https:\/\/antart.com.pl\/en\/wp-json\/wp\/v2\/product"}],"about":[{"href":"https:\/\/antart.com.pl\/en\/wp-json\/wp\/v2\/types\/product"}],"wp:featuredmedia":[{"embeddable":true,"href":"https:\/\/antart.com.pl\/en\/wp-json\/wp\/v2\/media\/54538"}],"wp:attachment":[{"href":"https:\/\/antart.com.pl\/en\/wp-json\/wp\/v2\/media?parent=54536"}],"wp:term":[{"taxonomy":"product_brand","embeddable":true,"href":"https:\/\/antart.com.pl\/en\/wp-json\/wp\/v2\/product_brand?post=54536"},{"taxonomy":"product_cat","embeddable":true,"href":"https:\/\/antart.com.pl\/en\/wp-json\/wp\/v2\/product_cat?post=54536"},{"taxonomy":"product_tag","embeddable":true,"href":"https:\/\/antart.com.pl\/en\/wp-json\/wp\/v2\/product_tag?post=54536"}],"curies":[{"name":"wp","href":"https:\/\/api.w.org\/{rel}","templated":true}]}}