{"id":54850,"date":"2025-12-05T08:17:55","date_gmt":"2025-12-05T07:17:55","guid":{"rendered":"https:\/\/antart.com.pl\/?post_type=product&#038;p=54850"},"modified":"2025-12-05T08:17:56","modified_gmt":"2025-12-05T07:17:56","slug":"decorative-bowl-basket-wllendorf","status":"publish","type":"product","link":"https:\/\/antart.com.pl\/en\/produkt\/koszyczek-misa-dekoracyjna-wllendorf\/","title":{"rendered":"Basket, decorative bowl Wllendorf"},"content":{"rendered":"<h4 style=\"text-align: center;\"><em><b>A decorative bowl by Wallendorf, made of high-quality white porcelain. The bowl is a rare find, characterised by its openwork structure. It has gilded edges, golden finials in the form of balls and delicate floral decorations in shades of pink. There is some wear on the gilding.<\/b><\/em><\/h4>\n<h4><\/h4>\n<h4><em><b>Dimensions<\/b><\/em><\/h4>\n<ul>\n<li>\n<h4><em><b>Height: 4.5cm.<\/b><\/em><\/h4>\n<\/li>\n<li>\n<h4><em><b>Diameter: 12.5cm.<\/b><\/em><\/h4>\n<\/li>\n<\/ul>\n<h4 style=\"text-align: center;\"><em><b>The photos show the actual state of the object<\/b><\/em><\/h4>\n<h4 style=\"text-align: center;\"><em><b>Additional photos upon request<\/b><\/em><\/h4>\n<h4 style=\"text-align: center;\"><em><b>All our items on display are available in our warehouse.<\/b><\/em><\/h4>\n<h4 style=\"text-align: center;\"><em><b>Can be viewed by appointment.<\/b><\/em><\/h4>\n<h4><\/h4>\n<h4><em><b>No. 6280<\/b><\/em><\/h4>","protected":false},"excerpt":{"rendered":"<p>Koszyczek , misa dekoracyjna wytw\u00f3rni Wallendorf , wykonana z wysokiej jako\u015bci bia\u0142ej porcelany. Misa jest rzadkim znaleziskiem, charakteryzuje si\u0119 a\u017curow\u0105 struktur\u0105 \u015bcianek. Posiada z\u0142ocone kraw\u0119dzie, z\u0142ote zwienczenia w formie kulek oraz delikatne, kwiatowe zdobienia w odcieniach r\u00f3\u017cu. Posiada przetarcia na z\u0142oceniu. Wymiary Wysoko\u015b\u0107: 4,5cm. \u015arednica: 12,5cm. Zdj\u0119cia przedstawiaj\u0105 stan faktyczny przedmiotu Dodatkowe zdj\u0119cia na pro\u015bb\u0119 [&hellip;]<\/p>\n","protected":false},"featured_media":54853,"template":"","meta":{"_seopress_robots_primary_cat":"","_seopress_titles_title":"","_seopress_titles_desc":"","_seopress_robots_index":"","site-sidebar-layout":"default","site-content-layout":"","ast-site-content-layout":"default","site-content-style":"default","site-sidebar-style":"default","ast-global-header-display":"","ast-banner-title-visibility":"","ast-main-header-display":"","ast-hfb-above-header-display":"","ast-hfb-below-header-display":"","ast-hfb-mobile-header-display":"","site-post-title":"","ast-breadcrumbs-content":"","ast-featured-img":"","footer-sml-layout":"","ast-disable-related-posts":"","theme-transparent-header-meta":"default","adv-header-id-meta":"","stick-header-meta":"default","header-above-stick-meta":"","header-main-stick-meta":"","header-below-stick-meta":"","astra-migrate-meta-layouts":"set","ast-page-background-enabled":"default","ast-page-background-meta":{"desktop":{"background-color":"var(--ast-global-color-4)","background-image":"","background-repeat":"repeat","background-position":"center center","background-size":"auto","background-attachment":"scroll","background-type":"","background-media":"","overlay-type":"","overlay-color":"","overlay-opacity":"","overlay-gradient":""},"tablet":{"background-color":"","background-image":"","background-repeat":"repeat","background-position":"center center","background-size":"auto","background-attachment":"scroll","background-type":"","background-media":"","overlay-type":"","overlay-color":"","overlay-opacity":"","overlay-gradient":""},"mobile":{"background-color":"","background-image":"","background-repeat":"repeat","background-position":"center center","background-size":"auto","background-attachment":"scroll","background-type":"","background-media":"","overlay-type":"","overlay-color":"","overlay-opacity":"","overlay-gradient":""}},"ast-content-background-meta":{"desktop":{"background-color":"var(--ast-global-color-5)","background-image":"","background-repeat":"repeat","background-position":"center center","background-size":"auto","background-attachment":"scroll","background-type":"","background-media":"","overlay-type":"","overlay-color":"","overlay-opacity":"","overlay-gradient":""},"tablet":{"background-color":"var(--ast-global-color-5)","background-image":"","background-repeat":"repeat","background-position":"center center","background-size":"auto","background-attachment":"scroll","background-type":"","background-media":"","overlay-type":"","overlay-color":"","overlay-opacity":"","overlay-gradient":""},"mobile":{"background-color":"var(--ast-global-color-5)","background-image":"","background-repeat":"repeat","background-position":"center center","background-size":"auto","background-attachment":"scroll","background-type":"","background-media":"","overlay-type":"","overlay-color":"","overlay-opacity":"","overlay-gradient":""}}},"product_brand":[],"product_cat":[82,27,24,62,45,91],"product_tag":[],"class_list":{"0":"post-54850","1":"product","2":"type-product","3":"status-publish","4":"has-post-thumbnail","6":"product_cat-bombonierki","7":"product_cat-dekoracyjne","8":"product_cat-kuchnia","9":"product_cat-misy-miseczki","10":"product_cat-pozostale-dekoracyjne","11":"product_cat-szkatulki","12":"product_shipping_class-wysylka-19zl","13":"desktop-align-left","14":"tablet-align-left","15":"mobile-align-left","16":"ast-product-gallery-layout-vertical-slider","17":"ast-product-tabs-layout-horizontal","18":"ast-qv-on-image","20":"first","21":"instock","22":"sold-individually","23":"shipping-taxable","24":"purchasable","25":"product-type-simple"},"_links":{"self":[{"href":"https:\/\/antart.com.pl\/en\/wp-json\/wp\/v2\/product\/54850","targetHints":{"allow":["GET"]}}],"collection":[{"href":"https:\/\/antart.com.pl\/en\/wp-json\/wp\/v2\/product"}],"about":[{"href":"https:\/\/antart.com.pl\/en\/wp-json\/wp\/v2\/types\/product"}],"wp:featuredmedia":[{"embeddable":true,"href":"https:\/\/antart.com.pl\/en\/wp-json\/wp\/v2\/media\/54853"}],"wp:attachment":[{"href":"https:\/\/antart.com.pl\/en\/wp-json\/wp\/v2\/media?parent=54850"}],"wp:term":[{"taxonomy":"product_brand","embeddable":true,"href":"https:\/\/antart.com.pl\/en\/wp-json\/wp\/v2\/product_brand?post=54850"},{"taxonomy":"product_cat","embeddable":true,"href":"https:\/\/antart.com.pl\/en\/wp-json\/wp\/v2\/product_cat?post=54850"},{"taxonomy":"product_tag","embeddable":true,"href":"https:\/\/antart.com.pl\/en\/wp-json\/wp\/v2\/product_tag?post=54850"}],"curies":[{"name":"wp","href":"https:\/\/api.w.org\/{rel}","templated":true}]}}