{"id":55163,"date":"2025-12-09T09:21:24","date_gmt":"2025-12-09T08:21:24","guid":{"rendered":"https:\/\/antart.com.pl\/?post_type=product&#038;p=55163"},"modified":"2025-12-09T09:21:25","modified_gmt":"2025-12-09T08:21:25","slug":"talerz-dekoracyjny-jasba-lata-50te","status":"publish","type":"product","link":"https:\/\/antart.com.pl\/en\/produkt\/talerz-dekoracyjny-jasba-lata-50te\/","title":{"rendered":"Jasba decorative plate from the 1950s."},"content":{"rendered":"<h4 style=\"text-align: center;\"><em><b>Talerz dekoracyjny wytw\u00f3rni Jasba z Ransbach Baumbach z lat 50tych XXw., wykonana z wysokiej jako\u015bci ceramiki. Talerz o asymetrycznym kszta\u0142cie. Dekorowany dekoracj\u0105 \u201eJaspatina\u201d ze z\u0142otymi, wypalonymi p\u0142omieniami. Talerz malowany jest na ciemniejszy matowy kolor zielono-niebieski, a nast\u0119pnie pokryty ja\u015bniejsza zielono-niebiesk\u0105 glazur\u0105, wyko\u0144czony z\u0142oceniem na rancie. Posiada ma\u0142e przetarcie na z\u0142oceniu.<\/b><\/em><\/h4>\n<h4><\/h4>\n<h4><em><b>Dimensions<\/b><\/em><\/h4>\n<ul>\n<li>\n<h4><em><b>Height: 4cm.<\/b><\/em><\/h4>\n<\/li>\n<li>\n<h4><em><b>Diameter: 20.5cm.<\/b><\/em><\/h4>\n<\/li>\n<\/ul>\n<h4 style=\"text-align: center;\"><em><b>The photos show the actual state of the object<\/b><\/em><\/h4>\n<h4 style=\"text-align: center;\"><em><b>Additional photos upon request<\/b><\/em><\/h4>\n<h4 style=\"text-align: center;\"><em><b>All our items on display are available in our warehouse.<\/b><\/em><\/h4>\n<h4 style=\"text-align: center;\"><em><b>Can be viewed by appointment.<\/b><\/em><\/h4>\n<h4 style=\"text-align: center;\"><\/h4>\n<h4><em><b>Nr. 6290<\/b><\/em><\/h4>","protected":false},"excerpt":{"rendered":"<p>Talerz dekoracyjny wytw\u00f3rni Jasba z Ransbach Baumbach z lat 50tych XXw., wykonana z wysokiej jako\u015bci ceramiki. Talerz o asymetrycznym kszta\u0142cie. Dekorowany dekoracj\u0105 \u201eJaspatina\u201d ze z\u0142otymi, wypalonymi p\u0142omieniami. Talerz malowany jest na ciemniejszy matowy kolor zielono-niebieski, a nast\u0119pnie pokryty ja\u015bniejsza zielono-niebiesk\u0105 glazur\u0105, wyko\u0144czony z\u0142oceniem na rancie. Posiada ma\u0142e przetarcie na z\u0142oceniu. Wymiary Wysoko\u015b\u0107: 4cm. \u015arednica: 20,5cm. [&hellip;]<\/p>\n","protected":false},"featured_media":55169,"template":"","meta":{"_seopress_robots_primary_cat":"","_seopress_titles_title":"","_seopress_titles_desc":"","_seopress_robots_index":"","site-sidebar-layout":"default","site-content-layout":"","ast-site-content-layout":"default","site-content-style":"default","site-sidebar-style":"default","ast-global-header-display":"","ast-banner-title-visibility":"","ast-main-header-display":"","ast-hfb-above-header-display":"","ast-hfb-below-header-display":"","ast-hfb-mobile-header-display":"","site-post-title":"","ast-breadcrumbs-content":"","ast-featured-img":"","footer-sml-layout":"","ast-disable-related-posts":"","theme-transparent-header-meta":"default","adv-header-id-meta":"","stick-header-meta":"default","header-above-stick-meta":"","header-main-stick-meta":"","header-below-stick-meta":"","astra-migrate-meta-layouts":"set","ast-page-background-enabled":"default","ast-page-background-meta":{"desktop":{"background-color":"var(--ast-global-color-4)","background-image":"","background-repeat":"repeat","background-position":"center center","background-size":"auto","background-attachment":"scroll","background-type":"","background-media":"","overlay-type":"","overlay-color":"","overlay-opacity":"","overlay-gradient":""},"tablet":{"background-color":"","background-image":"","background-repeat":"repeat","background-position":"center center","background-size":"auto","background-attachment":"scroll","background-type":"","background-media":"","overlay-type":"","overlay-color":"","overlay-opacity":"","overlay-gradient":""},"mobile":{"background-color":"","background-image":"","background-repeat":"repeat","background-position":"center center","background-size":"auto","background-attachment":"scroll","background-type":"","background-media":"","overlay-type":"","overlay-color":"","overlay-opacity":"","overlay-gradient":""}},"ast-content-background-meta":{"desktop":{"background-color":"var(--ast-global-color-5)","background-image":"","background-repeat":"repeat","background-position":"center center","background-size":"auto","background-attachment":"scroll","background-type":"","background-media":"","overlay-type":"","overlay-color":"","overlay-opacity":"","overlay-gradient":""},"tablet":{"background-color":"var(--ast-global-color-5)","background-image":"","background-repeat":"repeat","background-position":"center center","background-size":"auto","background-attachment":"scroll","background-type":"","background-media":"","overlay-type":"","overlay-color":"","overlay-opacity":"","overlay-gradient":""},"mobile":{"background-color":"var(--ast-global-color-5)","background-image":"","background-repeat":"repeat","background-position":"center center","background-size":"auto","background-attachment":"scroll","background-type":"","background-media":"","overlay-type":"","overlay-color":"","overlay-opacity":"","overlay-gradient":""}}},"product_brand":[],"product_cat":[24,46],"product_tag":[],"class_list":{"0":"post-55163","1":"product","2":"type-product","3":"status-publish","4":"has-post-thumbnail","6":"product_cat-kuchnia","7":"product_cat-talerze-patery","8":"desktop-align-left","9":"tablet-align-left","10":"mobile-align-left","11":"ast-product-gallery-layout-vertical-slider","12":"ast-product-tabs-layout-horizontal","13":"ast-qv-on-image","15":"first","16":"instock","17":"shipping-taxable","18":"product-type-simple"},"_links":{"self":[{"href":"https:\/\/antart.com.pl\/en\/wp-json\/wp\/v2\/product\/55163","targetHints":{"allow":["GET"]}}],"collection":[{"href":"https:\/\/antart.com.pl\/en\/wp-json\/wp\/v2\/product"}],"about":[{"href":"https:\/\/antart.com.pl\/en\/wp-json\/wp\/v2\/types\/product"}],"wp:featuredmedia":[{"embeddable":true,"href":"https:\/\/antart.com.pl\/en\/wp-json\/wp\/v2\/media\/55169"}],"wp:attachment":[{"href":"https:\/\/antart.com.pl\/en\/wp-json\/wp\/v2\/media?parent=55163"}],"wp:term":[{"taxonomy":"product_brand","embeddable":true,"href":"https:\/\/antart.com.pl\/en\/wp-json\/wp\/v2\/product_brand?post=55163"},{"taxonomy":"product_cat","embeddable":true,"href":"https:\/\/antart.com.pl\/en\/wp-json\/wp\/v2\/product_cat?post=55163"},{"taxonomy":"product_tag","embeddable":true,"href":"https:\/\/antart.com.pl\/en\/wp-json\/wp\/v2\/product_tag?post=55163"}],"curies":[{"name":"wp","href":"https:\/\/api.w.org\/{rel}","templated":true}]}}