{"id":55462,"date":"2025-12-10T13:38:59","date_gmt":"2025-12-10T12:38:59","guid":{"rendered":"https:\/\/antart.com.pl\/?post_type=product&#038;p=55462"},"modified":"2025-12-10T13:39:00","modified_gmt":"2025-12-10T12:39:00","slug":"antyczna-patera-dekoracyjna-krolewska-konigszeit","status":"publish","type":"product","link":"https:\/\/antart.com.pl\/en\/produkt\/antyczna-patera-dekoracyjna-krolewska-konigszeit\/","title":{"rendered":"Antique decorative royal platter K\u00f6nigszeit"},"content":{"rendered":"<h4 style=\"text-align: center;\"><b>Antyczna patera dekoracyjna kr\u00f3lewskiej manufaktury K\u00f6nigszeit, wykonana z najwy\u017cszej jako\u015bci bia\u0142ej porcelany. Patera charakteryzuje si\u0119 dwoma dekoracyjnymi uchwytami zdobionymi z\u0142oceniem, r\u0119cznie malowanym ciemnym, ornamentalnym wzorem stylizowanym motywem kwiatowym i ro\u015blinnym oraz z\u0142otymi akcentami. Patera wyko\u0144czona jest z\u0142oceniem na rancie. Posiada przetarcie na z\u0142oceniu.<\/b><\/h4>\n<h4><\/h4>\n<h4><b>Dimensions<\/b><\/h4>\n<ul>\n<li>\n<h4><b>Height: 3.5cm.<\/b><\/h4>\n<\/li>\n<li>\n<h4><b>Diameter: 27cm.<\/b><\/h4>\n<\/li>\n<\/ul>\n<h4 style=\"text-align: center;\"><b>The photos show the actual state of the object<\/b><\/h4>\n<h4 style=\"text-align: center;\"><b>Additional photos upon request<\/b><\/h4>\n<h4 style=\"text-align: center;\"><b>All our items on display are available in our warehouse.<\/b><\/h4>\n<h4 style=\"text-align: center;\"><b>Can be viewed by appointment.<\/b><\/h4>\n<h4 style=\"text-align: center;\"><\/h4>\n<h4><b>Nr. 6322<\/b><\/h4>","protected":false},"excerpt":{"rendered":"<p>Antyczna patera dekoracyjna kr\u00f3lewskiej manufaktury K\u00f6nigszeit, wykonana z najwy\u017cszej jako\u015bci bia\u0142ej porcelany. Patera charakteryzuje si\u0119 dwoma dekoracyjnymi uchwytami zdobionymi z\u0142oceniem, r\u0119cznie malowanym ciemnym, ornamentalnym wzorem stylizowanym motywem kwiatowym i ro\u015blinnym oraz z\u0142otymi akcentami. Patera wyko\u0144czona jest z\u0142oceniem na rancie. Posiada przetarcie na z\u0142oceniu. Wymiary Wysoko\u015b\u0107: 3,5cm. \u015arednica: 27cm. Zdj\u0119cia przedstawiaj\u0105 stan faktyczny przedmiotu Dodatkowe zdj\u0119cia [&hellip;]<\/p>\n","protected":false},"featured_media":55464,"template":"","meta":{"_seopress_robots_primary_cat":"","_seopress_titles_title":"","_seopress_titles_desc":"","_seopress_robots_index":"","site-sidebar-layout":"default","site-content-layout":"","ast-site-content-layout":"default","site-content-style":"default","site-sidebar-style":"default","ast-global-header-display":"","ast-banner-title-visibility":"","ast-main-header-display":"","ast-hfb-above-header-display":"","ast-hfb-below-header-display":"","ast-hfb-mobile-header-display":"","site-post-title":"","ast-breadcrumbs-content":"","ast-featured-img":"","footer-sml-layout":"","ast-disable-related-posts":"","theme-transparent-header-meta":"default","adv-header-id-meta":"","stick-header-meta":"default","header-above-stick-meta":"","header-main-stick-meta":"","header-below-stick-meta":"","astra-migrate-meta-layouts":"set","ast-page-background-enabled":"default","ast-page-background-meta":{"desktop":{"background-color":"var(--ast-global-color-4)","background-image":"","background-repeat":"repeat","background-position":"center center","background-size":"auto","background-attachment":"scroll","background-type":"","background-media":"","overlay-type":"","overlay-color":"","overlay-opacity":"","overlay-gradient":""},"tablet":{"background-color":"","background-image":"","background-repeat":"repeat","background-position":"center center","background-size":"auto","background-attachment":"scroll","background-type":"","background-media":"","overlay-type":"","overlay-color":"","overlay-opacity":"","overlay-gradient":""},"mobile":{"background-color":"","background-image":"","background-repeat":"repeat","background-position":"center center","background-size":"auto","background-attachment":"scroll","background-type":"","background-media":"","overlay-type":"","overlay-color":"","overlay-opacity":"","overlay-gradient":""}},"ast-content-background-meta":{"desktop":{"background-color":"var(--ast-global-color-5)","background-image":"","background-repeat":"repeat","background-position":"center center","background-size":"auto","background-attachment":"scroll","background-type":"","background-media":"","overlay-type":"","overlay-color":"","overlay-opacity":"","overlay-gradient":""},"tablet":{"background-color":"var(--ast-global-color-5)","background-image":"","background-repeat":"repeat","background-position":"center center","background-size":"auto","background-attachment":"scroll","background-type":"","background-media":"","overlay-type":"","overlay-color":"","overlay-opacity":"","overlay-gradient":""},"mobile":{"background-color":"var(--ast-global-color-5)","background-image":"","background-repeat":"repeat","background-position":"center center","background-size":"auto","background-attachment":"scroll","background-type":"","background-media":"","overlay-type":"","overlay-color":"","overlay-opacity":"","overlay-gradient":""}}},"product_brand":[],"product_cat":[24,46],"product_tag":[],"class_list":{"0":"post-55462","1":"product","2":"type-product","3":"status-publish","4":"has-post-thumbnail","6":"product_cat-kuchnia","7":"product_cat-talerze-patery","8":"product_shipping_class-wysylka-19zl","9":"desktop-align-left","10":"tablet-align-left","11":"mobile-align-left","12":"ast-product-gallery-layout-vertical-slider","13":"ast-product-tabs-layout-horizontal","14":"ast-qv-on-image","16":"first","17":"instock","18":"sold-individually","19":"shipping-taxable","20":"purchasable","21":"product-type-simple"},"_links":{"self":[{"href":"https:\/\/antart.com.pl\/en\/wp-json\/wp\/v2\/product\/55462","targetHints":{"allow":["GET"]}}],"collection":[{"href":"https:\/\/antart.com.pl\/en\/wp-json\/wp\/v2\/product"}],"about":[{"href":"https:\/\/antart.com.pl\/en\/wp-json\/wp\/v2\/types\/product"}],"wp:featuredmedia":[{"embeddable":true,"href":"https:\/\/antart.com.pl\/en\/wp-json\/wp\/v2\/media\/55464"}],"wp:attachment":[{"href":"https:\/\/antart.com.pl\/en\/wp-json\/wp\/v2\/media?parent=55462"}],"wp:term":[{"taxonomy":"product_brand","embeddable":true,"href":"https:\/\/antart.com.pl\/en\/wp-json\/wp\/v2\/product_brand?post=55462"},{"taxonomy":"product_cat","embeddable":true,"href":"https:\/\/antart.com.pl\/en\/wp-json\/wp\/v2\/product_cat?post=55462"},{"taxonomy":"product_tag","embeddable":true,"href":"https:\/\/antart.com.pl\/en\/wp-json\/wp\/v2\/product_tag?post=55462"}],"curies":[{"name":"wp","href":"https:\/\/api.w.org\/{rel}","templated":true}]}}